{"id":660,"date":"2024-05-21T14:34:48","date_gmt":"2024-05-21T20:34:48","guid":{"rendered":"http:\/\/138.128.188.138\/~obssoluciones\/?post_type=product&#038;p=660"},"modified":"2025-04-24T11:40:31","modified_gmt":"2025-04-24T17:40:31","slug":"sikatop-144","status":"publish","type":"product","link":"https:\/\/obssoluciones.com\/main\/producto\/sikatop-144\/","title":{"rendered":"SikaTop -144"},"content":{"rendered":"<p><strong>DESCRIPCI\u00d3N<\/strong><\/p>\n<p>Mortero para recubrir, de dos componentes, modificado con polimeros.\u00a0Dise\u00f1ado para usarse en sustratos de concreto, mortero y mamposter\u00eda. Se aplica f\u00e1cilmente con brocha, rodillo o equipo de pulverizaci\u00f3n. Este revestimiento de textura fina y resistente a la abrasi\u00f3n se usa para proteger contra las sales de deshielo, para impermeabilizar \/ protecci\u00f3n contra la humedad y como recubrimiento decorativo.<\/p>\n<p><strong>USOS<\/strong><\/p>\n<ul>\n<li>Utilizar en superficies horizontales, verticales y plafones, tanto interiores como exteriores.<\/li>\n<li>Tanques de agua potable.<\/li>\n<li>Como revestimiento sobre concreto reci\u00e9n reparado para proporcionar una apariencia monol\u00edtica \/ uniforme.<\/li>\n<li>\u00daselo como una capa protectora para reducir el efecto de la sal de deshielo en el concreto.<\/li>\n<li>Utilizar como una capa protectora para impermeabilizaci\u00f3n, protecci\u00f3n contra la humedad y resistencia mejorada a la intemperie.<\/li>\n<\/ul>\n<p><strong><span style=\"font-size: 16px;\">VENTAJAS<\/span><\/strong><\/p>\n<ul>\n<li>Excelente adherencia a diferentes materiales de la construcci\u00f3n.<\/li>\n<li>Resistente a la intemperie y ambiente salino.<\/li>\n<li>Pre-dosificado, es decir, se controlan las caracter\u00edsticas y propiedades finales de la mezcla.<\/li>\n<li>Excelente durabilidad en todos los climas.<\/li>\n<li>Permite que las superficies respiren.<\/li>\n<li>F\u00e1cil de aplicar con rodillo o brocha.<\/li>\n<li>Aprobado para uso en contacto con agua potable.<\/li>\n<\/ul>\n<p><span style=\"color: #00f0ff;\"><strong><a style=\"color: #00f0ff;\" href=\"https:\/\/obssoluciones.com\/main\/wp-content\/uploads\/2024\/05\/SIKATOP-144.pdf\">FICHA T\u00c9CNICA<\/a><\/strong><\/span><\/p>\n<p><span style=\"color: #00f0ff;\"><strong><a style=\"color: #00f0ff;\" href=\"https:\/\/obssoluciones.com\/main\/wp-content\/uploads\/2024\/05\/SIKATOP-144-1.pdf\">SIKA GU\u00cdA<\/a><\/strong><\/span><\/p>\n<p>&nbsp;<\/p>\n<p>&nbsp;<\/p>\n","protected":false},"excerpt":{"rendered":"<p>Mortero para recubrir, de dos componentes, modificado con polimeros.\u00a0Dise\u00f1ado para usarse en sustratos de concreto, mortero y mamposter\u00eda. Se aplica f\u00e1cilmente con brocha, rodillo o equipo de pulverizaci\u00f3n. Este revestimiento de textura fina y resistente a la abrasi\u00f3n se usa para proteger contra las sales de deshielo, para impermeabilizar \/ protecci\u00f3n contra la humedad y como recubrimiento decorativo.<\/p>\n","protected":false},"featured_media":2730,"comment_status":"open","ping_status":"closed","template":"","meta":{"_uag_custom_page_level_css":"","site-sidebar-layout":"default","site-content-layout":"","ast-site-content-layout":"default","site-content-style":"default","site-sidebar-style":"default","ast-global-header-display":"","ast-banner-title-visibility":"","ast-main-header-display":"","ast-hfb-above-header-display":"","ast-hfb-below-header-display":"","ast-hfb-mobile-header-display":"","site-post-title":"","ast-breadcrumbs-content":"","ast-featured-img":"","footer-sml-layout":"","ast-disable-related-posts":"","theme-transparent-header-meta":"default","adv-header-id-meta":"","stick-header-meta":"","header-above-stick-meta":"","header-main-stick-meta":"","header-below-stick-meta":"","astra-migrate-meta-layouts":"set","ast-page-background-enabled":"default","ast-page-background-meta":{"desktop":{"background-color":"","background-image":"","background-repeat":"repeat","background-position":"center center","background-size":"auto","background-attachment":"scroll","background-type":"","background-media":"","overlay-type":"","overlay-color":"","overlay-opacity":"","overlay-gradient":""},"tablet":{"background-color":"","background-image":"","background-repeat":"repeat","background-position":"center center","background-size":"auto","background-attachment":"scroll","background-type":"","background-media":"","overlay-type":"","overlay-color":"","overlay-opacity":"","overlay-gradient":""},"mobile":{"background-color":"","background-image":"","background-repeat":"repeat","background-position":"center center","background-size":"auto","background-attachment":"scroll","background-type":"","background-media":"","overlay-type":"","overlay-color":"","overlay-opacity":"","overlay-gradient":""}},"ast-content-background-meta":{"desktop":{"background-color":"var(--ast-global-color-5)","background-image":"","background-repeat":"repeat","background-position":"center center","background-size":"auto","background-attachment":"scroll","background-type":"","background-media":"","overlay-type":"","overlay-color":"","overlay-opacity":"","overlay-gradient":""},"tablet":{"background-color":"var(--ast-global-color-5)","background-image":"","background-repeat":"repeat","background-position":"center center","background-size":"auto","background-attachment":"scroll","background-type":"","background-media":"","overlay-type":"","overlay-color":"","overlay-opacity":"","overlay-gradient":""},"mobile":{"background-color":"var(--ast-global-color-5)","background-image":"","background-repeat":"repeat","background-position":"center center","background-size":"auto","background-attachment":"scroll","background-type":"","background-media":"","overlay-type":"","overlay-color":"","overlay-opacity":"","overlay-gradient":""}}},"product_brand":[],"product_cat":[28,30,38],"product_tag":[],"class_list":{"0":"post-660","1":"product","2":"type-product","3":"status-publish","4":"has-post-thumbnail","6":"product_cat-sin-categorizar","7":"product_cat-sika","8":"product_cat-morteros-listos","9":"desktop-align-left","10":"tablet-align-left","11":"mobile-align-left","12":"ast-product-gallery-layout-horizontal-slider","13":"ast-product-gallery-with-no-image","14":"ast-magnify-disabled","15":"ast-product-tabs-layout-horizontal","17":"first","18":"instock","19":"shipping-taxable","20":"product-type-simple"},"yoast_head":"<!-- This site is optimized with the Yoast SEO plugin v27.3 - https:\/\/yoast.com\/product\/yoast-seo-wordpress\/ -->\n<title>SikaTop -144 - OBS Soluciones<\/title>\n<meta name=\"description\" content=\"Mortero para recubrir, de dos componentes, modificado con polimeros.\u00a0Dise\u00f1ado para usarse en sustratos de concreto, mortero y mamposter\u00eda.\" \/>\n<meta name=\"robots\" content=\"index, follow, max-snippet:-1, max-image-preview:large, max-video-preview:-1\" \/>\n<link rel=\"canonical\" href=\"https:\/\/obssoluciones.com\/main\/producto\/sikatop-144\/\" \/>\n<meta property=\"og:locale\" content=\"es_MX\" \/>\n<meta property=\"og:type\" content=\"article\" \/>\n<meta property=\"og:title\" content=\"SikaTop -144 - OBS Soluciones\" \/>\n<meta property=\"og:description\" content=\"Mortero para recubrir, de dos componentes, modificado con polimeros.\u00a0Dise\u00f1ado para usarse en sustratos de concreto, mortero y mamposter\u00eda.\" \/>\n<meta property=\"og:url\" content=\"https:\/\/obssoluciones.com\/main\/producto\/sikatop-144\/\" \/>\n<meta property=\"og:site_name\" content=\"OBS Soluciones\" \/>\n<meta property=\"article:modified_time\" content=\"2025-04-24T17:40:31+00:00\" \/>\n<meta property=\"og:image\" content=\"https:\/\/obssoluciones.com\/main\/wp-content\/uploads\/2024\/05\/SikaTop-144.png\" \/>\n\t<meta property=\"og:image:width\" content=\"600\" \/>\n\t<meta property=\"og:image:height\" content=\"600\" \/>\n\t<meta property=\"og:image:type\" content=\"image\/png\" \/>\n<meta name=\"twitter:card\" content=\"summary_large_image\" \/>\n<meta name=\"twitter:label1\" content=\"Tiempo de lectura\" \/>\n\t<meta name=\"twitter:data1\" content=\"2 minutos\" \/>\n<script type=\"application\/ld+json\" class=\"yoast-schema-graph\">{\"@context\":\"https:\\\/\\\/schema.org\",\"@graph\":[{\"@type\":\"WebPage\",\"@id\":\"https:\\\/\\\/obssoluciones.com\\\/main\\\/producto\\\/sikatop-144\\\/\",\"url\":\"https:\\\/\\\/obssoluciones.com\\\/main\\\/producto\\\/sikatop-144\\\/\",\"name\":\"SikaTop -144 - OBS Soluciones\",\"isPartOf\":{\"@id\":\"https:\\\/\\\/obssoluciones.com\\\/main\\\/#website\"},\"primaryImageOfPage\":{\"@id\":\"https:\\\/\\\/obssoluciones.com\\\/main\\\/producto\\\/sikatop-144\\\/#primaryimage\"},\"image\":{\"@id\":\"https:\\\/\\\/obssoluciones.com\\\/main\\\/producto\\\/sikatop-144\\\/#primaryimage\"},\"thumbnailUrl\":\"https:\\\/\\\/obssoluciones.com\\\/main\\\/wp-content\\\/uploads\\\/2024\\\/05\\\/SikaTop-144.png\",\"datePublished\":\"2024-05-21T20:34:48+00:00\",\"dateModified\":\"2025-04-24T17:40:31+00:00\",\"description\":\"Mortero para recubrir, de dos componentes, modificado con polimeros.\u00a0Dise\u00f1ado para usarse en sustratos de concreto, mortero y mamposter\u00eda.\",\"breadcrumb\":{\"@id\":\"https:\\\/\\\/obssoluciones.com\\\/main\\\/producto\\\/sikatop-144\\\/#breadcrumb\"},\"inLanguage\":\"es\",\"potentialAction\":[{\"@type\":\"ReadAction\",\"target\":[\"https:\\\/\\\/obssoluciones.com\\\/main\\\/producto\\\/sikatop-144\\\/\"]}]},{\"@type\":\"ImageObject\",\"inLanguage\":\"es\",\"@id\":\"https:\\\/\\\/obssoluciones.com\\\/main\\\/producto\\\/sikatop-144\\\/#primaryimage\",\"url\":\"https:\\\/\\\/obssoluciones.com\\\/main\\\/wp-content\\\/uploads\\\/2024\\\/05\\\/SikaTop-144.png\",\"contentUrl\":\"https:\\\/\\\/obssoluciones.com\\\/main\\\/wp-content\\\/uploads\\\/2024\\\/05\\\/SikaTop-144.png\",\"width\":600,\"height\":600},{\"@type\":\"BreadcrumbList\",\"@id\":\"https:\\\/\\\/obssoluciones.com\\\/main\\\/producto\\\/sikatop-144\\\/#breadcrumb\",\"itemListElement\":[{\"@type\":\"ListItem\",\"position\":1,\"name\":\"Inicio\",\"item\":\"https:\\\/\\\/obssoluciones.com\\\/main\\\/\"},{\"@type\":\"ListItem\",\"position\":2,\"name\":\"Productos\",\"item\":\"https:\\\/\\\/obssoluciones.com\\\/main\\\/productos\\\/\"},{\"@type\":\"ListItem\",\"position\":3,\"name\":\"SikaTop -144\"}]},{\"@type\":\"WebSite\",\"@id\":\"https:\\\/\\\/obssoluciones.com\\\/main\\\/#website\",\"url\":\"https:\\\/\\\/obssoluciones.com\\\/main\\\/\",\"name\":\"OBS Soluciones\",\"description\":\"\",\"publisher\":{\"@id\":\"https:\\\/\\\/obssoluciones.com\\\/main\\\/#organization\"},\"potentialAction\":[{\"@type\":\"SearchAction\",\"target\":{\"@type\":\"EntryPoint\",\"urlTemplate\":\"https:\\\/\\\/obssoluciones.com\\\/main\\\/?s={search_term_string}\"},\"query-input\":{\"@type\":\"PropertyValueSpecification\",\"valueRequired\":true,\"valueName\":\"search_term_string\"}}],\"inLanguage\":\"es\"},{\"@type\":\"Organization\",\"@id\":\"https:\\\/\\\/obssoluciones.com\\\/main\\\/#organization\",\"name\":\"OBS Soluciones\",\"url\":\"https:\\\/\\\/obssoluciones.com\\\/main\\\/\",\"logo\":{\"@type\":\"ImageObject\",\"inLanguage\":\"es\",\"@id\":\"https:\\\/\\\/obssoluciones.com\\\/main\\\/#\\\/schema\\\/logo\\\/image\\\/\",\"url\":\"https:\\\/\\\/obssoluciones.com\\\/main\\\/wp-content\\\/uploads\\\/2024\\\/05\\\/OBS-Soluciones_logo2_1.png\",\"contentUrl\":\"https:\\\/\\\/obssoluciones.com\\\/main\\\/wp-content\\\/uploads\\\/2024\\\/05\\\/OBS-Soluciones_logo2_1.png\",\"width\":256,\"height\":89,\"caption\":\"OBS Soluciones\"},\"image\":{\"@id\":\"https:\\\/\\\/obssoluciones.com\\\/main\\\/#\\\/schema\\\/logo\\\/image\\\/\"}}]}<\/script>\n<!-- \/ Yoast SEO plugin. -->","yoast_head_json":{"title":"SikaTop -144 - OBS Soluciones","description":"Mortero para recubrir, de dos componentes, modificado con polimeros.\u00a0Dise\u00f1ado para usarse en sustratos de concreto, mortero y mamposter\u00eda.","robots":{"index":"index","follow":"follow","max-snippet":"max-snippet:-1","max-image-preview":"max-image-preview:large","max-video-preview":"max-video-preview:-1"},"canonical":"https:\/\/obssoluciones.com\/main\/producto\/sikatop-144\/","og_locale":"es_MX","og_type":"article","og_title":"SikaTop -144 - OBS Soluciones","og_description":"Mortero para recubrir, de dos componentes, modificado con polimeros.\u00a0Dise\u00f1ado para usarse en sustratos de concreto, mortero y mamposter\u00eda.","og_url":"https:\/\/obssoluciones.com\/main\/producto\/sikatop-144\/","og_site_name":"OBS Soluciones","article_modified_time":"2025-04-24T17:40:31+00:00","og_image":[{"width":600,"height":600,"url":"https:\/\/obssoluciones.com\/main\/wp-content\/uploads\/2024\/05\/SikaTop-144.png","type":"image\/png"}],"twitter_card":"summary_large_image","twitter_misc":{"Tiempo de lectura":"2 minutos"},"schema":{"@context":"https:\/\/schema.org","@graph":[{"@type":"WebPage","@id":"https:\/\/obssoluciones.com\/main\/producto\/sikatop-144\/","url":"https:\/\/obssoluciones.com\/main\/producto\/sikatop-144\/","name":"SikaTop -144 - OBS Soluciones","isPartOf":{"@id":"https:\/\/obssoluciones.com\/main\/#website"},"primaryImageOfPage":{"@id":"https:\/\/obssoluciones.com\/main\/producto\/sikatop-144\/#primaryimage"},"image":{"@id":"https:\/\/obssoluciones.com\/main\/producto\/sikatop-144\/#primaryimage"},"thumbnailUrl":"https:\/\/obssoluciones.com\/main\/wp-content\/uploads\/2024\/05\/SikaTop-144.png","datePublished":"2024-05-21T20:34:48+00:00","dateModified":"2025-04-24T17:40:31+00:00","description":"Mortero para recubrir, de dos componentes, modificado con polimeros.\u00a0Dise\u00f1ado para usarse en sustratos de concreto, mortero y mamposter\u00eda.","breadcrumb":{"@id":"https:\/\/obssoluciones.com\/main\/producto\/sikatop-144\/#breadcrumb"},"inLanguage":"es","potentialAction":[{"@type":"ReadAction","target":["https:\/\/obssoluciones.com\/main\/producto\/sikatop-144\/"]}]},{"@type":"ImageObject","inLanguage":"es","@id":"https:\/\/obssoluciones.com\/main\/producto\/sikatop-144\/#primaryimage","url":"https:\/\/obssoluciones.com\/main\/wp-content\/uploads\/2024\/05\/SikaTop-144.png","contentUrl":"https:\/\/obssoluciones.com\/main\/wp-content\/uploads\/2024\/05\/SikaTop-144.png","width":600,"height":600},{"@type":"BreadcrumbList","@id":"https:\/\/obssoluciones.com\/main\/producto\/sikatop-144\/#breadcrumb","itemListElement":[{"@type":"ListItem","position":1,"name":"Inicio","item":"https:\/\/obssoluciones.com\/main\/"},{"@type":"ListItem","position":2,"name":"Productos","item":"https:\/\/obssoluciones.com\/main\/productos\/"},{"@type":"ListItem","position":3,"name":"SikaTop -144"}]},{"@type":"WebSite","@id":"https:\/\/obssoluciones.com\/main\/#website","url":"https:\/\/obssoluciones.com\/main\/","name":"OBS Soluciones","description":"","publisher":{"@id":"https:\/\/obssoluciones.com\/main\/#organization"},"potentialAction":[{"@type":"SearchAction","target":{"@type":"EntryPoint","urlTemplate":"https:\/\/obssoluciones.com\/main\/?s={search_term_string}"},"query-input":{"@type":"PropertyValueSpecification","valueRequired":true,"valueName":"search_term_string"}}],"inLanguage":"es"},{"@type":"Organization","@id":"https:\/\/obssoluciones.com\/main\/#organization","name":"OBS Soluciones","url":"https:\/\/obssoluciones.com\/main\/","logo":{"@type":"ImageObject","inLanguage":"es","@id":"https:\/\/obssoluciones.com\/main\/#\/schema\/logo\/image\/","url":"https:\/\/obssoluciones.com\/main\/wp-content\/uploads\/2024\/05\/OBS-Soluciones_logo2_1.png","contentUrl":"https:\/\/obssoluciones.com\/main\/wp-content\/uploads\/2024\/05\/OBS-Soluciones_logo2_1.png","width":256,"height":89,"caption":"OBS Soluciones"},"image":{"@id":"https:\/\/obssoluciones.com\/main\/#\/schema\/logo\/image\/"}}]}},"uagb_featured_image_src":{"full":["https:\/\/obssoluciones.com\/main\/wp-content\/uploads\/2024\/05\/SikaTop-144.png",600,600,false],"thumbnail":["https:\/\/obssoluciones.com\/main\/wp-content\/uploads\/2024\/05\/SikaTop-144-150x150.png",150,150,true],"medium":["https:\/\/obssoluciones.com\/main\/wp-content\/uploads\/2024\/05\/SikaTop-144-300x300.png",300,300,true],"medium_large":["https:\/\/obssoluciones.com\/main\/wp-content\/uploads\/2024\/05\/SikaTop-144.png",600,600,false],"large":["https:\/\/obssoluciones.com\/main\/wp-content\/uploads\/2024\/05\/SikaTop-144.png",600,600,false],"1536x1536":["https:\/\/obssoluciones.com\/main\/wp-content\/uploads\/2024\/05\/SikaTop-144.png",600,600,false],"2048x2048":["https:\/\/obssoluciones.com\/main\/wp-content\/uploads\/2024\/05\/SikaTop-144.png",600,600,false],"woocommerce_thumbnail":["https:\/\/obssoluciones.com\/main\/wp-content\/uploads\/2024\/05\/SikaTop-144-300x300.png",300,300,true],"woocommerce_single":["https:\/\/obssoluciones.com\/main\/wp-content\/uploads\/2024\/05\/SikaTop-144.png",600,600,false],"woocommerce_gallery_thumbnail":["https:\/\/obssoluciones.com\/main\/wp-content\/uploads\/2024\/05\/SikaTop-144-100x100.png",100,100,true]},"uagb_author_info":{"display_name":"admin","author_link":"https:\/\/obssoluciones.com\/main\/author\/"},"uagb_comment_info":0,"uagb_excerpt":"Mortero para recubrir, de dos componentes, modificado con polimeros.\u00a0Dise\u00f1ado para usarse en sustratos de concreto, mortero y mamposter\u00eda. Se aplica f\u00e1cilmente con brocha, rodillo o equipo de pulverizaci\u00f3n. Este revestimiento de textura fina y resistente a la abrasi\u00f3n se usa para proteger contra las sales de deshielo, para impermeabilizar \/ protecci\u00f3n contra la humedad y&hellip;","_links":{"self":[{"href":"https:\/\/obssoluciones.com\/main\/wp-json\/wp\/v2\/product\/660","targetHints":{"allow":["GET"]}}],"collection":[{"href":"https:\/\/obssoluciones.com\/main\/wp-json\/wp\/v2\/product"}],"about":[{"href":"https:\/\/obssoluciones.com\/main\/wp-json\/wp\/v2\/types\/product"}],"replies":[{"embeddable":true,"href":"https:\/\/obssoluciones.com\/main\/wp-json\/wp\/v2\/comments?post=660"}],"wp:featuredmedia":[{"embeddable":true,"href":"https:\/\/obssoluciones.com\/main\/wp-json\/wp\/v2\/media\/2730"}],"wp:attachment":[{"href":"https:\/\/obssoluciones.com\/main\/wp-json\/wp\/v2\/media?parent=660"}],"wp:term":[{"taxonomy":"product_brand","embeddable":true,"href":"https:\/\/obssoluciones.com\/main\/wp-json\/wp\/v2\/product_brand?post=660"},{"taxonomy":"product_cat","embeddable":true,"href":"https:\/\/obssoluciones.com\/main\/wp-json\/wp\/v2\/product_cat?post=660"},{"taxonomy":"product_tag","embeddable":true,"href":"https:\/\/obssoluciones.com\/main\/wp-json\/wp\/v2\/product_tag?post=660"}],"curies":[{"name":"wp","href":"https:\/\/api.w.org\/{rel}","templated":true}]}}