{"id":649,"date":"2024-05-21T13:34:58","date_gmt":"2024-05-21T19:34:58","guid":{"rendered":"http:\/\/138.128.188.138\/~obssoluciones\/?post_type=product&#038;p=649"},"modified":"2025-03-31T13:21:21","modified_gmt":"2025-03-31T19:21:21","slug":"sikasil-c","status":"publish","type":"product","link":"https:\/\/obssoluciones.com\/main\/producto\/sikasil-c\/","title":{"rendered":"Sikasil C"},"content":{"rendered":"<p><strong>DESCRIPCI\u00d3N<\/strong><\/p>\n<p>Sellador de juntas el\u00e1stico multiprop\u00f3sito, no corrosivo, de curado neutro de 1- componente para uniones en sistemas vidriados y juntas de conexi\u00f3n. Tiene buena adhesi\u00f3n a la mayor\u00eda de los materiales de construcci\u00f3n. Proporciona un sello impermeable el\u00e1stico y flexible con resistencia a los rayos UV, hongos y moho. Capacidad de movimiento \u00b1 25%. Para uso interno y externo.<\/p>\n<p><strong>USOS<\/strong><\/p>\n<p>Sellado de juntas para:<\/p>\n<ul>\n<li>Cristal, policarbonato, uso sanitario.<\/li>\n<li>Juntas de movimiento y conexi\u00f3n.<\/li>\n<\/ul>\n<p><strong>VENTAJAS<\/strong><\/p>\n<ul>\n<li>Sin imprimaci\u00f3n para la mayor\u00eda de los sustratos y aplicaciones.<\/li>\n<li>Resistente a la exposici\u00f3n a los rayos UV, a la\u00a0intemperie y al envejecimiento.<\/li>\n<li>Buena adhesi\u00f3n a muchos materiales de construcci\u00f3n como: metales, concreto, superficies pintadas, madera, pl\u00e1sticos, baldosas de cer\u00e1mica y vidrio.<\/li>\n<li>Baja emisi\u00f3n de COV.<\/li>\n<li>Resistencia a largo plazo de hongos \/ moho.<\/li>\n<li>Alta elasticidad y flexibilidad.<\/li>\n<li>No corrosivo.<\/li>\n<\/ul>\n<p><strong><span style=\"color: #00f0ff;\"><a style=\"color: #00f0ff;\" href=\"https:\/\/obssoluciones.com\/main\/wp-content\/uploads\/2024\/05\/SIKASIL-C.pdf\">FICHA T\u00c9CNICA<\/a><\/span><\/strong><\/p>\n","protected":false},"excerpt":{"rendered":"<p>Sellador de juntas el\u00e1stico multiprop\u00f3sito, no corrosivo, de curado neutro de 1- componente para uniones en sistemas vidriados y juntas de conexi\u00f3n.<\/p>\n","protected":false},"featured_media":2763,"comment_status":"open","ping_status":"closed","template":"","meta":{"_uag_custom_page_level_css":"","site-sidebar-layout":"default","site-content-layout":"","ast-site-content-layout":"default","site-content-style":"default","site-sidebar-style":"default","ast-global-header-display":"","ast-banner-title-visibility":"","ast-main-header-display":"","ast-hfb-above-header-display":"","ast-hfb-below-header-display":"","ast-hfb-mobile-header-display":"","site-post-title":"","ast-breadcrumbs-content":"","ast-featured-img":"","footer-sml-layout":"","ast-disable-related-posts":"","theme-transparent-header-meta":"default","adv-header-id-meta":"","stick-header-meta":"","header-above-stick-meta":"","header-main-stick-meta":"","header-below-stick-meta":"","astra-migrate-meta-layouts":"set","ast-page-background-enabled":"default","ast-page-background-meta":{"desktop":{"background-color":"","background-image":"","background-repeat":"repeat","background-position":"center center","background-size":"auto","background-attachment":"scroll","background-type":"","background-media":"","overlay-type":"","overlay-color":"","overlay-opacity":"","overlay-gradient":""},"tablet":{"background-color":"","background-image":"","background-repeat":"repeat","background-position":"center center","background-size":"auto","background-attachment":"scroll","background-type":"","background-media":"","overlay-type":"","overlay-color":"","overlay-opacity":"","overlay-gradient":""},"mobile":{"background-color":"","background-image":"","background-repeat":"repeat","background-position":"center center","background-size":"auto","background-attachment":"scroll","background-type":"","background-media":"","overlay-type":"","overlay-color":"","overlay-opacity":"","overlay-gradient":""}},"ast-content-background-meta":{"desktop":{"background-color":"var(--ast-global-color-5)","background-image":"","background-repeat":"repeat","background-position":"center center","background-size":"auto","background-attachment":"scroll","background-type":"","background-media":"","overlay-type":"","overlay-color":"","overlay-opacity":"","overlay-gradient":""},"tablet":{"background-color":"var(--ast-global-color-5)","background-image":"","background-repeat":"repeat","background-position":"center center","background-size":"auto","background-attachment":"scroll","background-type":"","background-media":"","overlay-type":"","overlay-color":"","overlay-opacity":"","overlay-gradient":""},"mobile":{"background-color":"var(--ast-global-color-5)","background-image":"","background-repeat":"repeat","background-position":"center center","background-size":"auto","background-attachment":"scroll","background-type":"","background-media":"","overlay-type":"","overlay-color":"","overlay-opacity":"","overlay-gradient":""}}},"product_brand":[],"product_cat":[30,36],"product_tag":[],"class_list":{"0":"post-649","1":"product","2":"type-product","3":"status-publish","4":"has-post-thumbnail","6":"product_cat-sika","7":"product_cat-selladores","8":"desktop-align-left","9":"tablet-align-left","10":"mobile-align-left","11":"ast-product-gallery-layout-horizontal-slider","12":"ast-product-gallery-with-no-image","13":"ast-magnify-disabled","14":"ast-product-tabs-layout-horizontal","16":"first","17":"instock","18":"shipping-taxable","19":"product-type-simple"},"yoast_head":"<!-- This site is optimized with the Yoast SEO plugin v27.4 - https:\/\/yoast.com\/product\/yoast-seo-wordpress\/ -->\n<title>Sikasil C - OBS Soluciones<\/title>\n<meta name=\"description\" content=\"Sellador de juntas el\u00e1stico multiprop\u00f3sito, no corrosivo, de curado neutro de 1- componente para uniones en sistemas vidriados y juntas de conexi\u00f3n.\" \/>\n<meta name=\"robots\" content=\"index, follow, max-snippet:-1, max-image-preview:large, max-video-preview:-1\" \/>\n<link rel=\"canonical\" href=\"https:\/\/obssoluciones.com\/main\/producto\/sikasil-c\/\" \/>\n<meta property=\"og:locale\" content=\"es_MX\" \/>\n<meta property=\"og:type\" content=\"article\" \/>\n<meta property=\"og:title\" content=\"Sikasil C - OBS Soluciones\" \/>\n<meta property=\"og:description\" content=\"Sellador de juntas el\u00e1stico multiprop\u00f3sito, no corrosivo, de curado neutro de 1- componente para uniones en sistemas vidriados y juntas de conexi\u00f3n.\" \/>\n<meta property=\"og:url\" content=\"https:\/\/obssoluciones.com\/main\/producto\/sikasil-c\/\" \/>\n<meta property=\"og:site_name\" content=\"OBS Soluciones\" \/>\n<meta property=\"article:modified_time\" content=\"2025-03-31T19:21:21+00:00\" \/>\n<meta property=\"og:image\" content=\"https:\/\/obssoluciones.com\/main\/wp-content\/uploads\/2024\/05\/Sikasil-C-2.png\" \/>\n\t<meta property=\"og:image:width\" content=\"600\" \/>\n\t<meta property=\"og:image:height\" content=\"600\" \/>\n\t<meta property=\"og:image:type\" content=\"image\/png\" \/>\n<meta name=\"twitter:card\" content=\"summary_large_image\" \/>\n<meta name=\"twitter:label1\" content=\"Tiempo de lectura\" \/>\n\t<meta name=\"twitter:data1\" content=\"1 minuto\" \/>\n<script type=\"application\/ld+json\" class=\"yoast-schema-graph\">{\"@context\":\"https:\\\/\\\/schema.org\",\"@graph\":[{\"@type\":\"WebPage\",\"@id\":\"https:\\\/\\\/obssoluciones.com\\\/main\\\/producto\\\/sikasil-c\\\/\",\"url\":\"https:\\\/\\\/obssoluciones.com\\\/main\\\/producto\\\/sikasil-c\\\/\",\"name\":\"Sikasil C - OBS Soluciones\",\"isPartOf\":{\"@id\":\"https:\\\/\\\/obssoluciones.com\\\/main\\\/#website\"},\"primaryImageOfPage\":{\"@id\":\"https:\\\/\\\/obssoluciones.com\\\/main\\\/producto\\\/sikasil-c\\\/#primaryimage\"},\"image\":{\"@id\":\"https:\\\/\\\/obssoluciones.com\\\/main\\\/producto\\\/sikasil-c\\\/#primaryimage\"},\"thumbnailUrl\":\"https:\\\/\\\/obssoluciones.com\\\/main\\\/wp-content\\\/uploads\\\/2024\\\/05\\\/Sikasil-C-2.png\",\"datePublished\":\"2024-05-21T19:34:58+00:00\",\"dateModified\":\"2025-03-31T19:21:21+00:00\",\"description\":\"Sellador de juntas el\u00e1stico multiprop\u00f3sito, no corrosivo, de curado neutro de 1- componente para uniones en sistemas vidriados y juntas de conexi\u00f3n.\",\"breadcrumb\":{\"@id\":\"https:\\\/\\\/obssoluciones.com\\\/main\\\/producto\\\/sikasil-c\\\/#breadcrumb\"},\"inLanguage\":\"es\",\"potentialAction\":[{\"@type\":\"ReadAction\",\"target\":[\"https:\\\/\\\/obssoluciones.com\\\/main\\\/producto\\\/sikasil-c\\\/\"]}]},{\"@type\":\"ImageObject\",\"inLanguage\":\"es\",\"@id\":\"https:\\\/\\\/obssoluciones.com\\\/main\\\/producto\\\/sikasil-c\\\/#primaryimage\",\"url\":\"https:\\\/\\\/obssoluciones.com\\\/main\\\/wp-content\\\/uploads\\\/2024\\\/05\\\/Sikasil-C-2.png\",\"contentUrl\":\"https:\\\/\\\/obssoluciones.com\\\/main\\\/wp-content\\\/uploads\\\/2024\\\/05\\\/Sikasil-C-2.png\",\"width\":600,\"height\":600},{\"@type\":\"BreadcrumbList\",\"@id\":\"https:\\\/\\\/obssoluciones.com\\\/main\\\/producto\\\/sikasil-c\\\/#breadcrumb\",\"itemListElement\":[{\"@type\":\"ListItem\",\"position\":1,\"name\":\"Inicio\",\"item\":\"https:\\\/\\\/obssoluciones.com\\\/main\\\/\"},{\"@type\":\"ListItem\",\"position\":2,\"name\":\"Productos\",\"item\":\"https:\\\/\\\/obssoluciones.com\\\/main\\\/productos\\\/\"},{\"@type\":\"ListItem\",\"position\":3,\"name\":\"Sikasil C\"}]},{\"@type\":\"WebSite\",\"@id\":\"https:\\\/\\\/obssoluciones.com\\\/main\\\/#website\",\"url\":\"https:\\\/\\\/obssoluciones.com\\\/main\\\/\",\"name\":\"OBS Soluciones\",\"description\":\"\",\"publisher\":{\"@id\":\"https:\\\/\\\/obssoluciones.com\\\/main\\\/#organization\"},\"potentialAction\":[{\"@type\":\"SearchAction\",\"target\":{\"@type\":\"EntryPoint\",\"urlTemplate\":\"https:\\\/\\\/obssoluciones.com\\\/main\\\/?s={search_term_string}\"},\"query-input\":{\"@type\":\"PropertyValueSpecification\",\"valueRequired\":true,\"valueName\":\"search_term_string\"}}],\"inLanguage\":\"es\"},{\"@type\":\"Organization\",\"@id\":\"https:\\\/\\\/obssoluciones.com\\\/main\\\/#organization\",\"name\":\"OBS Soluciones\",\"url\":\"https:\\\/\\\/obssoluciones.com\\\/main\\\/\",\"logo\":{\"@type\":\"ImageObject\",\"inLanguage\":\"es\",\"@id\":\"https:\\\/\\\/obssoluciones.com\\\/main\\\/#\\\/schema\\\/logo\\\/image\\\/\",\"url\":\"https:\\\/\\\/obssoluciones.com\\\/main\\\/wp-content\\\/uploads\\\/2024\\\/05\\\/OBS-Soluciones_logo2_1.png\",\"contentUrl\":\"https:\\\/\\\/obssoluciones.com\\\/main\\\/wp-content\\\/uploads\\\/2024\\\/05\\\/OBS-Soluciones_logo2_1.png\",\"width\":256,\"height\":89,\"caption\":\"OBS Soluciones\"},\"image\":{\"@id\":\"https:\\\/\\\/obssoluciones.com\\\/main\\\/#\\\/schema\\\/logo\\\/image\\\/\"}}]}<\/script>\n<!-- \/ Yoast SEO plugin. -->","yoast_head_json":{"title":"Sikasil C - OBS Soluciones","description":"Sellador de juntas el\u00e1stico multiprop\u00f3sito, no corrosivo, de curado neutro de 1- componente para uniones en sistemas vidriados y juntas de conexi\u00f3n.","robots":{"index":"index","follow":"follow","max-snippet":"max-snippet:-1","max-image-preview":"max-image-preview:large","max-video-preview":"max-video-preview:-1"},"canonical":"https:\/\/obssoluciones.com\/main\/producto\/sikasil-c\/","og_locale":"es_MX","og_type":"article","og_title":"Sikasil C - OBS Soluciones","og_description":"Sellador de juntas el\u00e1stico multiprop\u00f3sito, no corrosivo, de curado neutro de 1- componente para uniones en sistemas vidriados y juntas de conexi\u00f3n.","og_url":"https:\/\/obssoluciones.com\/main\/producto\/sikasil-c\/","og_site_name":"OBS Soluciones","article_modified_time":"2025-03-31T19:21:21+00:00","og_image":[{"width":600,"height":600,"url":"https:\/\/obssoluciones.com\/main\/wp-content\/uploads\/2024\/05\/Sikasil-C-2.png","type":"image\/png"}],"twitter_card":"summary_large_image","twitter_misc":{"Tiempo de lectura":"1 minuto"},"schema":{"@context":"https:\/\/schema.org","@graph":[{"@type":"WebPage","@id":"https:\/\/obssoluciones.com\/main\/producto\/sikasil-c\/","url":"https:\/\/obssoluciones.com\/main\/producto\/sikasil-c\/","name":"Sikasil C - OBS Soluciones","isPartOf":{"@id":"https:\/\/obssoluciones.com\/main\/#website"},"primaryImageOfPage":{"@id":"https:\/\/obssoluciones.com\/main\/producto\/sikasil-c\/#primaryimage"},"image":{"@id":"https:\/\/obssoluciones.com\/main\/producto\/sikasil-c\/#primaryimage"},"thumbnailUrl":"https:\/\/obssoluciones.com\/main\/wp-content\/uploads\/2024\/05\/Sikasil-C-2.png","datePublished":"2024-05-21T19:34:58+00:00","dateModified":"2025-03-31T19:21:21+00:00","description":"Sellador de juntas el\u00e1stico multiprop\u00f3sito, no corrosivo, de curado neutro de 1- componente para uniones en sistemas vidriados y juntas de conexi\u00f3n.","breadcrumb":{"@id":"https:\/\/obssoluciones.com\/main\/producto\/sikasil-c\/#breadcrumb"},"inLanguage":"es","potentialAction":[{"@type":"ReadAction","target":["https:\/\/obssoluciones.com\/main\/producto\/sikasil-c\/"]}]},{"@type":"ImageObject","inLanguage":"es","@id":"https:\/\/obssoluciones.com\/main\/producto\/sikasil-c\/#primaryimage","url":"https:\/\/obssoluciones.com\/main\/wp-content\/uploads\/2024\/05\/Sikasil-C-2.png","contentUrl":"https:\/\/obssoluciones.com\/main\/wp-content\/uploads\/2024\/05\/Sikasil-C-2.png","width":600,"height":600},{"@type":"BreadcrumbList","@id":"https:\/\/obssoluciones.com\/main\/producto\/sikasil-c\/#breadcrumb","itemListElement":[{"@type":"ListItem","position":1,"name":"Inicio","item":"https:\/\/obssoluciones.com\/main\/"},{"@type":"ListItem","position":2,"name":"Productos","item":"https:\/\/obssoluciones.com\/main\/productos\/"},{"@type":"ListItem","position":3,"name":"Sikasil C"}]},{"@type":"WebSite","@id":"https:\/\/obssoluciones.com\/main\/#website","url":"https:\/\/obssoluciones.com\/main\/","name":"OBS Soluciones","description":"","publisher":{"@id":"https:\/\/obssoluciones.com\/main\/#organization"},"potentialAction":[{"@type":"SearchAction","target":{"@type":"EntryPoint","urlTemplate":"https:\/\/obssoluciones.com\/main\/?s={search_term_string}"},"query-input":{"@type":"PropertyValueSpecification","valueRequired":true,"valueName":"search_term_string"}}],"inLanguage":"es"},{"@type":"Organization","@id":"https:\/\/obssoluciones.com\/main\/#organization","name":"OBS Soluciones","url":"https:\/\/obssoluciones.com\/main\/","logo":{"@type":"ImageObject","inLanguage":"es","@id":"https:\/\/obssoluciones.com\/main\/#\/schema\/logo\/image\/","url":"https:\/\/obssoluciones.com\/main\/wp-content\/uploads\/2024\/05\/OBS-Soluciones_logo2_1.png","contentUrl":"https:\/\/obssoluciones.com\/main\/wp-content\/uploads\/2024\/05\/OBS-Soluciones_logo2_1.png","width":256,"height":89,"caption":"OBS Soluciones"},"image":{"@id":"https:\/\/obssoluciones.com\/main\/#\/schema\/logo\/image\/"}}]}},"uagb_featured_image_src":{"full":["https:\/\/obssoluciones.com\/main\/wp-content\/uploads\/2024\/05\/Sikasil-C-2.png",600,600,false],"thumbnail":["https:\/\/obssoluciones.com\/main\/wp-content\/uploads\/2024\/05\/Sikasil-C-2-150x150.png",150,150,true],"medium":["https:\/\/obssoluciones.com\/main\/wp-content\/uploads\/2024\/05\/Sikasil-C-2-300x300.png",300,300,true],"medium_large":["https:\/\/obssoluciones.com\/main\/wp-content\/uploads\/2024\/05\/Sikasil-C-2.png",600,600,false],"large":["https:\/\/obssoluciones.com\/main\/wp-content\/uploads\/2024\/05\/Sikasil-C-2.png",600,600,false],"1536x1536":["https:\/\/obssoluciones.com\/main\/wp-content\/uploads\/2024\/05\/Sikasil-C-2.png",600,600,false],"2048x2048":["https:\/\/obssoluciones.com\/main\/wp-content\/uploads\/2024\/05\/Sikasil-C-2.png",600,600,false],"woocommerce_thumbnail":["https:\/\/obssoluciones.com\/main\/wp-content\/uploads\/2024\/05\/Sikasil-C-2-300x300.png",300,300,true],"woocommerce_single":["https:\/\/obssoluciones.com\/main\/wp-content\/uploads\/2024\/05\/Sikasil-C-2.png",600,600,false],"woocommerce_gallery_thumbnail":["https:\/\/obssoluciones.com\/main\/wp-content\/uploads\/2024\/05\/Sikasil-C-2-100x100.png",100,100,true]},"uagb_author_info":{"display_name":"admin","author_link":"https:\/\/obssoluciones.com\/main\/author\/"},"uagb_comment_info":0,"uagb_excerpt":"Sellador de juntas el\u00e1stico multiprop\u00f3sito, no corrosivo, de curado neutro de 1- componente para uniones en sistemas vidriados y juntas de conexi\u00f3n.","_links":{"self":[{"href":"https:\/\/obssoluciones.com\/main\/wp-json\/wp\/v2\/product\/649","targetHints":{"allow":["GET"]}}],"collection":[{"href":"https:\/\/obssoluciones.com\/main\/wp-json\/wp\/v2\/product"}],"about":[{"href":"https:\/\/obssoluciones.com\/main\/wp-json\/wp\/v2\/types\/product"}],"replies":[{"embeddable":true,"href":"https:\/\/obssoluciones.com\/main\/wp-json\/wp\/v2\/comments?post=649"}],"wp:featuredmedia":[{"embeddable":true,"href":"https:\/\/obssoluciones.com\/main\/wp-json\/wp\/v2\/media\/2763"}],"wp:attachment":[{"href":"https:\/\/obssoluciones.com\/main\/wp-json\/wp\/v2\/media?parent=649"}],"wp:term":[{"taxonomy":"product_brand","embeddable":true,"href":"https:\/\/obssoluciones.com\/main\/wp-json\/wp\/v2\/product_brand?post=649"},{"taxonomy":"product_cat","embeddable":true,"href":"https:\/\/obssoluciones.com\/main\/wp-json\/wp\/v2\/product_cat?post=649"},{"taxonomy":"product_tag","embeddable":true,"href":"https:\/\/obssoluciones.com\/main\/wp-json\/wp\/v2\/product_tag?post=649"}],"curies":[{"name":"wp","href":"https:\/\/api.w.org\/{rel}","templated":true}]}}