{"id":645,"date":"2024-05-21T13:25:04","date_gmt":"2024-05-21T19:25:04","guid":{"rendered":"http:\/\/138.128.188.138\/~obssoluciones\/?post_type=product&#038;p=645"},"modified":"2025-04-24T11:05:42","modified_gmt":"2025-04-24T17:05:42","slug":"sikaflex-1a-purform","status":"publish","type":"product","link":"https:\/\/obssoluciones.com\/main\/producto\/sikaflex-1a-purform\/","title":{"rendered":"Sikaflex -1A Purform"},"content":{"rendered":"<p><strong>DESCRIPCI\u00d3N<\/strong><\/p>\n<p>Sellador de juntas el\u00e1stico de poliuretano de alta calidad y con alta capacidad de movimiento, de 1-C que cura con la humedad del ambiente. Ideal para el sello de juntas constructivas\u00a0con altos\u00a0movimientos\u00a0en interiores y exteriores.<\/p>\n<p><strong>USOS<\/strong><\/p>\n<p>Dise\u00f1ado para el sello\u00a0impermeable en\u00a0juntas de conexi\u00f3n y juntas con movimiento en la construcci\u00f3n. Ideal\u00a0para trabajo de sellos en juntas\u00a0horizontales o\u00a0verticales, tales como:<\/p>\n<ul>\n<li>Sello de fisuras, detalles de techos comunes.<\/li>\n<li>Juntas de movimiento o expansi\u00f3n\u00a0en muros, fachadas y\u00a0pisos de concreto o\u00a0mamposter\u00eda.<\/li>\n<li>Juntas de conexi\u00f3n, alrededor de marcos de puertas y ventanas, en molduras o tapajuntas, entre losas de concreto.<\/li>\n<li>Juntas para control de grietas (cortes de sierra) en pavimentos de concreto como en almacenes o \u00e1reas de estacionamiento.<\/li>\n<li>Juntas estructurales que se mueven por\u00a0cambios de temperatura,\u00a0humedad, cargas din\u00e1micas o viento.<\/li>\n<li>Juntas sumergidas en canales o estanques de agua.<\/li>\n<li>Sellos de l\u00e1minas en techumbres o\u00a0sello entre l\u00e1minas met\u00e1licas.<\/li>\n<li>Juntas en cubiertas compuestas por losas o elementos prefabricados de concreto, madera,\u00a0vidrio, etc.<\/li>\n<li>Pegado o uni\u00f3n de componentes de construcci\u00f3n no estructurales.<\/li>\n<\/ul>\n<p><strong>VENTAJAS<\/strong><\/p>\n<ul>\n<li>Capacidad de\u00a0Movimiento\u00a0de \u00b135% (ASTM C719).<\/li>\n<li>800% de elongaci\u00f3n a la Rotura (ISO 37).<\/li>\n<li>Mayor desempe\u00f1o, m\u00e1s sustentable.<\/li>\n<li>F\u00e1cil aplicaci\u00f3n y larga duraci\u00f3n.<\/li>\n<li>Curado acelerado y secado al tacto\u00a0en 50 min.<\/li>\n<li>No escurre en juntas verticales.<\/li>\n<li>Curado libre de burbujas.<\/li>\n<li>Alta resistencia mec\u00e1nica, al intemperismo y\u00a0UV.<\/li>\n<li>No mancha la piedra natural.<\/li>\n<li>Buena resistencia a productos qu\u00edmicos espec\u00edficos.<\/li>\n<li>Puede usarse\u00a0en contacto con agua potable.<\/li>\n<li>Aprobado para el uso en el\u00a0\u00e1rea de alimentos (ISEGA).<\/li>\n<li>Adhiere\u00a0sin imprimaci\u00f3n a muchos materiales de construcci\u00f3n, sobre sustratos lisos y porosos.<\/li>\n<li><span style=\"font-size: 16px;\">Adhiere sobre concreto verde o concreto h\u00famedo.<\/span><\/li>\n<li>Se puede pintar una vez curado.<\/li>\n<li>Ultra bajas emisiones de Compuestos Org\u00e1nicos Vol\u00e1tiles (VOC).<\/li>\n<li>Cumple con las regulaciones medioambientales Europeas m\u00e1s estrictas.<\/li>\n<\/ul>\n<p><span style=\"color: #00f0ff;\"><strong><a style=\"color: #00f0ff;\" href=\"https:\/\/obssoluciones.com\/main\/wp-content\/uploads\/2024\/05\/SIKAFLEX-1A-PURFORM.pdf\">FICHA T\u00c9CNICA<\/a><\/strong><\/span><\/p>\n<p><span style=\"color: #00f0ff;\"><strong><a style=\"color: #00f0ff;\" href=\"https:\/\/obssoluciones.com\/main\/wp-content\/uploads\/2024\/05\/SIKAFLEX-1-A.pdf\">SIKA GU\u00cdA<\/a><\/strong><\/span><\/p>\n","protected":false},"excerpt":{"rendered":"<p>Sellador de juntas el\u00e1stico de poliuretano de alta calidad y con alta capacidad de movimiento, de 1-C que cura con la humedad del ambiente.<\/p>\n","protected":false},"featured_media":2758,"comment_status":"open","ping_status":"closed","template":"","meta":{"_uag_custom_page_level_css":"","site-sidebar-layout":"default","site-content-layout":"","ast-site-content-layout":"default","site-content-style":"default","site-sidebar-style":"default","ast-global-header-display":"","ast-banner-title-visibility":"","ast-main-header-display":"","ast-hfb-above-header-display":"","ast-hfb-below-header-display":"","ast-hfb-mobile-header-display":"","site-post-title":"","ast-breadcrumbs-content":"","ast-featured-img":"","footer-sml-layout":"","ast-disable-related-posts":"","theme-transparent-header-meta":"default","adv-header-id-meta":"","stick-header-meta":"","header-above-stick-meta":"","header-main-stick-meta":"","header-below-stick-meta":"","astra-migrate-meta-layouts":"set","ast-page-background-enabled":"default","ast-page-background-meta":{"desktop":{"background-color":"","background-image":"","background-repeat":"repeat","background-position":"center center","background-size":"auto","background-attachment":"scroll","background-type":"","background-media":"","overlay-type":"","overlay-color":"","overlay-opacity":"","overlay-gradient":""},"tablet":{"background-color":"","background-image":"","background-repeat":"repeat","background-position":"center center","background-size":"auto","background-attachment":"scroll","background-type":"","background-media":"","overlay-type":"","overlay-color":"","overlay-opacity":"","overlay-gradient":""},"mobile":{"background-color":"","background-image":"","background-repeat":"repeat","background-position":"center center","background-size":"auto","background-attachment":"scroll","background-type":"","background-media":"","overlay-type":"","overlay-color":"","overlay-opacity":"","overlay-gradient":""}},"ast-content-background-meta":{"desktop":{"background-color":"var(--ast-global-color-5)","background-image":"","background-repeat":"repeat","background-position":"center center","background-size":"auto","background-attachment":"scroll","background-type":"","background-media":"","overlay-type":"","overlay-color":"","overlay-opacity":"","overlay-gradient":""},"tablet":{"background-color":"var(--ast-global-color-5)","background-image":"","background-repeat":"repeat","background-position":"center center","background-size":"auto","background-attachment":"scroll","background-type":"","background-media":"","overlay-type":"","overlay-color":"","overlay-opacity":"","overlay-gradient":""},"mobile":{"background-color":"var(--ast-global-color-5)","background-image":"","background-repeat":"repeat","background-position":"center center","background-size":"auto","background-attachment":"scroll","background-type":"","background-media":"","overlay-type":"","overlay-color":"","overlay-opacity":"","overlay-gradient":""}}},"product_brand":[],"product_cat":[30,36],"product_tag":[],"class_list":{"0":"post-645","1":"product","2":"type-product","3":"status-publish","4":"has-post-thumbnail","6":"product_cat-sika","7":"product_cat-selladores","8":"desktop-align-left","9":"tablet-align-left","10":"mobile-align-left","11":"ast-product-gallery-layout-horizontal-slider","12":"ast-product-gallery-with-no-image","13":"ast-magnify-disabled","14":"ast-product-tabs-layout-horizontal","16":"first","17":"instock","18":"shipping-taxable","19":"product-type-simple"},"yoast_head":"<!-- This site is optimized with the Yoast SEO plugin v27.4 - https:\/\/yoast.com\/product\/yoast-seo-wordpress\/ -->\n<title>Sikaflex -1A Purform - OBS Soluciones<\/title>\n<meta name=\"description\" content=\"Sellador de juntas el\u00e1stico de poliuretano de alta calidad y con alta capacidad de movimiento, de 1-C que cura con la humedad del ambiente.\" \/>\n<meta name=\"robots\" content=\"index, follow, max-snippet:-1, max-image-preview:large, max-video-preview:-1\" \/>\n<link rel=\"canonical\" href=\"https:\/\/obssoluciones.com\/main\/producto\/sikaflex-1a-purform\/\" \/>\n<meta property=\"og:locale\" content=\"es_MX\" \/>\n<meta property=\"og:type\" content=\"article\" \/>\n<meta property=\"og:title\" content=\"Sikaflex -1A Purform - OBS Soluciones\" \/>\n<meta property=\"og:description\" content=\"Sellador de juntas el\u00e1stico de poliuretano de alta calidad y con alta capacidad de movimiento, de 1-C que cura con la humedad del ambiente.\" \/>\n<meta property=\"og:url\" content=\"https:\/\/obssoluciones.com\/main\/producto\/sikaflex-1a-purform\/\" \/>\n<meta property=\"og:site_name\" content=\"OBS Soluciones\" \/>\n<meta property=\"article:modified_time\" content=\"2025-04-24T17:05:42+00:00\" \/>\n<meta property=\"og:image\" content=\"https:\/\/obssoluciones.com\/main\/wp-content\/uploads\/2024\/05\/Sikaflex-1A.png\" \/>\n\t<meta property=\"og:image:width\" content=\"600\" \/>\n\t<meta property=\"og:image:height\" content=\"600\" \/>\n\t<meta property=\"og:image:type\" content=\"image\/png\" \/>\n<meta name=\"twitter:card\" content=\"summary_large_image\" \/>\n<meta name=\"twitter:label1\" content=\"Tiempo de lectura\" \/>\n\t<meta name=\"twitter:data1\" content=\"2 minutos\" \/>\n<script type=\"application\/ld+json\" class=\"yoast-schema-graph\">{\"@context\":\"https:\\\/\\\/schema.org\",\"@graph\":[{\"@type\":\"WebPage\",\"@id\":\"https:\\\/\\\/obssoluciones.com\\\/main\\\/producto\\\/sikaflex-1a-purform\\\/\",\"url\":\"https:\\\/\\\/obssoluciones.com\\\/main\\\/producto\\\/sikaflex-1a-purform\\\/\",\"name\":\"Sikaflex -1A Purform - OBS Soluciones\",\"isPartOf\":{\"@id\":\"https:\\\/\\\/obssoluciones.com\\\/main\\\/#website\"},\"primaryImageOfPage\":{\"@id\":\"https:\\\/\\\/obssoluciones.com\\\/main\\\/producto\\\/sikaflex-1a-purform\\\/#primaryimage\"},\"image\":{\"@id\":\"https:\\\/\\\/obssoluciones.com\\\/main\\\/producto\\\/sikaflex-1a-purform\\\/#primaryimage\"},\"thumbnailUrl\":\"https:\\\/\\\/obssoluciones.com\\\/main\\\/wp-content\\\/uploads\\\/2024\\\/05\\\/Sikaflex-1A.png\",\"datePublished\":\"2024-05-21T19:25:04+00:00\",\"dateModified\":\"2025-04-24T17:05:42+00:00\",\"description\":\"Sellador de juntas el\u00e1stico de poliuretano de alta calidad y con alta capacidad de movimiento, de 1-C que cura con la humedad del ambiente.\",\"breadcrumb\":{\"@id\":\"https:\\\/\\\/obssoluciones.com\\\/main\\\/producto\\\/sikaflex-1a-purform\\\/#breadcrumb\"},\"inLanguage\":\"es\",\"potentialAction\":[{\"@type\":\"ReadAction\",\"target\":[\"https:\\\/\\\/obssoluciones.com\\\/main\\\/producto\\\/sikaflex-1a-purform\\\/\"]}]},{\"@type\":\"ImageObject\",\"inLanguage\":\"es\",\"@id\":\"https:\\\/\\\/obssoluciones.com\\\/main\\\/producto\\\/sikaflex-1a-purform\\\/#primaryimage\",\"url\":\"https:\\\/\\\/obssoluciones.com\\\/main\\\/wp-content\\\/uploads\\\/2024\\\/05\\\/Sikaflex-1A.png\",\"contentUrl\":\"https:\\\/\\\/obssoluciones.com\\\/main\\\/wp-content\\\/uploads\\\/2024\\\/05\\\/Sikaflex-1A.png\",\"width\":600,\"height\":600},{\"@type\":\"BreadcrumbList\",\"@id\":\"https:\\\/\\\/obssoluciones.com\\\/main\\\/producto\\\/sikaflex-1a-purform\\\/#breadcrumb\",\"itemListElement\":[{\"@type\":\"ListItem\",\"position\":1,\"name\":\"Inicio\",\"item\":\"https:\\\/\\\/obssoluciones.com\\\/main\\\/\"},{\"@type\":\"ListItem\",\"position\":2,\"name\":\"Productos\",\"item\":\"https:\\\/\\\/obssoluciones.com\\\/main\\\/productos\\\/\"},{\"@type\":\"ListItem\",\"position\":3,\"name\":\"Sikaflex -1A Purform\"}]},{\"@type\":\"WebSite\",\"@id\":\"https:\\\/\\\/obssoluciones.com\\\/main\\\/#website\",\"url\":\"https:\\\/\\\/obssoluciones.com\\\/main\\\/\",\"name\":\"OBS Soluciones\",\"description\":\"\",\"publisher\":{\"@id\":\"https:\\\/\\\/obssoluciones.com\\\/main\\\/#organization\"},\"potentialAction\":[{\"@type\":\"SearchAction\",\"target\":{\"@type\":\"EntryPoint\",\"urlTemplate\":\"https:\\\/\\\/obssoluciones.com\\\/main\\\/?s={search_term_string}\"},\"query-input\":{\"@type\":\"PropertyValueSpecification\",\"valueRequired\":true,\"valueName\":\"search_term_string\"}}],\"inLanguage\":\"es\"},{\"@type\":\"Organization\",\"@id\":\"https:\\\/\\\/obssoluciones.com\\\/main\\\/#organization\",\"name\":\"OBS Soluciones\",\"url\":\"https:\\\/\\\/obssoluciones.com\\\/main\\\/\",\"logo\":{\"@type\":\"ImageObject\",\"inLanguage\":\"es\",\"@id\":\"https:\\\/\\\/obssoluciones.com\\\/main\\\/#\\\/schema\\\/logo\\\/image\\\/\",\"url\":\"https:\\\/\\\/obssoluciones.com\\\/main\\\/wp-content\\\/uploads\\\/2024\\\/05\\\/OBS-Soluciones_logo2_1.png\",\"contentUrl\":\"https:\\\/\\\/obssoluciones.com\\\/main\\\/wp-content\\\/uploads\\\/2024\\\/05\\\/OBS-Soluciones_logo2_1.png\",\"width\":256,\"height\":89,\"caption\":\"OBS Soluciones\"},\"image\":{\"@id\":\"https:\\\/\\\/obssoluciones.com\\\/main\\\/#\\\/schema\\\/logo\\\/image\\\/\"}}]}<\/script>\n<!-- \/ Yoast SEO plugin. -->","yoast_head_json":{"title":"Sikaflex -1A Purform - OBS Soluciones","description":"Sellador de juntas el\u00e1stico de poliuretano de alta calidad y con alta capacidad de movimiento, de 1-C que cura con la humedad del ambiente.","robots":{"index":"index","follow":"follow","max-snippet":"max-snippet:-1","max-image-preview":"max-image-preview:large","max-video-preview":"max-video-preview:-1"},"canonical":"https:\/\/obssoluciones.com\/main\/producto\/sikaflex-1a-purform\/","og_locale":"es_MX","og_type":"article","og_title":"Sikaflex -1A Purform - OBS Soluciones","og_description":"Sellador de juntas el\u00e1stico de poliuretano de alta calidad y con alta capacidad de movimiento, de 1-C que cura con la humedad del ambiente.","og_url":"https:\/\/obssoluciones.com\/main\/producto\/sikaflex-1a-purform\/","og_site_name":"OBS Soluciones","article_modified_time":"2025-04-24T17:05:42+00:00","og_image":[{"width":600,"height":600,"url":"https:\/\/obssoluciones.com\/main\/wp-content\/uploads\/2024\/05\/Sikaflex-1A.png","type":"image\/png"}],"twitter_card":"summary_large_image","twitter_misc":{"Tiempo de lectura":"2 minutos"},"schema":{"@context":"https:\/\/schema.org","@graph":[{"@type":"WebPage","@id":"https:\/\/obssoluciones.com\/main\/producto\/sikaflex-1a-purform\/","url":"https:\/\/obssoluciones.com\/main\/producto\/sikaflex-1a-purform\/","name":"Sikaflex -1A Purform - OBS Soluciones","isPartOf":{"@id":"https:\/\/obssoluciones.com\/main\/#website"},"primaryImageOfPage":{"@id":"https:\/\/obssoluciones.com\/main\/producto\/sikaflex-1a-purform\/#primaryimage"},"image":{"@id":"https:\/\/obssoluciones.com\/main\/producto\/sikaflex-1a-purform\/#primaryimage"},"thumbnailUrl":"https:\/\/obssoluciones.com\/main\/wp-content\/uploads\/2024\/05\/Sikaflex-1A.png","datePublished":"2024-05-21T19:25:04+00:00","dateModified":"2025-04-24T17:05:42+00:00","description":"Sellador de juntas el\u00e1stico de poliuretano de alta calidad y con alta capacidad de movimiento, de 1-C que cura con la humedad del ambiente.","breadcrumb":{"@id":"https:\/\/obssoluciones.com\/main\/producto\/sikaflex-1a-purform\/#breadcrumb"},"inLanguage":"es","potentialAction":[{"@type":"ReadAction","target":["https:\/\/obssoluciones.com\/main\/producto\/sikaflex-1a-purform\/"]}]},{"@type":"ImageObject","inLanguage":"es","@id":"https:\/\/obssoluciones.com\/main\/producto\/sikaflex-1a-purform\/#primaryimage","url":"https:\/\/obssoluciones.com\/main\/wp-content\/uploads\/2024\/05\/Sikaflex-1A.png","contentUrl":"https:\/\/obssoluciones.com\/main\/wp-content\/uploads\/2024\/05\/Sikaflex-1A.png","width":600,"height":600},{"@type":"BreadcrumbList","@id":"https:\/\/obssoluciones.com\/main\/producto\/sikaflex-1a-purform\/#breadcrumb","itemListElement":[{"@type":"ListItem","position":1,"name":"Inicio","item":"https:\/\/obssoluciones.com\/main\/"},{"@type":"ListItem","position":2,"name":"Productos","item":"https:\/\/obssoluciones.com\/main\/productos\/"},{"@type":"ListItem","position":3,"name":"Sikaflex -1A Purform"}]},{"@type":"WebSite","@id":"https:\/\/obssoluciones.com\/main\/#website","url":"https:\/\/obssoluciones.com\/main\/","name":"OBS Soluciones","description":"","publisher":{"@id":"https:\/\/obssoluciones.com\/main\/#organization"},"potentialAction":[{"@type":"SearchAction","target":{"@type":"EntryPoint","urlTemplate":"https:\/\/obssoluciones.com\/main\/?s={search_term_string}"},"query-input":{"@type":"PropertyValueSpecification","valueRequired":true,"valueName":"search_term_string"}}],"inLanguage":"es"},{"@type":"Organization","@id":"https:\/\/obssoluciones.com\/main\/#organization","name":"OBS Soluciones","url":"https:\/\/obssoluciones.com\/main\/","logo":{"@type":"ImageObject","inLanguage":"es","@id":"https:\/\/obssoluciones.com\/main\/#\/schema\/logo\/image\/","url":"https:\/\/obssoluciones.com\/main\/wp-content\/uploads\/2024\/05\/OBS-Soluciones_logo2_1.png","contentUrl":"https:\/\/obssoluciones.com\/main\/wp-content\/uploads\/2024\/05\/OBS-Soluciones_logo2_1.png","width":256,"height":89,"caption":"OBS Soluciones"},"image":{"@id":"https:\/\/obssoluciones.com\/main\/#\/schema\/logo\/image\/"}}]}},"uagb_featured_image_src":{"full":["https:\/\/obssoluciones.com\/main\/wp-content\/uploads\/2024\/05\/Sikaflex-1A.png",600,600,false],"thumbnail":["https:\/\/obssoluciones.com\/main\/wp-content\/uploads\/2024\/05\/Sikaflex-1A-150x150.png",150,150,true],"medium":["https:\/\/obssoluciones.com\/main\/wp-content\/uploads\/2024\/05\/Sikaflex-1A-300x300.png",300,300,true],"medium_large":["https:\/\/obssoluciones.com\/main\/wp-content\/uploads\/2024\/05\/Sikaflex-1A.png",600,600,false],"large":["https:\/\/obssoluciones.com\/main\/wp-content\/uploads\/2024\/05\/Sikaflex-1A.png",600,600,false],"1536x1536":["https:\/\/obssoluciones.com\/main\/wp-content\/uploads\/2024\/05\/Sikaflex-1A.png",600,600,false],"2048x2048":["https:\/\/obssoluciones.com\/main\/wp-content\/uploads\/2024\/05\/Sikaflex-1A.png",600,600,false],"woocommerce_thumbnail":["https:\/\/obssoluciones.com\/main\/wp-content\/uploads\/2024\/05\/Sikaflex-1A-300x300.png",300,300,true],"woocommerce_single":["https:\/\/obssoluciones.com\/main\/wp-content\/uploads\/2024\/05\/Sikaflex-1A.png",600,600,false],"woocommerce_gallery_thumbnail":["https:\/\/obssoluciones.com\/main\/wp-content\/uploads\/2024\/05\/Sikaflex-1A-100x100.png",100,100,true]},"uagb_author_info":{"display_name":"admin","author_link":"https:\/\/obssoluciones.com\/main\/author\/"},"uagb_comment_info":0,"uagb_excerpt":"Sellador de juntas el\u00e1stico de poliuretano de alta calidad y con alta capacidad de movimiento, de 1-C que cura con la humedad del ambiente.","_links":{"self":[{"href":"https:\/\/obssoluciones.com\/main\/wp-json\/wp\/v2\/product\/645","targetHints":{"allow":["GET"]}}],"collection":[{"href":"https:\/\/obssoluciones.com\/main\/wp-json\/wp\/v2\/product"}],"about":[{"href":"https:\/\/obssoluciones.com\/main\/wp-json\/wp\/v2\/types\/product"}],"replies":[{"embeddable":true,"href":"https:\/\/obssoluciones.com\/main\/wp-json\/wp\/v2\/comments?post=645"}],"wp:featuredmedia":[{"embeddable":true,"href":"https:\/\/obssoluciones.com\/main\/wp-json\/wp\/v2\/media\/2758"}],"wp:attachment":[{"href":"https:\/\/obssoluciones.com\/main\/wp-json\/wp\/v2\/media?parent=645"}],"wp:term":[{"taxonomy":"product_brand","embeddable":true,"href":"https:\/\/obssoluciones.com\/main\/wp-json\/wp\/v2\/product_brand?post=645"},{"taxonomy":"product_cat","embeddable":true,"href":"https:\/\/obssoluciones.com\/main\/wp-json\/wp\/v2\/product_cat?post=645"},{"taxonomy":"product_tag","embeddable":true,"href":"https:\/\/obssoluciones.com\/main\/wp-json\/wp\/v2\/product_tag?post=645"}],"curies":[{"name":"wp","href":"https:\/\/api.w.org\/{rel}","templated":true}]}}