{"id":633,"date":"2024-05-21T13:03:16","date_gmt":"2024-05-21T19:03:16","guid":{"rendered":"http:\/\/138.128.188.138\/~obssoluciones\/?post_type=product&#038;p=633"},"modified":"2025-01-22T12:33:56","modified_gmt":"2025-01-22T18:33:56","slug":"charola-de-acero-inoxidable","status":"publish","type":"product","link":"https:\/\/obssoluciones.com\/main\/producto\/charola-de-acero-inoxidable\/","title":{"rendered":"Charola de acero inoxidable"},"content":{"rendered":"<p><strong>DESCRIPCI\u00d3N<\/strong><\/p>\n<p>Charola de acero inoxidable para compuesto, marca Panel Rey,\u00a0es una herramienta esencial para profesionales de la construcci\u00f3n y remodelaci\u00f3n.<\/p>\n<p><strong>USOS Y BENEFICIOS<\/strong><\/p>\n<ul>\n<li>La calidad de sus materiales y proceso de fabricaci\u00f3n hacen de esta charola la mejor opci\u00f3n en durabilidad y dise\u00f1o.<\/li>\n<li>Facilita la aplicaci\u00f3n de compuesto o base coat conteniendo una cantidad adecuada para su manejo. Hecha a base de Acero Inoxidable, M\u00e1xima durabilidad.<\/li>\n<\/ul>\n<p><strong>CARACTER\u00cdSTICAS<\/strong><\/p>\n<ul>\n<li>Su dise\u00f1o robusto y ergon\u00f3mico facilita la aplicaci\u00f3n de compuestos de manera eficiente y precisa.<\/li>\n<li>La superficie lisa y resistente a las manchas del acero inoxidable facilita la limpieza y el mantenimiento, asegurando una herramienta duradera y de f\u00e1cil cuidado.<\/li>\n<\/ul>\n<p><strong>DETALLES T\u00c9CNICOS<\/strong><\/p>\n<ul>\n<li>Medida: 12&#8243;<\/li>\n<\/ul>\n<p><span style=\"color: #00f0ff;\"><strong><a style=\"color: #00f0ff;\" href=\"https:\/\/obssoluciones.com\/main\/wp-content\/uploads\/2024\/05\/CHAROLA-DE-ACERO-INOXIDABLE.pdf\">FICHA T\u00c9CNICA<\/a><\/strong><\/span><\/p>\n","protected":false},"excerpt":{"rendered":"<p>Charola de acero inoxidable para compuesto, marca Panel Rey,\u00a0es una herramienta esencial para profesionales de la construcci\u00f3n y remodelaci\u00f3n.<\/p>\n","protected":false},"featured_media":730,"comment_status":"open","ping_status":"closed","template":"","meta":{"_uag_custom_page_level_css":"","site-sidebar-layout":"default","site-content-layout":"","ast-site-content-layout":"default","site-content-style":"default","site-sidebar-style":"default","ast-global-header-display":"","ast-banner-title-visibility":"","ast-main-header-display":"","ast-hfb-above-header-display":"","ast-hfb-below-header-display":"","ast-hfb-mobile-header-display":"","site-post-title":"","ast-breadcrumbs-content":"","ast-featured-img":"","footer-sml-layout":"","ast-disable-related-posts":"","theme-transparent-header-meta":"default","adv-header-id-meta":"","stick-header-meta":"","header-above-stick-meta":"","header-main-stick-meta":"","header-below-stick-meta":"","astra-migrate-meta-layouts":"set","ast-page-background-enabled":"default","ast-page-background-meta":{"desktop":{"background-color":"","background-image":"","background-repeat":"repeat","background-position":"center center","background-size":"auto","background-attachment":"scroll","background-type":"","background-media":"","overlay-type":"","overlay-color":"","overlay-opacity":"","overlay-gradient":""},"tablet":{"background-color":"","background-image":"","background-repeat":"repeat","background-position":"center center","background-size":"auto","background-attachment":"scroll","background-type":"","background-media":"","overlay-type":"","overlay-color":"","overlay-opacity":"","overlay-gradient":""},"mobile":{"background-color":"","background-image":"","background-repeat":"repeat","background-position":"center center","background-size":"auto","background-attachment":"scroll","background-type":"","background-media":"","overlay-type":"","overlay-color":"","overlay-opacity":"","overlay-gradient":""}},"ast-content-background-meta":{"desktop":{"background-color":"var(--ast-global-color-5)","background-image":"","background-repeat":"repeat","background-position":"center center","background-size":"auto","background-attachment":"scroll","background-type":"","background-media":"","overlay-type":"","overlay-color":"","overlay-opacity":"","overlay-gradient":""},"tablet":{"background-color":"var(--ast-global-color-5)","background-image":"","background-repeat":"repeat","background-position":"center center","background-size":"auto","background-attachment":"scroll","background-type":"","background-media":"","overlay-type":"","overlay-color":"","overlay-opacity":"","overlay-gradient":""},"mobile":{"background-color":"var(--ast-global-color-5)","background-image":"","background-repeat":"repeat","background-position":"center center","background-size":"auto","background-attachment":"scroll","background-type":"","background-media":"","overlay-type":"","overlay-color":"","overlay-opacity":"","overlay-gradient":""}}},"product_brand":[],"product_cat":[59],"product_tag":[],"class_list":{"0":"post-633","1":"product","2":"type-product","3":"status-publish","4":"has-post-thumbnail","6":"product_cat-herramientas","7":"desktop-align-left","8":"tablet-align-left","9":"mobile-align-left","10":"ast-product-gallery-layout-horizontal-slider","11":"ast-product-gallery-with-no-image","12":"ast-magnify-disabled","13":"ast-product-tabs-layout-horizontal","15":"first","16":"instock","17":"shipping-taxable","18":"product-type-simple"},"yoast_head":"<!-- This site is optimized with the Yoast SEO plugin v27.3 - https:\/\/yoast.com\/product\/yoast-seo-wordpress\/ -->\n<title>Charola de acero inoxidable - OBS Soluciones<\/title>\n<meta name=\"description\" content=\"Charola de acero inoxidable para compuesto, marca Panel Rey,\u00a0es una herramienta esencial para profesionales de la construcci\u00f3n y remodelaci\u00f3n.\" \/>\n<meta name=\"robots\" content=\"index, follow, max-snippet:-1, max-image-preview:large, max-video-preview:-1\" \/>\n<link rel=\"canonical\" href=\"https:\/\/obssoluciones.com\/main\/producto\/charola-de-acero-inoxidable\/\" \/>\n<meta property=\"og:locale\" content=\"es_MX\" \/>\n<meta property=\"og:type\" content=\"article\" \/>\n<meta property=\"og:title\" content=\"Charola de acero inoxidable - OBS Soluciones\" \/>\n<meta property=\"og:description\" content=\"Charola de acero inoxidable para compuesto, marca Panel Rey,\u00a0es una herramienta esencial para profesionales de la construcci\u00f3n y remodelaci\u00f3n.\" \/>\n<meta property=\"og:url\" content=\"https:\/\/obssoluciones.com\/main\/producto\/charola-de-acero-inoxidable\/\" \/>\n<meta property=\"og:site_name\" content=\"OBS Soluciones\" \/>\n<meta property=\"article:modified_time\" content=\"2025-01-22T18:33:56+00:00\" \/>\n<meta property=\"og:image\" content=\"https:\/\/obssoluciones.com\/main\/wp-content\/uploads\/2024\/05\/charola-de-acero-inoxidable.png\" \/>\n\t<meta property=\"og:image:width\" content=\"800\" \/>\n\t<meta property=\"og:image:height\" content=\"800\" \/>\n\t<meta property=\"og:image:type\" content=\"image\/png\" \/>\n<meta name=\"twitter:card\" content=\"summary_large_image\" \/>\n<meta name=\"twitter:label1\" content=\"Tiempo de lectura\" \/>\n\t<meta name=\"twitter:data1\" content=\"1 minuto\" \/>\n<script type=\"application\/ld+json\" class=\"yoast-schema-graph\">{\"@context\":\"https:\\\/\\\/schema.org\",\"@graph\":[{\"@type\":\"WebPage\",\"@id\":\"https:\\\/\\\/obssoluciones.com\\\/main\\\/producto\\\/charola-de-acero-inoxidable\\\/\",\"url\":\"https:\\\/\\\/obssoluciones.com\\\/main\\\/producto\\\/charola-de-acero-inoxidable\\\/\",\"name\":\"Charola de acero inoxidable - OBS Soluciones\",\"isPartOf\":{\"@id\":\"https:\\\/\\\/obssoluciones.com\\\/main\\\/#website\"},\"primaryImageOfPage\":{\"@id\":\"https:\\\/\\\/obssoluciones.com\\\/main\\\/producto\\\/charola-de-acero-inoxidable\\\/#primaryimage\"},\"image\":{\"@id\":\"https:\\\/\\\/obssoluciones.com\\\/main\\\/producto\\\/charola-de-acero-inoxidable\\\/#primaryimage\"},\"thumbnailUrl\":\"https:\\\/\\\/obssoluciones.com\\\/main\\\/wp-content\\\/uploads\\\/2024\\\/05\\\/charola-de-acero-inoxidable.png\",\"datePublished\":\"2024-05-21T19:03:16+00:00\",\"dateModified\":\"2025-01-22T18:33:56+00:00\",\"description\":\"Charola de acero inoxidable para compuesto, marca Panel Rey,\u00a0es una herramienta esencial para profesionales de la construcci\u00f3n y remodelaci\u00f3n.\",\"breadcrumb\":{\"@id\":\"https:\\\/\\\/obssoluciones.com\\\/main\\\/producto\\\/charola-de-acero-inoxidable\\\/#breadcrumb\"},\"inLanguage\":\"es\",\"potentialAction\":[{\"@type\":\"ReadAction\",\"target\":[\"https:\\\/\\\/obssoluciones.com\\\/main\\\/producto\\\/charola-de-acero-inoxidable\\\/\"]}]},{\"@type\":\"ImageObject\",\"inLanguage\":\"es\",\"@id\":\"https:\\\/\\\/obssoluciones.com\\\/main\\\/producto\\\/charola-de-acero-inoxidable\\\/#primaryimage\",\"url\":\"https:\\\/\\\/obssoluciones.com\\\/main\\\/wp-content\\\/uploads\\\/2024\\\/05\\\/charola-de-acero-inoxidable.png\",\"contentUrl\":\"https:\\\/\\\/obssoluciones.com\\\/main\\\/wp-content\\\/uploads\\\/2024\\\/05\\\/charola-de-acero-inoxidable.png\",\"width\":800,\"height\":800},{\"@type\":\"BreadcrumbList\",\"@id\":\"https:\\\/\\\/obssoluciones.com\\\/main\\\/producto\\\/charola-de-acero-inoxidable\\\/#breadcrumb\",\"itemListElement\":[{\"@type\":\"ListItem\",\"position\":1,\"name\":\"Inicio\",\"item\":\"https:\\\/\\\/obssoluciones.com\\\/main\\\/\"},{\"@type\":\"ListItem\",\"position\":2,\"name\":\"Productos\",\"item\":\"https:\\\/\\\/obssoluciones.com\\\/main\\\/productos\\\/\"},{\"@type\":\"ListItem\",\"position\":3,\"name\":\"Charola de acero inoxidable\"}]},{\"@type\":\"WebSite\",\"@id\":\"https:\\\/\\\/obssoluciones.com\\\/main\\\/#website\",\"url\":\"https:\\\/\\\/obssoluciones.com\\\/main\\\/\",\"name\":\"OBS Soluciones\",\"description\":\"\",\"publisher\":{\"@id\":\"https:\\\/\\\/obssoluciones.com\\\/main\\\/#organization\"},\"potentialAction\":[{\"@type\":\"SearchAction\",\"target\":{\"@type\":\"EntryPoint\",\"urlTemplate\":\"https:\\\/\\\/obssoluciones.com\\\/main\\\/?s={search_term_string}\"},\"query-input\":{\"@type\":\"PropertyValueSpecification\",\"valueRequired\":true,\"valueName\":\"search_term_string\"}}],\"inLanguage\":\"es\"},{\"@type\":\"Organization\",\"@id\":\"https:\\\/\\\/obssoluciones.com\\\/main\\\/#organization\",\"name\":\"OBS Soluciones\",\"url\":\"https:\\\/\\\/obssoluciones.com\\\/main\\\/\",\"logo\":{\"@type\":\"ImageObject\",\"inLanguage\":\"es\",\"@id\":\"https:\\\/\\\/obssoluciones.com\\\/main\\\/#\\\/schema\\\/logo\\\/image\\\/\",\"url\":\"https:\\\/\\\/obssoluciones.com\\\/main\\\/wp-content\\\/uploads\\\/2024\\\/05\\\/OBS-Soluciones_logo2_1.png\",\"contentUrl\":\"https:\\\/\\\/obssoluciones.com\\\/main\\\/wp-content\\\/uploads\\\/2024\\\/05\\\/OBS-Soluciones_logo2_1.png\",\"width\":256,\"height\":89,\"caption\":\"OBS Soluciones\"},\"image\":{\"@id\":\"https:\\\/\\\/obssoluciones.com\\\/main\\\/#\\\/schema\\\/logo\\\/image\\\/\"}}]}<\/script>\n<!-- \/ Yoast SEO plugin. -->","yoast_head_json":{"title":"Charola de acero inoxidable - OBS Soluciones","description":"Charola de acero inoxidable para compuesto, marca Panel Rey,\u00a0es una herramienta esencial para profesionales de la construcci\u00f3n y remodelaci\u00f3n.","robots":{"index":"index","follow":"follow","max-snippet":"max-snippet:-1","max-image-preview":"max-image-preview:large","max-video-preview":"max-video-preview:-1"},"canonical":"https:\/\/obssoluciones.com\/main\/producto\/charola-de-acero-inoxidable\/","og_locale":"es_MX","og_type":"article","og_title":"Charola de acero inoxidable - OBS Soluciones","og_description":"Charola de acero inoxidable para compuesto, marca Panel Rey,\u00a0es una herramienta esencial para profesionales de la construcci\u00f3n y remodelaci\u00f3n.","og_url":"https:\/\/obssoluciones.com\/main\/producto\/charola-de-acero-inoxidable\/","og_site_name":"OBS Soluciones","article_modified_time":"2025-01-22T18:33:56+00:00","og_image":[{"width":800,"height":800,"url":"https:\/\/obssoluciones.com\/main\/wp-content\/uploads\/2024\/05\/charola-de-acero-inoxidable.png","type":"image\/png"}],"twitter_card":"summary_large_image","twitter_misc":{"Tiempo de lectura":"1 minuto"},"schema":{"@context":"https:\/\/schema.org","@graph":[{"@type":"WebPage","@id":"https:\/\/obssoluciones.com\/main\/producto\/charola-de-acero-inoxidable\/","url":"https:\/\/obssoluciones.com\/main\/producto\/charola-de-acero-inoxidable\/","name":"Charola de acero inoxidable - OBS Soluciones","isPartOf":{"@id":"https:\/\/obssoluciones.com\/main\/#website"},"primaryImageOfPage":{"@id":"https:\/\/obssoluciones.com\/main\/producto\/charola-de-acero-inoxidable\/#primaryimage"},"image":{"@id":"https:\/\/obssoluciones.com\/main\/producto\/charola-de-acero-inoxidable\/#primaryimage"},"thumbnailUrl":"https:\/\/obssoluciones.com\/main\/wp-content\/uploads\/2024\/05\/charola-de-acero-inoxidable.png","datePublished":"2024-05-21T19:03:16+00:00","dateModified":"2025-01-22T18:33:56+00:00","description":"Charola de acero inoxidable para compuesto, marca Panel Rey,\u00a0es una herramienta esencial para profesionales de la construcci\u00f3n y remodelaci\u00f3n.","breadcrumb":{"@id":"https:\/\/obssoluciones.com\/main\/producto\/charola-de-acero-inoxidable\/#breadcrumb"},"inLanguage":"es","potentialAction":[{"@type":"ReadAction","target":["https:\/\/obssoluciones.com\/main\/producto\/charola-de-acero-inoxidable\/"]}]},{"@type":"ImageObject","inLanguage":"es","@id":"https:\/\/obssoluciones.com\/main\/producto\/charola-de-acero-inoxidable\/#primaryimage","url":"https:\/\/obssoluciones.com\/main\/wp-content\/uploads\/2024\/05\/charola-de-acero-inoxidable.png","contentUrl":"https:\/\/obssoluciones.com\/main\/wp-content\/uploads\/2024\/05\/charola-de-acero-inoxidable.png","width":800,"height":800},{"@type":"BreadcrumbList","@id":"https:\/\/obssoluciones.com\/main\/producto\/charola-de-acero-inoxidable\/#breadcrumb","itemListElement":[{"@type":"ListItem","position":1,"name":"Inicio","item":"https:\/\/obssoluciones.com\/main\/"},{"@type":"ListItem","position":2,"name":"Productos","item":"https:\/\/obssoluciones.com\/main\/productos\/"},{"@type":"ListItem","position":3,"name":"Charola de acero inoxidable"}]},{"@type":"WebSite","@id":"https:\/\/obssoluciones.com\/main\/#website","url":"https:\/\/obssoluciones.com\/main\/","name":"OBS Soluciones","description":"","publisher":{"@id":"https:\/\/obssoluciones.com\/main\/#organization"},"potentialAction":[{"@type":"SearchAction","target":{"@type":"EntryPoint","urlTemplate":"https:\/\/obssoluciones.com\/main\/?s={search_term_string}"},"query-input":{"@type":"PropertyValueSpecification","valueRequired":true,"valueName":"search_term_string"}}],"inLanguage":"es"},{"@type":"Organization","@id":"https:\/\/obssoluciones.com\/main\/#organization","name":"OBS Soluciones","url":"https:\/\/obssoluciones.com\/main\/","logo":{"@type":"ImageObject","inLanguage":"es","@id":"https:\/\/obssoluciones.com\/main\/#\/schema\/logo\/image\/","url":"https:\/\/obssoluciones.com\/main\/wp-content\/uploads\/2024\/05\/OBS-Soluciones_logo2_1.png","contentUrl":"https:\/\/obssoluciones.com\/main\/wp-content\/uploads\/2024\/05\/OBS-Soluciones_logo2_1.png","width":256,"height":89,"caption":"OBS Soluciones"},"image":{"@id":"https:\/\/obssoluciones.com\/main\/#\/schema\/logo\/image\/"}}]}},"uagb_featured_image_src":{"full":["https:\/\/obssoluciones.com\/main\/wp-content\/uploads\/2024\/05\/charola-de-acero-inoxidable.png",800,800,false],"thumbnail":["https:\/\/obssoluciones.com\/main\/wp-content\/uploads\/2024\/05\/charola-de-acero-inoxidable-150x150.png",150,150,true],"medium":["https:\/\/obssoluciones.com\/main\/wp-content\/uploads\/2024\/05\/charola-de-acero-inoxidable-300x300.png",300,300,true],"medium_large":["https:\/\/obssoluciones.com\/main\/wp-content\/uploads\/2024\/05\/charola-de-acero-inoxidable-768x768.png",768,768,true],"large":["https:\/\/obssoluciones.com\/main\/wp-content\/uploads\/2024\/05\/charola-de-acero-inoxidable.png",800,800,false],"1536x1536":["https:\/\/obssoluciones.com\/main\/wp-content\/uploads\/2024\/05\/charola-de-acero-inoxidable.png",800,800,false],"2048x2048":["https:\/\/obssoluciones.com\/main\/wp-content\/uploads\/2024\/05\/charola-de-acero-inoxidable.png",800,800,false],"woocommerce_thumbnail":["https:\/\/obssoluciones.com\/main\/wp-content\/uploads\/2024\/05\/charola-de-acero-inoxidable-300x300.png",300,300,true],"woocommerce_single":["https:\/\/obssoluciones.com\/main\/wp-content\/uploads\/2024\/05\/charola-de-acero-inoxidable-600x600.png",600,600,true],"woocommerce_gallery_thumbnail":["https:\/\/obssoluciones.com\/main\/wp-content\/uploads\/2024\/05\/charola-de-acero-inoxidable-100x100.png",100,100,true]},"uagb_author_info":{"display_name":"admin","author_link":"https:\/\/obssoluciones.com\/main\/author\/"},"uagb_comment_info":0,"uagb_excerpt":"Charola de acero inoxidable para compuesto, marca Panel Rey,\u00a0es una herramienta esencial para profesionales de la construcci\u00f3n y remodelaci\u00f3n.","_links":{"self":[{"href":"https:\/\/obssoluciones.com\/main\/wp-json\/wp\/v2\/product\/633","targetHints":{"allow":["GET"]}}],"collection":[{"href":"https:\/\/obssoluciones.com\/main\/wp-json\/wp\/v2\/product"}],"about":[{"href":"https:\/\/obssoluciones.com\/main\/wp-json\/wp\/v2\/types\/product"}],"replies":[{"embeddable":true,"href":"https:\/\/obssoluciones.com\/main\/wp-json\/wp\/v2\/comments?post=633"}],"wp:featuredmedia":[{"embeddable":true,"href":"https:\/\/obssoluciones.com\/main\/wp-json\/wp\/v2\/media\/730"}],"wp:attachment":[{"href":"https:\/\/obssoluciones.com\/main\/wp-json\/wp\/v2\/media?parent=633"}],"wp:term":[{"taxonomy":"product_brand","embeddable":true,"href":"https:\/\/obssoluciones.com\/main\/wp-json\/wp\/v2\/product_brand?post=633"},{"taxonomy":"product_cat","embeddable":true,"href":"https:\/\/obssoluciones.com\/main\/wp-json\/wp\/v2\/product_cat?post=633"},{"taxonomy":"product_tag","embeddable":true,"href":"https:\/\/obssoluciones.com\/main\/wp-json\/wp\/v2\/product_tag?post=633"}],"curies":[{"name":"wp","href":"https:\/\/api.w.org\/{rel}","templated":true}]}}