{"id":628,"date":"2024-05-21T12:45:32","date_gmt":"2024-05-21T18:45:32","guid":{"rendered":"http:\/\/138.128.188.138\/~obssoluciones\/?post_type=product&#038;p=628"},"modified":"2025-02-03T17:30:58","modified_gmt":"2025-02-03T23:30:58","slug":"aislamiento-termo-acustigo-owens-corning","status":"publish","type":"product","link":"https:\/\/obssoluciones.com\/main\/producto\/aislamiento-termo-acustigo-owens-corning\/","title":{"rendered":"Aislamiento termo ac\u00fastico Owens Corning"},"content":{"rendered":"<p><strong>DESCRIPCI\u00d3N<\/strong><\/p>\n<p>Aislamiento termo-ac\u00fastico fabricado con fibra de vidrio de baja densidad, aglutinada con resina fen\u00f3lica de fraguado t\u00e9rmico.<\/p>\n<p><strong>USOS Y BENEFICIOS<\/strong><\/p>\n<ul>\n<li>Interior de muros y canceles divisorios.<\/li>\n<li>Sobre falsos plafones y como absorbente de sonido bajo cierto tipo de pisos.<\/li>\n<li>En el interior de sistemas hechos con paneles de yeso.<\/li>\n<\/ul>\n<p><strong>CARACTER\u00cdSTICAS<\/strong><\/p>\n<ul>\n<li>M\u00e1xima eficiencia t\u00e9rmica al tener la m\u00e1s baja conductividad t\u00e9rmica que cualquier otro aislante de su tipo, garantiza la menor p\u00e9rdida o ganancia de calor.<\/li>\n<li>M\u00e1xima eficiencia ac\u00fastica, ayudando a crear un ambiente m\u00e1s silencioso y c\u00f3modo.<\/li>\n<li>Resistencia a la vibraci\u00f3n.<\/li>\n<li>No favorece la corrosi\u00f3n en acero, cobre y aluminio, dando una mayor vida \u00fatil en equipos e instalaciones.<\/li>\n<li>F\u00e1cil de instalar y manejar, ligero, bajo mantenimiento y larga duraci\u00f3n.<\/li>\n<li>Resiliente.<\/li>\n<li>Inorg\u00e1nico e inodoro.<\/li>\n<li>Dimensionalmente estable.<\/li>\n<li>Incombustible (sin recubrimiento).<\/li>\n<\/ul>\n<p><span style=\"color: #00f0ff;\"><strong><a style=\"color: #00f0ff;\" href=\"https:\/\/obssoluciones.com\/main\/wp-content\/uploads\/2024\/05\/Aislamiento-Termoacustico-Owens-Corning_.pdf\">FICHA T\u00c9CNICA<\/a><\/strong><\/span><\/p>\n","protected":false},"excerpt":{"rendered":"<p>Aislamiento termo-ac\u00fastico fabricado con fibra de vidrio de baja densidad, aglutinada con resina fen\u00f3lica de fraguado t\u00e9rmico.<\/p>\n","protected":false},"featured_media":2657,"comment_status":"open","ping_status":"closed","template":"","meta":{"_uag_custom_page_level_css":"","site-sidebar-layout":"default","site-content-layout":"","ast-site-content-layout":"default","site-content-style":"default","site-sidebar-style":"default","ast-global-header-display":"","ast-banner-title-visibility":"","ast-main-header-display":"","ast-hfb-above-header-display":"","ast-hfb-below-header-display":"","ast-hfb-mobile-header-display":"","site-post-title":"","ast-breadcrumbs-content":"","ast-featured-img":"","footer-sml-layout":"","ast-disable-related-posts":"","theme-transparent-header-meta":"default","adv-header-id-meta":"","stick-header-meta":"","header-above-stick-meta":"","header-main-stick-meta":"","header-below-stick-meta":"","astra-migrate-meta-layouts":"set","ast-page-background-enabled":"default","ast-page-background-meta":{"desktop":{"background-color":"","background-image":"","background-repeat":"repeat","background-position":"center center","background-size":"auto","background-attachment":"scroll","background-type":"","background-media":"","overlay-type":"","overlay-color":"","overlay-opacity":"","overlay-gradient":""},"tablet":{"background-color":"","background-image":"","background-repeat":"repeat","background-position":"center center","background-size":"auto","background-attachment":"scroll","background-type":"","background-media":"","overlay-type":"","overlay-color":"","overlay-opacity":"","overlay-gradient":""},"mobile":{"background-color":"","background-image":"","background-repeat":"repeat","background-position":"center center","background-size":"auto","background-attachment":"scroll","background-type":"","background-media":"","overlay-type":"","overlay-color":"","overlay-opacity":"","overlay-gradient":""}},"ast-content-background-meta":{"desktop":{"background-color":"var(--ast-global-color-5)","background-image":"","background-repeat":"repeat","background-position":"center center","background-size":"auto","background-attachment":"scroll","background-type":"","background-media":"","overlay-type":"","overlay-color":"","overlay-opacity":"","overlay-gradient":""},"tablet":{"background-color":"var(--ast-global-color-5)","background-image":"","background-repeat":"repeat","background-position":"center center","background-size":"auto","background-attachment":"scroll","background-type":"","background-media":"","overlay-type":"","overlay-color":"","overlay-opacity":"","overlay-gradient":""},"mobile":{"background-color":"var(--ast-global-color-5)","background-image":"","background-repeat":"repeat","background-position":"center center","background-size":"auto","background-attachment":"scroll","background-type":"","background-media":"","overlay-type":"","overlay-color":"","overlay-opacity":"","overlay-gradient":""}}},"product_brand":[],"product_cat":[29,32],"product_tag":[],"class_list":{"0":"post-628","1":"product","2":"type-product","3":"status-publish","4":"has-post-thumbnail","6":"product_cat-panel","7":"product_cat-muros-interior","8":"desktop-align-left","9":"tablet-align-left","10":"mobile-align-left","11":"ast-product-gallery-layout-horizontal-slider","12":"ast-product-gallery-with-no-image","13":"ast-magnify-disabled","14":"ast-product-tabs-layout-horizontal","16":"first","17":"instock","18":"shipping-taxable","19":"product-type-simple"},"yoast_head":"<!-- This site is optimized with the Yoast SEO plugin v27.3 - https:\/\/yoast.com\/product\/yoast-seo-wordpress\/ -->\n<title>Aislamiento termo ac\u00fastico Owens Corning - OBS Soluciones<\/title>\n<meta name=\"description\" content=\"Aislamiento termo-ac\u00fastico fabricado con fibra de vidrio de baja densidad, aglutinada con resina fen\u00f3lica de fraguado t\u00e9rmico.\" \/>\n<meta name=\"robots\" content=\"index, follow, max-snippet:-1, max-image-preview:large, max-video-preview:-1\" \/>\n<link rel=\"canonical\" href=\"https:\/\/obssoluciones.com\/main\/producto\/aislamiento-termo-acustigo-owens-corning\/\" \/>\n<meta property=\"og:locale\" content=\"es_MX\" \/>\n<meta property=\"og:type\" content=\"article\" \/>\n<meta property=\"og:title\" content=\"Aislamiento termo ac\u00fastico Owens Corning - OBS Soluciones\" \/>\n<meta property=\"og:description\" content=\"Aislamiento termo-ac\u00fastico fabricado con fibra de vidrio de baja densidad, aglutinada con resina fen\u00f3lica de fraguado t\u00e9rmico.\" \/>\n<meta property=\"og:url\" content=\"https:\/\/obssoluciones.com\/main\/producto\/aislamiento-termo-acustigo-owens-corning\/\" \/>\n<meta property=\"og:site_name\" content=\"OBS Soluciones\" \/>\n<meta property=\"article:modified_time\" content=\"2025-02-03T23:30:58+00:00\" \/>\n<meta property=\"og:image\" content=\"https:\/\/obssoluciones.com\/main\/wp-content\/uploads\/2024\/05\/Aislamiento-termo-acustico-Owens-Corning.png\" \/>\n\t<meta property=\"og:image:width\" content=\"600\" \/>\n\t<meta property=\"og:image:height\" content=\"600\" \/>\n\t<meta property=\"og:image:type\" content=\"image\/png\" \/>\n<meta name=\"twitter:card\" content=\"summary_large_image\" \/>\n<meta name=\"twitter:label1\" content=\"Tiempo de lectura\" \/>\n\t<meta name=\"twitter:data1\" content=\"1 minuto\" \/>\n<script type=\"application\/ld+json\" class=\"yoast-schema-graph\">{\"@context\":\"https:\\\/\\\/schema.org\",\"@graph\":[{\"@type\":\"WebPage\",\"@id\":\"https:\\\/\\\/obssoluciones.com\\\/main\\\/producto\\\/aislamiento-termo-acustigo-owens-corning\\\/\",\"url\":\"https:\\\/\\\/obssoluciones.com\\\/main\\\/producto\\\/aislamiento-termo-acustigo-owens-corning\\\/\",\"name\":\"Aislamiento termo ac\u00fastico Owens Corning - OBS Soluciones\",\"isPartOf\":{\"@id\":\"https:\\\/\\\/obssoluciones.com\\\/main\\\/#website\"},\"primaryImageOfPage\":{\"@id\":\"https:\\\/\\\/obssoluciones.com\\\/main\\\/producto\\\/aislamiento-termo-acustigo-owens-corning\\\/#primaryimage\"},\"image\":{\"@id\":\"https:\\\/\\\/obssoluciones.com\\\/main\\\/producto\\\/aislamiento-termo-acustigo-owens-corning\\\/#primaryimage\"},\"thumbnailUrl\":\"https:\\\/\\\/obssoluciones.com\\\/main\\\/wp-content\\\/uploads\\\/2024\\\/05\\\/Aislamiento-termo-acustico-Owens-Corning.png\",\"datePublished\":\"2024-05-21T18:45:32+00:00\",\"dateModified\":\"2025-02-03T23:30:58+00:00\",\"description\":\"Aislamiento termo-ac\u00fastico fabricado con fibra de vidrio de baja densidad, aglutinada con resina fen\u00f3lica de fraguado t\u00e9rmico.\",\"breadcrumb\":{\"@id\":\"https:\\\/\\\/obssoluciones.com\\\/main\\\/producto\\\/aislamiento-termo-acustigo-owens-corning\\\/#breadcrumb\"},\"inLanguage\":\"es\",\"potentialAction\":[{\"@type\":\"ReadAction\",\"target\":[\"https:\\\/\\\/obssoluciones.com\\\/main\\\/producto\\\/aislamiento-termo-acustigo-owens-corning\\\/\"]}]},{\"@type\":\"ImageObject\",\"inLanguage\":\"es\",\"@id\":\"https:\\\/\\\/obssoluciones.com\\\/main\\\/producto\\\/aislamiento-termo-acustigo-owens-corning\\\/#primaryimage\",\"url\":\"https:\\\/\\\/obssoluciones.com\\\/main\\\/wp-content\\\/uploads\\\/2024\\\/05\\\/Aislamiento-termo-acustico-Owens-Corning.png\",\"contentUrl\":\"https:\\\/\\\/obssoluciones.com\\\/main\\\/wp-content\\\/uploads\\\/2024\\\/05\\\/Aislamiento-termo-acustico-Owens-Corning.png\",\"width\":600,\"height\":600},{\"@type\":\"BreadcrumbList\",\"@id\":\"https:\\\/\\\/obssoluciones.com\\\/main\\\/producto\\\/aislamiento-termo-acustigo-owens-corning\\\/#breadcrumb\",\"itemListElement\":[{\"@type\":\"ListItem\",\"position\":1,\"name\":\"Inicio\",\"item\":\"https:\\\/\\\/obssoluciones.com\\\/main\\\/\"},{\"@type\":\"ListItem\",\"position\":2,\"name\":\"Productos\",\"item\":\"https:\\\/\\\/obssoluciones.com\\\/main\\\/productos\\\/\"},{\"@type\":\"ListItem\",\"position\":3,\"name\":\"Aislamiento termo ac\u00fastico Owens Corning\"}]},{\"@type\":\"WebSite\",\"@id\":\"https:\\\/\\\/obssoluciones.com\\\/main\\\/#website\",\"url\":\"https:\\\/\\\/obssoluciones.com\\\/main\\\/\",\"name\":\"OBS Soluciones\",\"description\":\"\",\"publisher\":{\"@id\":\"https:\\\/\\\/obssoluciones.com\\\/main\\\/#organization\"},\"potentialAction\":[{\"@type\":\"SearchAction\",\"target\":{\"@type\":\"EntryPoint\",\"urlTemplate\":\"https:\\\/\\\/obssoluciones.com\\\/main\\\/?s={search_term_string}\"},\"query-input\":{\"@type\":\"PropertyValueSpecification\",\"valueRequired\":true,\"valueName\":\"search_term_string\"}}],\"inLanguage\":\"es\"},{\"@type\":\"Organization\",\"@id\":\"https:\\\/\\\/obssoluciones.com\\\/main\\\/#organization\",\"name\":\"OBS Soluciones\",\"url\":\"https:\\\/\\\/obssoluciones.com\\\/main\\\/\",\"logo\":{\"@type\":\"ImageObject\",\"inLanguage\":\"es\",\"@id\":\"https:\\\/\\\/obssoluciones.com\\\/main\\\/#\\\/schema\\\/logo\\\/image\\\/\",\"url\":\"https:\\\/\\\/obssoluciones.com\\\/main\\\/wp-content\\\/uploads\\\/2024\\\/05\\\/OBS-Soluciones_logo2_1.png\",\"contentUrl\":\"https:\\\/\\\/obssoluciones.com\\\/main\\\/wp-content\\\/uploads\\\/2024\\\/05\\\/OBS-Soluciones_logo2_1.png\",\"width\":256,\"height\":89,\"caption\":\"OBS Soluciones\"},\"image\":{\"@id\":\"https:\\\/\\\/obssoluciones.com\\\/main\\\/#\\\/schema\\\/logo\\\/image\\\/\"}}]}<\/script>\n<!-- \/ Yoast SEO plugin. -->","yoast_head_json":{"title":"Aislamiento termo ac\u00fastico Owens Corning - OBS Soluciones","description":"Aislamiento termo-ac\u00fastico fabricado con fibra de vidrio de baja densidad, aglutinada con resina fen\u00f3lica de fraguado t\u00e9rmico.","robots":{"index":"index","follow":"follow","max-snippet":"max-snippet:-1","max-image-preview":"max-image-preview:large","max-video-preview":"max-video-preview:-1"},"canonical":"https:\/\/obssoluciones.com\/main\/producto\/aislamiento-termo-acustigo-owens-corning\/","og_locale":"es_MX","og_type":"article","og_title":"Aislamiento termo ac\u00fastico Owens Corning - OBS Soluciones","og_description":"Aislamiento termo-ac\u00fastico fabricado con fibra de vidrio de baja densidad, aglutinada con resina fen\u00f3lica de fraguado t\u00e9rmico.","og_url":"https:\/\/obssoluciones.com\/main\/producto\/aislamiento-termo-acustigo-owens-corning\/","og_site_name":"OBS Soluciones","article_modified_time":"2025-02-03T23:30:58+00:00","og_image":[{"width":600,"height":600,"url":"https:\/\/obssoluciones.com\/main\/wp-content\/uploads\/2024\/05\/Aislamiento-termo-acustico-Owens-Corning.png","type":"image\/png"}],"twitter_card":"summary_large_image","twitter_misc":{"Tiempo de lectura":"1 minuto"},"schema":{"@context":"https:\/\/schema.org","@graph":[{"@type":"WebPage","@id":"https:\/\/obssoluciones.com\/main\/producto\/aislamiento-termo-acustigo-owens-corning\/","url":"https:\/\/obssoluciones.com\/main\/producto\/aislamiento-termo-acustigo-owens-corning\/","name":"Aislamiento termo ac\u00fastico Owens Corning - OBS Soluciones","isPartOf":{"@id":"https:\/\/obssoluciones.com\/main\/#website"},"primaryImageOfPage":{"@id":"https:\/\/obssoluciones.com\/main\/producto\/aislamiento-termo-acustigo-owens-corning\/#primaryimage"},"image":{"@id":"https:\/\/obssoluciones.com\/main\/producto\/aislamiento-termo-acustigo-owens-corning\/#primaryimage"},"thumbnailUrl":"https:\/\/obssoluciones.com\/main\/wp-content\/uploads\/2024\/05\/Aislamiento-termo-acustico-Owens-Corning.png","datePublished":"2024-05-21T18:45:32+00:00","dateModified":"2025-02-03T23:30:58+00:00","description":"Aislamiento termo-ac\u00fastico fabricado con fibra de vidrio de baja densidad, aglutinada con resina fen\u00f3lica de fraguado t\u00e9rmico.","breadcrumb":{"@id":"https:\/\/obssoluciones.com\/main\/producto\/aislamiento-termo-acustigo-owens-corning\/#breadcrumb"},"inLanguage":"es","potentialAction":[{"@type":"ReadAction","target":["https:\/\/obssoluciones.com\/main\/producto\/aislamiento-termo-acustigo-owens-corning\/"]}]},{"@type":"ImageObject","inLanguage":"es","@id":"https:\/\/obssoluciones.com\/main\/producto\/aislamiento-termo-acustigo-owens-corning\/#primaryimage","url":"https:\/\/obssoluciones.com\/main\/wp-content\/uploads\/2024\/05\/Aislamiento-termo-acustico-Owens-Corning.png","contentUrl":"https:\/\/obssoluciones.com\/main\/wp-content\/uploads\/2024\/05\/Aislamiento-termo-acustico-Owens-Corning.png","width":600,"height":600},{"@type":"BreadcrumbList","@id":"https:\/\/obssoluciones.com\/main\/producto\/aislamiento-termo-acustigo-owens-corning\/#breadcrumb","itemListElement":[{"@type":"ListItem","position":1,"name":"Inicio","item":"https:\/\/obssoluciones.com\/main\/"},{"@type":"ListItem","position":2,"name":"Productos","item":"https:\/\/obssoluciones.com\/main\/productos\/"},{"@type":"ListItem","position":3,"name":"Aislamiento termo ac\u00fastico Owens Corning"}]},{"@type":"WebSite","@id":"https:\/\/obssoluciones.com\/main\/#website","url":"https:\/\/obssoluciones.com\/main\/","name":"OBS Soluciones","description":"","publisher":{"@id":"https:\/\/obssoluciones.com\/main\/#organization"},"potentialAction":[{"@type":"SearchAction","target":{"@type":"EntryPoint","urlTemplate":"https:\/\/obssoluciones.com\/main\/?s={search_term_string}"},"query-input":{"@type":"PropertyValueSpecification","valueRequired":true,"valueName":"search_term_string"}}],"inLanguage":"es"},{"@type":"Organization","@id":"https:\/\/obssoluciones.com\/main\/#organization","name":"OBS Soluciones","url":"https:\/\/obssoluciones.com\/main\/","logo":{"@type":"ImageObject","inLanguage":"es","@id":"https:\/\/obssoluciones.com\/main\/#\/schema\/logo\/image\/","url":"https:\/\/obssoluciones.com\/main\/wp-content\/uploads\/2024\/05\/OBS-Soluciones_logo2_1.png","contentUrl":"https:\/\/obssoluciones.com\/main\/wp-content\/uploads\/2024\/05\/OBS-Soluciones_logo2_1.png","width":256,"height":89,"caption":"OBS Soluciones"},"image":{"@id":"https:\/\/obssoluciones.com\/main\/#\/schema\/logo\/image\/"}}]}},"uagb_featured_image_src":{"full":["https:\/\/obssoluciones.com\/main\/wp-content\/uploads\/2024\/05\/Aislamiento-termo-acustico-Owens-Corning.png",600,600,false],"thumbnail":["https:\/\/obssoluciones.com\/main\/wp-content\/uploads\/2024\/05\/Aislamiento-termo-acustico-Owens-Corning-150x150.png",150,150,true],"medium":["https:\/\/obssoluciones.com\/main\/wp-content\/uploads\/2024\/05\/Aislamiento-termo-acustico-Owens-Corning-300x300.png",300,300,true],"medium_large":["https:\/\/obssoluciones.com\/main\/wp-content\/uploads\/2024\/05\/Aislamiento-termo-acustico-Owens-Corning.png",600,600,false],"large":["https:\/\/obssoluciones.com\/main\/wp-content\/uploads\/2024\/05\/Aislamiento-termo-acustico-Owens-Corning.png",600,600,false],"1536x1536":["https:\/\/obssoluciones.com\/main\/wp-content\/uploads\/2024\/05\/Aislamiento-termo-acustico-Owens-Corning.png",600,600,false],"2048x2048":["https:\/\/obssoluciones.com\/main\/wp-content\/uploads\/2024\/05\/Aislamiento-termo-acustico-Owens-Corning.png",600,600,false],"woocommerce_thumbnail":["https:\/\/obssoluciones.com\/main\/wp-content\/uploads\/2024\/05\/Aislamiento-termo-acustico-Owens-Corning-300x300.png",300,300,true],"woocommerce_single":["https:\/\/obssoluciones.com\/main\/wp-content\/uploads\/2024\/05\/Aislamiento-termo-acustico-Owens-Corning.png",600,600,false],"woocommerce_gallery_thumbnail":["https:\/\/obssoluciones.com\/main\/wp-content\/uploads\/2024\/05\/Aislamiento-termo-acustico-Owens-Corning-100x100.png",100,100,true]},"uagb_author_info":{"display_name":"admin","author_link":"https:\/\/obssoluciones.com\/main\/author\/"},"uagb_comment_info":0,"uagb_excerpt":"Aislamiento termo-ac\u00fastico fabricado con fibra de vidrio de baja densidad, aglutinada con resina fen\u00f3lica de fraguado t\u00e9rmico.","_links":{"self":[{"href":"https:\/\/obssoluciones.com\/main\/wp-json\/wp\/v2\/product\/628","targetHints":{"allow":["GET"]}}],"collection":[{"href":"https:\/\/obssoluciones.com\/main\/wp-json\/wp\/v2\/product"}],"about":[{"href":"https:\/\/obssoluciones.com\/main\/wp-json\/wp\/v2\/types\/product"}],"replies":[{"embeddable":true,"href":"https:\/\/obssoluciones.com\/main\/wp-json\/wp\/v2\/comments?post=628"}],"wp:featuredmedia":[{"embeddable":true,"href":"https:\/\/obssoluciones.com\/main\/wp-json\/wp\/v2\/media\/2657"}],"wp:attachment":[{"href":"https:\/\/obssoluciones.com\/main\/wp-json\/wp\/v2\/media?parent=628"}],"wp:term":[{"taxonomy":"product_brand","embeddable":true,"href":"https:\/\/obssoluciones.com\/main\/wp-json\/wp\/v2\/product_brand?post=628"},{"taxonomy":"product_cat","embeddable":true,"href":"https:\/\/obssoluciones.com\/main\/wp-json\/wp\/v2\/product_cat?post=628"},{"taxonomy":"product_tag","embeddable":true,"href":"https:\/\/obssoluciones.com\/main\/wp-json\/wp\/v2\/product_tag?post=628"}],"curies":[{"name":"wp","href":"https:\/\/api.w.org\/{rel}","templated":true}]}}