{"id":627,"date":"2024-05-21T12:44:25","date_gmt":"2024-05-21T18:44:25","guid":{"rendered":"http:\/\/138.128.188.138\/~obssoluciones\/?post_type=product&#038;p=627"},"modified":"2024-05-24T10:08:18","modified_gmt":"2024-05-24T16:08:18","slug":"barrera-de-vapor-tyvek-stuccowrap","status":"publish","type":"product","link":"https:\/\/obssoluciones.com\/main\/producto\/barrera-de-vapor-tyvek-stuccowrap\/","title":{"rendered":"BARRERA DE VAPOR TYVEK STUCCOWRAP"},"content":{"rendered":"<p>Funciona como una envoltura protectora que impide el ingreso del viento y la lluvia, dejando que la humedad del interior pueda salir.<br \/>\nLa mejor combinaci\u00f3n contra la humedad para su construcci\u00f3n.<br \/>\nSi no estas usando una membrana protectora de clima, toma unos minutos y ve que diferencia hace Tyvek\u2122 en millones de construcciones brindando una protecci\u00f3n de calidad.<br \/>\nConsidera las ventajas de Tyvek\u2122 como una soluci\u00f3n simple a un problema potencialmente serio.<br \/>\nTyvek\u2122 es un milagro de la ciencia de Dupont\u2122, es una membrana \u00fanica con las caracter\u00edsticas necesarias para proteger cualquier construcci\u00f3n.<br \/>\nControla el agua y las grietas en los recubrimientos de una mejor manera con este envoltorio en rollo.<br \/>\nPertenece a tipos de construcci\u00f3n:<br \/>\nResidencial, Industrial, Comercial<\/p>\n","protected":false},"excerpt":{"rendered":"<p>Esta membrana difusora de vapor es una hoja continua fabricada con fibras de polietileno de alta densidad, no tejidas ni perforadas, que han sido unidas por calor y presi\u00f3n, sin adhesivos o materiales de relleno.<br \/>\nLa familia Tyvek de DuPont est\u00e1 compuesta por varios productos con distintas caracter\u00edsticas para diversas aplicaciones:<br \/>\nCommercial Wrapp<br \/>\nStuccowrapp<br \/>\nHomewrapp<br \/>\nTyvek Tape<br \/>\n<strong>USOS Y BENEFICIOS<\/strong><br \/>\nMaterial extremadamente vers\u00e1til que combina alguna de las propiedades del papel, la pel\u00edcula y la tela.<br \/>\nResiste la filtraci\u00f3n de aire y de agua.<br \/>\nDeja pasar el vapor de humedad.<br \/>\nCuando se instala en muros expuestos a altos \u00edndices de humedad o salinidad, protege los perfiles contra\u00ad\u00ad la corrosi\u00f3n y la oxidaci\u00f3n.<br \/>\nAl impedir la filtraci\u00f3n del aire hacia el interior del inmueble, brinda un ambiente m\u00e1s confortable al edificio, ayudando a conservar su valor R.<br \/>\n<strong>GARANTIAS Y CERTIFICACIONES<\/strong><br \/>\nDuPont reemplazar\u00e1 cualquier producto del Sistema de Climatizaci\u00f3n de Tyvek que haya sido da\u00f1ado durante la instalaci\u00f3n, ya sea por las condiciones clim\u00e1ticas o por el manejo normal, s\u00f3lo si est\u00e1 instalado seg\u00fan los procedimientos publicados por DuPont.<br \/>\nPara preguntas contacta a los Sistemas de Climatizaci\u00f3n de DuPont Tyvek al 1-800-44-TYVEK.<br \/>\nSi el producto de DuPont FlexWrap y StraightFlash no cumple con las especificaciones del material publicadas al momento del env\u00edo o presenta defectos producidos durante su producci\u00f3n, DuPont reemplazar\u00e1 el material defectuoso sin cargo alguno.<\/p>\n","protected":false},"featured_media":980,"comment_status":"open","ping_status":"closed","template":"","meta":{"_uag_custom_page_level_css":"","site-sidebar-layout":"default","site-content-layout":"","ast-site-content-layout":"default","site-content-style":"default","site-sidebar-style":"default","ast-global-header-display":"","ast-banner-title-visibility":"","ast-main-header-display":"","ast-hfb-above-header-display":"","ast-hfb-below-header-display":"","ast-hfb-mobile-header-display":"","site-post-title":"","ast-breadcrumbs-content":"","ast-featured-img":"","footer-sml-layout":"","ast-disable-related-posts":"","theme-transparent-header-meta":"default","adv-header-id-meta":"","stick-header-meta":"","header-above-stick-meta":"","header-main-stick-meta":"","header-below-stick-meta":"","astra-migrate-meta-layouts":"set","ast-page-background-enabled":"default","ast-page-background-meta":{"desktop":{"background-color":"","background-image":"","background-repeat":"repeat","background-position":"center center","background-size":"auto","background-attachment":"scroll","background-type":"","background-media":"","overlay-type":"","overlay-color":"","overlay-opacity":"","overlay-gradient":""},"tablet":{"background-color":"","background-image":"","background-repeat":"repeat","background-position":"center center","background-size":"auto","background-attachment":"scroll","background-type":"","background-media":"","overlay-type":"","overlay-color":"","overlay-opacity":"","overlay-gradient":""},"mobile":{"background-color":"","background-image":"","background-repeat":"repeat","background-position":"center center","background-size":"auto","background-attachment":"scroll","background-type":"","background-media":"","overlay-type":"","overlay-color":"","overlay-opacity":"","overlay-gradient":""}},"ast-content-background-meta":{"desktop":{"background-color":"var(--ast-global-color-5)","background-image":"","background-repeat":"repeat","background-position":"center center","background-size":"auto","background-attachment":"scroll","background-type":"","background-media":"","overlay-type":"","overlay-color":"","overlay-opacity":"","overlay-gradient":""},"tablet":{"background-color":"var(--ast-global-color-5)","background-image":"","background-repeat":"repeat","background-position":"center center","background-size":"auto","background-attachment":"scroll","background-type":"","background-media":"","overlay-type":"","overlay-color":"","overlay-opacity":"","overlay-gradient":""},"mobile":{"background-color":"var(--ast-global-color-5)","background-image":"","background-repeat":"repeat","background-position":"center center","background-size":"auto","background-attachment":"scroll","background-type":"","background-media":"","overlay-type":"","overlay-color":"","overlay-opacity":"","overlay-gradient":""}}},"product_brand":[],"product_cat":[29],"product_tag":[],"class_list":{"0":"post-627","1":"product","2":"type-product","3":"status-publish","4":"has-post-thumbnail","6":"product_cat-panel","7":"desktop-align-left","8":"tablet-align-left","9":"mobile-align-left","10":"ast-product-gallery-layout-horizontal-slider","11":"ast-product-gallery-with-no-image","12":"ast-magnify-disabled","13":"ast-product-tabs-layout-horizontal","15":"first","16":"instock","17":"shipping-taxable","18":"product-type-simple"},"yoast_head":"<!-- This site is optimized with the Yoast SEO plugin v27.4 - https:\/\/yoast.com\/product\/yoast-seo-wordpress\/ -->\n<title>BARRERA DE VAPOR TYVEK STUCCOWRAP - OBS Soluciones<\/title>\n<meta name=\"robots\" content=\"index, follow, max-snippet:-1, max-image-preview:large, max-video-preview:-1\" \/>\n<link rel=\"canonical\" href=\"https:\/\/obssoluciones.com\/main\/producto\/barrera-de-vapor-tyvek-stuccowrap\/\" \/>\n<meta property=\"og:locale\" content=\"es_MX\" \/>\n<meta property=\"og:type\" content=\"article\" \/>\n<meta property=\"og:title\" content=\"BARRERA DE VAPOR TYVEK STUCCOWRAP - OBS Soluciones\" \/>\n<meta property=\"og:description\" content=\"Esta membrana difusora de vapor es una hoja continua fabricada con fibras de polietileno de alta densidad, no tejidas ni perforadas, que han sido unidas por calor y presi\u00f3n, sin adhesivos o materiales de relleno. La familia Tyvek de DuPont est\u00e1 compuesta por varios productos con distintas caracter\u00edsticas para diversas aplicaciones: Commercial Wrapp Stuccowrapp Homewrapp Tyvek Tape USOS Y BENEFICIOS Material extremadamente vers\u00e1til que combina alguna de las propiedades del papel, la pel\u00edcula y la tela. Resiste la filtraci\u00f3n de aire y de agua. Deja pasar el vapor de humedad. Cuando se instala en muros expuestos a altos \u00edndices de humedad o salinidad, protege los perfiles contra\u00ad\u00ad la corrosi\u00f3n y la oxidaci\u00f3n. Al impedir la filtraci\u00f3n del aire hacia el interior del inmueble, brinda un ambiente m\u00e1s confortable al edificio, ayudando a conservar su valor R. GARANTIAS Y CERTIFICACIONES DuPont reemplazar\u00e1 cualquier producto del Sistema de Climatizaci\u00f3n de Tyvek que haya sido da\u00f1ado durante la instalaci\u00f3n, ya sea por las condiciones clim\u00e1ticas o por el manejo normal, s\u00f3lo si est\u00e1 instalado seg\u00fan los procedimientos publicados por DuPont. Para preguntas contacta a los Sistemas de Climatizaci\u00f3n de DuPont Tyvek al 1-800-44-TYVEK. Si el producto de DuPont FlexWrap y StraightFlash no cumple con las especificaciones del material publicadas al momento del env\u00edo o presenta defectos producidos durante su producci\u00f3n, DuPont reemplazar\u00e1 el material defectuoso sin cargo alguno.\" \/>\n<meta property=\"og:url\" content=\"https:\/\/obssoluciones.com\/main\/producto\/barrera-de-vapor-tyvek-stuccowrap\/\" \/>\n<meta property=\"og:site_name\" content=\"OBS Soluciones\" \/>\n<meta property=\"article:modified_time\" content=\"2024-05-24T16:08:18+00:00\" \/>\n<meta property=\"og:image\" content=\"https:\/\/obssoluciones.com\/main\/wp-content\/uploads\/2024\/05\/BARRERA-DE-VAPOR-TYVEK-STUCCOWRAP.png\" \/>\n\t<meta property=\"og:image:width\" content=\"800\" \/>\n\t<meta property=\"og:image:height\" content=\"800\" \/>\n\t<meta property=\"og:image:type\" content=\"image\/png\" \/>\n<meta name=\"twitter:card\" content=\"summary_large_image\" \/>\n<meta name=\"twitter:label1\" content=\"Tiempo de lectura\" \/>\n\t<meta name=\"twitter:data1\" content=\"1 minuto\" \/>\n<script type=\"application\/ld+json\" class=\"yoast-schema-graph\">{\"@context\":\"https:\\\/\\\/schema.org\",\"@graph\":[{\"@type\":\"WebPage\",\"@id\":\"https:\\\/\\\/obssoluciones.com\\\/main\\\/producto\\\/barrera-de-vapor-tyvek-stuccowrap\\\/\",\"url\":\"https:\\\/\\\/obssoluciones.com\\\/main\\\/producto\\\/barrera-de-vapor-tyvek-stuccowrap\\\/\",\"name\":\"BARRERA DE VAPOR TYVEK STUCCOWRAP - OBS Soluciones\",\"isPartOf\":{\"@id\":\"https:\\\/\\\/obssoluciones.com\\\/main\\\/#website\"},\"primaryImageOfPage\":{\"@id\":\"https:\\\/\\\/obssoluciones.com\\\/main\\\/producto\\\/barrera-de-vapor-tyvek-stuccowrap\\\/#primaryimage\"},\"image\":{\"@id\":\"https:\\\/\\\/obssoluciones.com\\\/main\\\/producto\\\/barrera-de-vapor-tyvek-stuccowrap\\\/#primaryimage\"},\"thumbnailUrl\":\"https:\\\/\\\/obssoluciones.com\\\/main\\\/wp-content\\\/uploads\\\/2024\\\/05\\\/BARRERA-DE-VAPOR-TYVEK-STUCCOWRAP.png\",\"datePublished\":\"2024-05-21T18:44:25+00:00\",\"dateModified\":\"2024-05-24T16:08:18+00:00\",\"breadcrumb\":{\"@id\":\"https:\\\/\\\/obssoluciones.com\\\/main\\\/producto\\\/barrera-de-vapor-tyvek-stuccowrap\\\/#breadcrumb\"},\"inLanguage\":\"es\",\"potentialAction\":[{\"@type\":\"ReadAction\",\"target\":[\"https:\\\/\\\/obssoluciones.com\\\/main\\\/producto\\\/barrera-de-vapor-tyvek-stuccowrap\\\/\"]}]},{\"@type\":\"ImageObject\",\"inLanguage\":\"es\",\"@id\":\"https:\\\/\\\/obssoluciones.com\\\/main\\\/producto\\\/barrera-de-vapor-tyvek-stuccowrap\\\/#primaryimage\",\"url\":\"https:\\\/\\\/obssoluciones.com\\\/main\\\/wp-content\\\/uploads\\\/2024\\\/05\\\/BARRERA-DE-VAPOR-TYVEK-STUCCOWRAP.png\",\"contentUrl\":\"https:\\\/\\\/obssoluciones.com\\\/main\\\/wp-content\\\/uploads\\\/2024\\\/05\\\/BARRERA-DE-VAPOR-TYVEK-STUCCOWRAP.png\",\"width\":800,\"height\":800},{\"@type\":\"BreadcrumbList\",\"@id\":\"https:\\\/\\\/obssoluciones.com\\\/main\\\/producto\\\/barrera-de-vapor-tyvek-stuccowrap\\\/#breadcrumb\",\"itemListElement\":[{\"@type\":\"ListItem\",\"position\":1,\"name\":\"Inicio\",\"item\":\"https:\\\/\\\/obssoluciones.com\\\/main\\\/\"},{\"@type\":\"ListItem\",\"position\":2,\"name\":\"Productos\",\"item\":\"https:\\\/\\\/obssoluciones.com\\\/main\\\/productos\\\/\"},{\"@type\":\"ListItem\",\"position\":3,\"name\":\"BARRERA DE VAPOR TYVEK STUCCOWRAP\"}]},{\"@type\":\"WebSite\",\"@id\":\"https:\\\/\\\/obssoluciones.com\\\/main\\\/#website\",\"url\":\"https:\\\/\\\/obssoluciones.com\\\/main\\\/\",\"name\":\"OBS Soluciones\",\"description\":\"\",\"publisher\":{\"@id\":\"https:\\\/\\\/obssoluciones.com\\\/main\\\/#organization\"},\"potentialAction\":[{\"@type\":\"SearchAction\",\"target\":{\"@type\":\"EntryPoint\",\"urlTemplate\":\"https:\\\/\\\/obssoluciones.com\\\/main\\\/?s={search_term_string}\"},\"query-input\":{\"@type\":\"PropertyValueSpecification\",\"valueRequired\":true,\"valueName\":\"search_term_string\"}}],\"inLanguage\":\"es\"},{\"@type\":\"Organization\",\"@id\":\"https:\\\/\\\/obssoluciones.com\\\/main\\\/#organization\",\"name\":\"OBS Soluciones\",\"url\":\"https:\\\/\\\/obssoluciones.com\\\/main\\\/\",\"logo\":{\"@type\":\"ImageObject\",\"inLanguage\":\"es\",\"@id\":\"https:\\\/\\\/obssoluciones.com\\\/main\\\/#\\\/schema\\\/logo\\\/image\\\/\",\"url\":\"https:\\\/\\\/obssoluciones.com\\\/main\\\/wp-content\\\/uploads\\\/2024\\\/05\\\/OBS-Soluciones_logo2_1.png\",\"contentUrl\":\"https:\\\/\\\/obssoluciones.com\\\/main\\\/wp-content\\\/uploads\\\/2024\\\/05\\\/OBS-Soluciones_logo2_1.png\",\"width\":256,\"height\":89,\"caption\":\"OBS Soluciones\"},\"image\":{\"@id\":\"https:\\\/\\\/obssoluciones.com\\\/main\\\/#\\\/schema\\\/logo\\\/image\\\/\"}}]}<\/script>\n<!-- \/ Yoast SEO plugin. -->","yoast_head_json":{"title":"BARRERA DE VAPOR TYVEK STUCCOWRAP - OBS Soluciones","robots":{"index":"index","follow":"follow","max-snippet":"max-snippet:-1","max-image-preview":"max-image-preview:large","max-video-preview":"max-video-preview:-1"},"canonical":"https:\/\/obssoluciones.com\/main\/producto\/barrera-de-vapor-tyvek-stuccowrap\/","og_locale":"es_MX","og_type":"article","og_title":"BARRERA DE VAPOR TYVEK STUCCOWRAP - OBS Soluciones","og_description":"Esta membrana difusora de vapor es una hoja continua fabricada con fibras de polietileno de alta densidad, no tejidas ni perforadas, que han sido unidas por calor y presi\u00f3n, sin adhesivos o materiales de relleno. La familia Tyvek de DuPont est\u00e1 compuesta por varios productos con distintas caracter\u00edsticas para diversas aplicaciones: Commercial Wrapp Stuccowrapp Homewrapp Tyvek Tape USOS Y BENEFICIOS Material extremadamente vers\u00e1til que combina alguna de las propiedades del papel, la pel\u00edcula y la tela. Resiste la filtraci\u00f3n de aire y de agua. Deja pasar el vapor de humedad. Cuando se instala en muros expuestos a altos \u00edndices de humedad o salinidad, protege los perfiles contra\u00ad\u00ad la corrosi\u00f3n y la oxidaci\u00f3n. Al impedir la filtraci\u00f3n del aire hacia el interior del inmueble, brinda un ambiente m\u00e1s confortable al edificio, ayudando a conservar su valor R. GARANTIAS Y CERTIFICACIONES DuPont reemplazar\u00e1 cualquier producto del Sistema de Climatizaci\u00f3n de Tyvek que haya sido da\u00f1ado durante la instalaci\u00f3n, ya sea por las condiciones clim\u00e1ticas o por el manejo normal, s\u00f3lo si est\u00e1 instalado seg\u00fan los procedimientos publicados por DuPont. Para preguntas contacta a los Sistemas de Climatizaci\u00f3n de DuPont Tyvek al 1-800-44-TYVEK. Si el producto de DuPont FlexWrap y StraightFlash no cumple con las especificaciones del material publicadas al momento del env\u00edo o presenta defectos producidos durante su producci\u00f3n, DuPont reemplazar\u00e1 el material defectuoso sin cargo alguno.","og_url":"https:\/\/obssoluciones.com\/main\/producto\/barrera-de-vapor-tyvek-stuccowrap\/","og_site_name":"OBS Soluciones","article_modified_time":"2024-05-24T16:08:18+00:00","og_image":[{"width":800,"height":800,"url":"https:\/\/obssoluciones.com\/main\/wp-content\/uploads\/2024\/05\/BARRERA-DE-VAPOR-TYVEK-STUCCOWRAP.png","type":"image\/png"}],"twitter_card":"summary_large_image","twitter_misc":{"Tiempo de lectura":"1 minuto"},"schema":{"@context":"https:\/\/schema.org","@graph":[{"@type":"WebPage","@id":"https:\/\/obssoluciones.com\/main\/producto\/barrera-de-vapor-tyvek-stuccowrap\/","url":"https:\/\/obssoluciones.com\/main\/producto\/barrera-de-vapor-tyvek-stuccowrap\/","name":"BARRERA DE VAPOR TYVEK STUCCOWRAP - OBS Soluciones","isPartOf":{"@id":"https:\/\/obssoluciones.com\/main\/#website"},"primaryImageOfPage":{"@id":"https:\/\/obssoluciones.com\/main\/producto\/barrera-de-vapor-tyvek-stuccowrap\/#primaryimage"},"image":{"@id":"https:\/\/obssoluciones.com\/main\/producto\/barrera-de-vapor-tyvek-stuccowrap\/#primaryimage"},"thumbnailUrl":"https:\/\/obssoluciones.com\/main\/wp-content\/uploads\/2024\/05\/BARRERA-DE-VAPOR-TYVEK-STUCCOWRAP.png","datePublished":"2024-05-21T18:44:25+00:00","dateModified":"2024-05-24T16:08:18+00:00","breadcrumb":{"@id":"https:\/\/obssoluciones.com\/main\/producto\/barrera-de-vapor-tyvek-stuccowrap\/#breadcrumb"},"inLanguage":"es","potentialAction":[{"@type":"ReadAction","target":["https:\/\/obssoluciones.com\/main\/producto\/barrera-de-vapor-tyvek-stuccowrap\/"]}]},{"@type":"ImageObject","inLanguage":"es","@id":"https:\/\/obssoluciones.com\/main\/producto\/barrera-de-vapor-tyvek-stuccowrap\/#primaryimage","url":"https:\/\/obssoluciones.com\/main\/wp-content\/uploads\/2024\/05\/BARRERA-DE-VAPOR-TYVEK-STUCCOWRAP.png","contentUrl":"https:\/\/obssoluciones.com\/main\/wp-content\/uploads\/2024\/05\/BARRERA-DE-VAPOR-TYVEK-STUCCOWRAP.png","width":800,"height":800},{"@type":"BreadcrumbList","@id":"https:\/\/obssoluciones.com\/main\/producto\/barrera-de-vapor-tyvek-stuccowrap\/#breadcrumb","itemListElement":[{"@type":"ListItem","position":1,"name":"Inicio","item":"https:\/\/obssoluciones.com\/main\/"},{"@type":"ListItem","position":2,"name":"Productos","item":"https:\/\/obssoluciones.com\/main\/productos\/"},{"@type":"ListItem","position":3,"name":"BARRERA DE VAPOR TYVEK STUCCOWRAP"}]},{"@type":"WebSite","@id":"https:\/\/obssoluciones.com\/main\/#website","url":"https:\/\/obssoluciones.com\/main\/","name":"OBS Soluciones","description":"","publisher":{"@id":"https:\/\/obssoluciones.com\/main\/#organization"},"potentialAction":[{"@type":"SearchAction","target":{"@type":"EntryPoint","urlTemplate":"https:\/\/obssoluciones.com\/main\/?s={search_term_string}"},"query-input":{"@type":"PropertyValueSpecification","valueRequired":true,"valueName":"search_term_string"}}],"inLanguage":"es"},{"@type":"Organization","@id":"https:\/\/obssoluciones.com\/main\/#organization","name":"OBS Soluciones","url":"https:\/\/obssoluciones.com\/main\/","logo":{"@type":"ImageObject","inLanguage":"es","@id":"https:\/\/obssoluciones.com\/main\/#\/schema\/logo\/image\/","url":"https:\/\/obssoluciones.com\/main\/wp-content\/uploads\/2024\/05\/OBS-Soluciones_logo2_1.png","contentUrl":"https:\/\/obssoluciones.com\/main\/wp-content\/uploads\/2024\/05\/OBS-Soluciones_logo2_1.png","width":256,"height":89,"caption":"OBS Soluciones"},"image":{"@id":"https:\/\/obssoluciones.com\/main\/#\/schema\/logo\/image\/"}}]}},"uagb_featured_image_src":{"full":["https:\/\/obssoluciones.com\/main\/wp-content\/uploads\/2024\/05\/BARRERA-DE-VAPOR-TYVEK-STUCCOWRAP.png",800,800,false],"thumbnail":["https:\/\/obssoluciones.com\/main\/wp-content\/uploads\/2024\/05\/BARRERA-DE-VAPOR-TYVEK-STUCCOWRAP-150x150.png",150,150,true],"medium":["https:\/\/obssoluciones.com\/main\/wp-content\/uploads\/2024\/05\/BARRERA-DE-VAPOR-TYVEK-STUCCOWRAP-300x300.png",300,300,true],"medium_large":["https:\/\/obssoluciones.com\/main\/wp-content\/uploads\/2024\/05\/BARRERA-DE-VAPOR-TYVEK-STUCCOWRAP-768x768.png",768,768,true],"large":["https:\/\/obssoluciones.com\/main\/wp-content\/uploads\/2024\/05\/BARRERA-DE-VAPOR-TYVEK-STUCCOWRAP.png",800,800,false],"1536x1536":["https:\/\/obssoluciones.com\/main\/wp-content\/uploads\/2024\/05\/BARRERA-DE-VAPOR-TYVEK-STUCCOWRAP.png",800,800,false],"2048x2048":["https:\/\/obssoluciones.com\/main\/wp-content\/uploads\/2024\/05\/BARRERA-DE-VAPOR-TYVEK-STUCCOWRAP.png",800,800,false],"woocommerce_thumbnail":["https:\/\/obssoluciones.com\/main\/wp-content\/uploads\/2024\/05\/BARRERA-DE-VAPOR-TYVEK-STUCCOWRAP-300x300.png",300,300,true],"woocommerce_single":["https:\/\/obssoluciones.com\/main\/wp-content\/uploads\/2024\/05\/BARRERA-DE-VAPOR-TYVEK-STUCCOWRAP-600x600.png",600,600,true],"woocommerce_gallery_thumbnail":["https:\/\/obssoluciones.com\/main\/wp-content\/uploads\/2024\/05\/BARRERA-DE-VAPOR-TYVEK-STUCCOWRAP-100x100.png",100,100,true]},"uagb_author_info":{"display_name":"admin","author_link":"https:\/\/obssoluciones.com\/main\/author\/"},"uagb_comment_info":0,"uagb_excerpt":"Esta membrana difusora de vapor es una hoja continua fabricada con fibras de polietileno de alta densidad, no tejidas ni perforadas, que han sido unidas por calor y presi\u00f3n, sin adhesivos o materiales de relleno. La familia Tyvek de DuPont est\u00e1 compuesta por varios productos con distintas caracter\u00edsticas para diversas aplicaciones: Commercial Wrapp Stuccowrapp Homewrapp&hellip;","_links":{"self":[{"href":"https:\/\/obssoluciones.com\/main\/wp-json\/wp\/v2\/product\/627","targetHints":{"allow":["GET"]}}],"collection":[{"href":"https:\/\/obssoluciones.com\/main\/wp-json\/wp\/v2\/product"}],"about":[{"href":"https:\/\/obssoluciones.com\/main\/wp-json\/wp\/v2\/types\/product"}],"replies":[{"embeddable":true,"href":"https:\/\/obssoluciones.com\/main\/wp-json\/wp\/v2\/comments?post=627"}],"wp:featuredmedia":[{"embeddable":true,"href":"https:\/\/obssoluciones.com\/main\/wp-json\/wp\/v2\/media\/980"}],"wp:attachment":[{"href":"https:\/\/obssoluciones.com\/main\/wp-json\/wp\/v2\/media?parent=627"}],"wp:term":[{"taxonomy":"product_brand","embeddable":true,"href":"https:\/\/obssoluciones.com\/main\/wp-json\/wp\/v2\/product_brand?post=627"},{"taxonomy":"product_cat","embeddable":true,"href":"https:\/\/obssoluciones.com\/main\/wp-json\/wp\/v2\/product_cat?post=627"},{"taxonomy":"product_tag","embeddable":true,"href":"https:\/\/obssoluciones.com\/main\/wp-json\/wp\/v2\/product_tag?post=627"}],"curies":[{"name":"wp","href":"https:\/\/api.w.org\/{rel}","templated":true}]}}