{"id":625,"date":"2024-05-21T12:39:52","date_gmt":"2024-05-21T18:39:52","guid":{"rendered":"http:\/\/138.128.188.138\/~obssoluciones\/?post_type=product&#038;p=625"},"modified":"2024-05-24T10:09:27","modified_gmt":"2024-05-24T16:09:27","slug":"malla-de-fibra-de-vidrio","status":"publish","type":"product","link":"https:\/\/obssoluciones.com\/main\/producto\/malla-de-fibra-de-vidrio\/","title":{"rendered":"MALLA DE FIBRA DE VIDRIO"},"content":{"rendered":"<p>Facilidad de Corte y Resistencia al desgaste<br \/>\nRevestimiento Flexible que facilita la aplicaci\u00f3n<br \/>\nAhora con una resistencia 4 veces mayor entre hilo e hilo.<br \/>\nMejor adhesi\u00f3n, reduce el desgaste, mejor cortabilidad y<br \/>\nmanipulaci\u00f3n.<br \/>\nMalla mas robusta y que mantiene la flexibilidad<br \/>\nUtilizados en sistemas de aislamiento exterior (EIFS)<br \/>\nFabricado de Fibra de Vidrio<br \/>\nRecubierto con avanzados pol\u00edmeros \u00e1lcali-resistentes.<\/p>\n","protected":false},"excerpt":{"rendered":"<p>Revestimiento Flexible que facilita la aplicaci\u00f3n ahora con una resistencia 4 veces mayor entre hilo e hilo. Mejor adhesi\u00f3n, reduce el desgaste, mejor cortabilidad y manipulaci\u00f3n. Malla mas robusta y que mantiene la flexibilidad Utilizados en sistemas de aislamiento exterior (EIFS) Fabricado de Fibra de Vidrio Recubierto con avanzados pol\u00edmeros \u00e1lcali-resistentes.<br \/>\n<strong>Caracter\u00edsticas del Producto<\/strong><br \/>\nPromueve el rendimiento del sistema a trav\u00e9s de impacto, \u00f3ptima resistencia a las grietas, malla con revestimientos mejorados para la resistencia al fuego y a los \u00e1lcalis.<br \/>\nRedise\u00f1ado para una mayor flexibilidad y manejabilidad, especialmente valiosa en la cobertura de formas complejas.<br \/>\nNueva f\u00f3rmula proporciona resistencia superior entre hilos y resiste el desgaste al cortar.<br \/>\nCumple o excede los est\u00e1ndares de calidad aplicables de la industria.<\/p>\n","protected":false},"featured_media":981,"comment_status":"open","ping_status":"closed","template":"","meta":{"_uag_custom_page_level_css":"","site-sidebar-layout":"default","site-content-layout":"","ast-site-content-layout":"default","site-content-style":"default","site-sidebar-style":"default","ast-global-header-display":"","ast-banner-title-visibility":"","ast-main-header-display":"","ast-hfb-above-header-display":"","ast-hfb-below-header-display":"","ast-hfb-mobile-header-display":"","site-post-title":"","ast-breadcrumbs-content":"","ast-featured-img":"","footer-sml-layout":"","ast-disable-related-posts":"","theme-transparent-header-meta":"default","adv-header-id-meta":"","stick-header-meta":"","header-above-stick-meta":"","header-main-stick-meta":"","header-below-stick-meta":"","astra-migrate-meta-layouts":"set","ast-page-background-enabled":"default","ast-page-background-meta":{"desktop":{"background-color":"","background-image":"","background-repeat":"repeat","background-position":"center center","background-size":"auto","background-attachment":"scroll","background-type":"","background-media":"","overlay-type":"","overlay-color":"","overlay-opacity":"","overlay-gradient":""},"tablet":{"background-color":"","background-image":"","background-repeat":"repeat","background-position":"center center","background-size":"auto","background-attachment":"scroll","background-type":"","background-media":"","overlay-type":"","overlay-color":"","overlay-opacity":"","overlay-gradient":""},"mobile":{"background-color":"","background-image":"","background-repeat":"repeat","background-position":"center center","background-size":"auto","background-attachment":"scroll","background-type":"","background-media":"","overlay-type":"","overlay-color":"","overlay-opacity":"","overlay-gradient":""}},"ast-content-background-meta":{"desktop":{"background-color":"var(--ast-global-color-5)","background-image":"","background-repeat":"repeat","background-position":"center center","background-size":"auto","background-attachment":"scroll","background-type":"","background-media":"","overlay-type":"","overlay-color":"","overlay-opacity":"","overlay-gradient":""},"tablet":{"background-color":"var(--ast-global-color-5)","background-image":"","background-repeat":"repeat","background-position":"center center","background-size":"auto","background-attachment":"scroll","background-type":"","background-media":"","overlay-type":"","overlay-color":"","overlay-opacity":"","overlay-gradient":""},"mobile":{"background-color":"var(--ast-global-color-5)","background-image":"","background-repeat":"repeat","background-position":"center center","background-size":"auto","background-attachment":"scroll","background-type":"","background-media":"","overlay-type":"","overlay-color":"","overlay-opacity":"","overlay-gradient":""}}},"product_brand":[],"product_cat":[29],"product_tag":[],"class_list":{"0":"post-625","1":"product","2":"type-product","3":"status-publish","4":"has-post-thumbnail","6":"product_cat-panel","7":"desktop-align-left","8":"tablet-align-left","9":"mobile-align-left","10":"ast-product-gallery-layout-horizontal-slider","11":"ast-product-gallery-with-no-image","12":"ast-magnify-disabled","13":"ast-product-tabs-layout-horizontal","15":"first","16":"instock","17":"shipping-taxable","18":"product-type-simple"},"yoast_head":"<!-- This site is optimized with the Yoast SEO plugin v27.4 - https:\/\/yoast.com\/product\/yoast-seo-wordpress\/ -->\n<title>MALLA DE FIBRA DE VIDRIO - OBS Soluciones<\/title>\n<meta name=\"robots\" content=\"index, follow, max-snippet:-1, max-image-preview:large, max-video-preview:-1\" \/>\n<link rel=\"canonical\" href=\"https:\/\/obssoluciones.com\/main\/producto\/malla-de-fibra-de-vidrio\/\" \/>\n<meta property=\"og:locale\" content=\"es_MX\" \/>\n<meta property=\"og:type\" content=\"article\" \/>\n<meta property=\"og:title\" content=\"MALLA DE FIBRA DE VIDRIO - OBS Soluciones\" \/>\n<meta property=\"og:description\" content=\"Revestimiento Flexible que facilita la aplicaci\u00f3n ahora con una resistencia 4 veces mayor entre hilo e hilo. Mejor adhesi\u00f3n, reduce el desgaste, mejor cortabilidad y manipulaci\u00f3n. Malla mas robusta y que mantiene la flexibilidad Utilizados en sistemas de aislamiento exterior (EIFS) Fabricado de Fibra de Vidrio Recubierto con avanzados pol\u00edmeros \u00e1lcali-resistentes. Caracter\u00edsticas del Producto Promueve el rendimiento del sistema a trav\u00e9s de impacto, \u00f3ptima resistencia a las grietas, malla con revestimientos mejorados para la resistencia al fuego y a los \u00e1lcalis. Redise\u00f1ado para una mayor flexibilidad y manejabilidad, especialmente valiosa en la cobertura de formas complejas. Nueva f\u00f3rmula proporciona resistencia superior entre hilos y resiste el desgaste al cortar. Cumple o excede los est\u00e1ndares de calidad aplicables de la industria.\" \/>\n<meta property=\"og:url\" content=\"https:\/\/obssoluciones.com\/main\/producto\/malla-de-fibra-de-vidrio\/\" \/>\n<meta property=\"og:site_name\" content=\"OBS Soluciones\" \/>\n<meta property=\"article:modified_time\" content=\"2024-05-24T16:09:27+00:00\" \/>\n<meta property=\"og:image\" content=\"https:\/\/obssoluciones.com\/main\/wp-content\/uploads\/2024\/05\/MALLA-DE-FIBRA-DE-VIDRIO.png\" \/>\n\t<meta property=\"og:image:width\" content=\"800\" \/>\n\t<meta property=\"og:image:height\" content=\"800\" \/>\n\t<meta property=\"og:image:type\" content=\"image\/png\" \/>\n<meta name=\"twitter:card\" content=\"summary_large_image\" \/>\n<meta name=\"twitter:label1\" content=\"Tiempo de lectura\" \/>\n\t<meta name=\"twitter:data1\" content=\"1 minuto\" \/>\n<script type=\"application\/ld+json\" class=\"yoast-schema-graph\">{\"@context\":\"https:\\\/\\\/schema.org\",\"@graph\":[{\"@type\":\"WebPage\",\"@id\":\"https:\\\/\\\/obssoluciones.com\\\/main\\\/producto\\\/malla-de-fibra-de-vidrio\\\/\",\"url\":\"https:\\\/\\\/obssoluciones.com\\\/main\\\/producto\\\/malla-de-fibra-de-vidrio\\\/\",\"name\":\"MALLA DE FIBRA DE VIDRIO - OBS Soluciones\",\"isPartOf\":{\"@id\":\"https:\\\/\\\/obssoluciones.com\\\/main\\\/#website\"},\"primaryImageOfPage\":{\"@id\":\"https:\\\/\\\/obssoluciones.com\\\/main\\\/producto\\\/malla-de-fibra-de-vidrio\\\/#primaryimage\"},\"image\":{\"@id\":\"https:\\\/\\\/obssoluciones.com\\\/main\\\/producto\\\/malla-de-fibra-de-vidrio\\\/#primaryimage\"},\"thumbnailUrl\":\"https:\\\/\\\/obssoluciones.com\\\/main\\\/wp-content\\\/uploads\\\/2024\\\/05\\\/MALLA-DE-FIBRA-DE-VIDRIO.png\",\"datePublished\":\"2024-05-21T18:39:52+00:00\",\"dateModified\":\"2024-05-24T16:09:27+00:00\",\"breadcrumb\":{\"@id\":\"https:\\\/\\\/obssoluciones.com\\\/main\\\/producto\\\/malla-de-fibra-de-vidrio\\\/#breadcrumb\"},\"inLanguage\":\"es\",\"potentialAction\":[{\"@type\":\"ReadAction\",\"target\":[\"https:\\\/\\\/obssoluciones.com\\\/main\\\/producto\\\/malla-de-fibra-de-vidrio\\\/\"]}]},{\"@type\":\"ImageObject\",\"inLanguage\":\"es\",\"@id\":\"https:\\\/\\\/obssoluciones.com\\\/main\\\/producto\\\/malla-de-fibra-de-vidrio\\\/#primaryimage\",\"url\":\"https:\\\/\\\/obssoluciones.com\\\/main\\\/wp-content\\\/uploads\\\/2024\\\/05\\\/MALLA-DE-FIBRA-DE-VIDRIO.png\",\"contentUrl\":\"https:\\\/\\\/obssoluciones.com\\\/main\\\/wp-content\\\/uploads\\\/2024\\\/05\\\/MALLA-DE-FIBRA-DE-VIDRIO.png\",\"width\":800,\"height\":800},{\"@type\":\"BreadcrumbList\",\"@id\":\"https:\\\/\\\/obssoluciones.com\\\/main\\\/producto\\\/malla-de-fibra-de-vidrio\\\/#breadcrumb\",\"itemListElement\":[{\"@type\":\"ListItem\",\"position\":1,\"name\":\"Inicio\",\"item\":\"https:\\\/\\\/obssoluciones.com\\\/main\\\/\"},{\"@type\":\"ListItem\",\"position\":2,\"name\":\"Productos\",\"item\":\"https:\\\/\\\/obssoluciones.com\\\/main\\\/productos\\\/\"},{\"@type\":\"ListItem\",\"position\":3,\"name\":\"MALLA DE FIBRA DE VIDRIO\"}]},{\"@type\":\"WebSite\",\"@id\":\"https:\\\/\\\/obssoluciones.com\\\/main\\\/#website\",\"url\":\"https:\\\/\\\/obssoluciones.com\\\/main\\\/\",\"name\":\"OBS Soluciones\",\"description\":\"\",\"publisher\":{\"@id\":\"https:\\\/\\\/obssoluciones.com\\\/main\\\/#organization\"},\"potentialAction\":[{\"@type\":\"SearchAction\",\"target\":{\"@type\":\"EntryPoint\",\"urlTemplate\":\"https:\\\/\\\/obssoluciones.com\\\/main\\\/?s={search_term_string}\"},\"query-input\":{\"@type\":\"PropertyValueSpecification\",\"valueRequired\":true,\"valueName\":\"search_term_string\"}}],\"inLanguage\":\"es\"},{\"@type\":\"Organization\",\"@id\":\"https:\\\/\\\/obssoluciones.com\\\/main\\\/#organization\",\"name\":\"OBS Soluciones\",\"url\":\"https:\\\/\\\/obssoluciones.com\\\/main\\\/\",\"logo\":{\"@type\":\"ImageObject\",\"inLanguage\":\"es\",\"@id\":\"https:\\\/\\\/obssoluciones.com\\\/main\\\/#\\\/schema\\\/logo\\\/image\\\/\",\"url\":\"https:\\\/\\\/obssoluciones.com\\\/main\\\/wp-content\\\/uploads\\\/2024\\\/05\\\/OBS-Soluciones_logo2_1.png\",\"contentUrl\":\"https:\\\/\\\/obssoluciones.com\\\/main\\\/wp-content\\\/uploads\\\/2024\\\/05\\\/OBS-Soluciones_logo2_1.png\",\"width\":256,\"height\":89,\"caption\":\"OBS Soluciones\"},\"image\":{\"@id\":\"https:\\\/\\\/obssoluciones.com\\\/main\\\/#\\\/schema\\\/logo\\\/image\\\/\"}}]}<\/script>\n<!-- \/ Yoast SEO plugin. -->","yoast_head_json":{"title":"MALLA DE FIBRA DE VIDRIO - OBS Soluciones","robots":{"index":"index","follow":"follow","max-snippet":"max-snippet:-1","max-image-preview":"max-image-preview:large","max-video-preview":"max-video-preview:-1"},"canonical":"https:\/\/obssoluciones.com\/main\/producto\/malla-de-fibra-de-vidrio\/","og_locale":"es_MX","og_type":"article","og_title":"MALLA DE FIBRA DE VIDRIO - OBS Soluciones","og_description":"Revestimiento Flexible que facilita la aplicaci\u00f3n ahora con una resistencia 4 veces mayor entre hilo e hilo. Mejor adhesi\u00f3n, reduce el desgaste, mejor cortabilidad y manipulaci\u00f3n. Malla mas robusta y que mantiene la flexibilidad Utilizados en sistemas de aislamiento exterior (EIFS) Fabricado de Fibra de Vidrio Recubierto con avanzados pol\u00edmeros \u00e1lcali-resistentes. Caracter\u00edsticas del Producto Promueve el rendimiento del sistema a trav\u00e9s de impacto, \u00f3ptima resistencia a las grietas, malla con revestimientos mejorados para la resistencia al fuego y a los \u00e1lcalis. Redise\u00f1ado para una mayor flexibilidad y manejabilidad, especialmente valiosa en la cobertura de formas complejas. Nueva f\u00f3rmula proporciona resistencia superior entre hilos y resiste el desgaste al cortar. Cumple o excede los est\u00e1ndares de calidad aplicables de la industria.","og_url":"https:\/\/obssoluciones.com\/main\/producto\/malla-de-fibra-de-vidrio\/","og_site_name":"OBS Soluciones","article_modified_time":"2024-05-24T16:09:27+00:00","og_image":[{"width":800,"height":800,"url":"https:\/\/obssoluciones.com\/main\/wp-content\/uploads\/2024\/05\/MALLA-DE-FIBRA-DE-VIDRIO.png","type":"image\/png"}],"twitter_card":"summary_large_image","twitter_misc":{"Tiempo de lectura":"1 minuto"},"schema":{"@context":"https:\/\/schema.org","@graph":[{"@type":"WebPage","@id":"https:\/\/obssoluciones.com\/main\/producto\/malla-de-fibra-de-vidrio\/","url":"https:\/\/obssoluciones.com\/main\/producto\/malla-de-fibra-de-vidrio\/","name":"MALLA DE FIBRA DE VIDRIO - OBS Soluciones","isPartOf":{"@id":"https:\/\/obssoluciones.com\/main\/#website"},"primaryImageOfPage":{"@id":"https:\/\/obssoluciones.com\/main\/producto\/malla-de-fibra-de-vidrio\/#primaryimage"},"image":{"@id":"https:\/\/obssoluciones.com\/main\/producto\/malla-de-fibra-de-vidrio\/#primaryimage"},"thumbnailUrl":"https:\/\/obssoluciones.com\/main\/wp-content\/uploads\/2024\/05\/MALLA-DE-FIBRA-DE-VIDRIO.png","datePublished":"2024-05-21T18:39:52+00:00","dateModified":"2024-05-24T16:09:27+00:00","breadcrumb":{"@id":"https:\/\/obssoluciones.com\/main\/producto\/malla-de-fibra-de-vidrio\/#breadcrumb"},"inLanguage":"es","potentialAction":[{"@type":"ReadAction","target":["https:\/\/obssoluciones.com\/main\/producto\/malla-de-fibra-de-vidrio\/"]}]},{"@type":"ImageObject","inLanguage":"es","@id":"https:\/\/obssoluciones.com\/main\/producto\/malla-de-fibra-de-vidrio\/#primaryimage","url":"https:\/\/obssoluciones.com\/main\/wp-content\/uploads\/2024\/05\/MALLA-DE-FIBRA-DE-VIDRIO.png","contentUrl":"https:\/\/obssoluciones.com\/main\/wp-content\/uploads\/2024\/05\/MALLA-DE-FIBRA-DE-VIDRIO.png","width":800,"height":800},{"@type":"BreadcrumbList","@id":"https:\/\/obssoluciones.com\/main\/producto\/malla-de-fibra-de-vidrio\/#breadcrumb","itemListElement":[{"@type":"ListItem","position":1,"name":"Inicio","item":"https:\/\/obssoluciones.com\/main\/"},{"@type":"ListItem","position":2,"name":"Productos","item":"https:\/\/obssoluciones.com\/main\/productos\/"},{"@type":"ListItem","position":3,"name":"MALLA DE FIBRA DE VIDRIO"}]},{"@type":"WebSite","@id":"https:\/\/obssoluciones.com\/main\/#website","url":"https:\/\/obssoluciones.com\/main\/","name":"OBS Soluciones","description":"","publisher":{"@id":"https:\/\/obssoluciones.com\/main\/#organization"},"potentialAction":[{"@type":"SearchAction","target":{"@type":"EntryPoint","urlTemplate":"https:\/\/obssoluciones.com\/main\/?s={search_term_string}"},"query-input":{"@type":"PropertyValueSpecification","valueRequired":true,"valueName":"search_term_string"}}],"inLanguage":"es"},{"@type":"Organization","@id":"https:\/\/obssoluciones.com\/main\/#organization","name":"OBS Soluciones","url":"https:\/\/obssoluciones.com\/main\/","logo":{"@type":"ImageObject","inLanguage":"es","@id":"https:\/\/obssoluciones.com\/main\/#\/schema\/logo\/image\/","url":"https:\/\/obssoluciones.com\/main\/wp-content\/uploads\/2024\/05\/OBS-Soluciones_logo2_1.png","contentUrl":"https:\/\/obssoluciones.com\/main\/wp-content\/uploads\/2024\/05\/OBS-Soluciones_logo2_1.png","width":256,"height":89,"caption":"OBS Soluciones"},"image":{"@id":"https:\/\/obssoluciones.com\/main\/#\/schema\/logo\/image\/"}}]}},"uagb_featured_image_src":{"full":["https:\/\/obssoluciones.com\/main\/wp-content\/uploads\/2024\/05\/MALLA-DE-FIBRA-DE-VIDRIO.png",800,800,false],"thumbnail":["https:\/\/obssoluciones.com\/main\/wp-content\/uploads\/2024\/05\/MALLA-DE-FIBRA-DE-VIDRIO-150x150.png",150,150,true],"medium":["https:\/\/obssoluciones.com\/main\/wp-content\/uploads\/2024\/05\/MALLA-DE-FIBRA-DE-VIDRIO-300x300.png",300,300,true],"medium_large":["https:\/\/obssoluciones.com\/main\/wp-content\/uploads\/2024\/05\/MALLA-DE-FIBRA-DE-VIDRIO-768x768.png",768,768,true],"large":["https:\/\/obssoluciones.com\/main\/wp-content\/uploads\/2024\/05\/MALLA-DE-FIBRA-DE-VIDRIO.png",800,800,false],"1536x1536":["https:\/\/obssoluciones.com\/main\/wp-content\/uploads\/2024\/05\/MALLA-DE-FIBRA-DE-VIDRIO.png",800,800,false],"2048x2048":["https:\/\/obssoluciones.com\/main\/wp-content\/uploads\/2024\/05\/MALLA-DE-FIBRA-DE-VIDRIO.png",800,800,false],"woocommerce_thumbnail":["https:\/\/obssoluciones.com\/main\/wp-content\/uploads\/2024\/05\/MALLA-DE-FIBRA-DE-VIDRIO-300x300.png",300,300,true],"woocommerce_single":["https:\/\/obssoluciones.com\/main\/wp-content\/uploads\/2024\/05\/MALLA-DE-FIBRA-DE-VIDRIO-600x600.png",600,600,true],"woocommerce_gallery_thumbnail":["https:\/\/obssoluciones.com\/main\/wp-content\/uploads\/2024\/05\/MALLA-DE-FIBRA-DE-VIDRIO-100x100.png",100,100,true]},"uagb_author_info":{"display_name":"admin","author_link":"https:\/\/obssoluciones.com\/main\/author\/"},"uagb_comment_info":0,"uagb_excerpt":"Revestimiento Flexible que facilita la aplicaci\u00f3n ahora con una resistencia 4 veces mayor entre hilo e hilo. Mejor adhesi\u00f3n, reduce el desgaste, mejor cortabilidad y manipulaci\u00f3n. Malla mas robusta y que mantiene la flexibilidad Utilizados en sistemas de aislamiento exterior (EIFS) Fabricado de Fibra de Vidrio Recubierto con avanzados pol\u00edmeros \u00e1lcali-resistentes. Caracter\u00edsticas del Producto Promueve&hellip;","_links":{"self":[{"href":"https:\/\/obssoluciones.com\/main\/wp-json\/wp\/v2\/product\/625","targetHints":{"allow":["GET"]}}],"collection":[{"href":"https:\/\/obssoluciones.com\/main\/wp-json\/wp\/v2\/product"}],"about":[{"href":"https:\/\/obssoluciones.com\/main\/wp-json\/wp\/v2\/types\/product"}],"replies":[{"embeddable":true,"href":"https:\/\/obssoluciones.com\/main\/wp-json\/wp\/v2\/comments?post=625"}],"wp:featuredmedia":[{"embeddable":true,"href":"https:\/\/obssoluciones.com\/main\/wp-json\/wp\/v2\/media\/981"}],"wp:attachment":[{"href":"https:\/\/obssoluciones.com\/main\/wp-json\/wp\/v2\/media?parent=625"}],"wp:term":[{"taxonomy":"product_brand","embeddable":true,"href":"https:\/\/obssoluciones.com\/main\/wp-json\/wp\/v2\/product_brand?post=625"},{"taxonomy":"product_cat","embeddable":true,"href":"https:\/\/obssoluciones.com\/main\/wp-json\/wp\/v2\/product_cat?post=625"},{"taxonomy":"product_tag","embeddable":true,"href":"https:\/\/obssoluciones.com\/main\/wp-json\/wp\/v2\/product_tag?post=625"}],"curies":[{"name":"wp","href":"https:\/\/api.w.org\/{rel}","templated":true}]}}