{"id":619,"date":"2024-05-21T11:35:41","date_gmt":"2024-05-21T17:35:41","guid":{"rendered":"http:\/\/138.128.188.138\/~obssoluciones\/?post_type=product&#038;p=619"},"modified":"2024-05-29T13:39:34","modified_gmt":"2024-05-29T19:39:34","slug":"sistema-de-suspension-armstrong","status":"publish","type":"product","link":"https:\/\/obssoluciones.com\/main\/producto\/sistema-de-suspension-armstrong\/","title":{"rendered":"SISTEMA DE SUSPENSION ARMSTRONG"},"content":{"rendered":"<p>Los sistemas de suspensi\u00f3n Armstrong han sido dise\u00f1ados especialmente para lograr el mejor efecto est\u00e9tico en combinaci\u00f3n con la l\u00ednea de plafones Armstrong. INSTALACI\u00d3N F\u00c1CIL Y R\u00c1PIDA El eficiente dise\u00f1o de los ensambles para las uniones a 90\u00b0 as\u00ed como longitudinales, permiten la m\u00e1s r\u00e1pida y f\u00e1cil instalaci\u00f3n adem\u00e1s de ser desmontable y reutilizable. RESISTENCIA &#8211; Est\u00e1 fabricado con doble l\u00e1mina en el alma. &#8211; Ensambles dise\u00f1ados que permiten una uni\u00f3n perfecta. &#8211; Comportamiento estructural regulado por la ASTM (Ameican Society for Testing and Materials). &#8211; Acero galvanizado por inmersi\u00f3n en caliente. FLEXIBLIDAD DE DISE\u00d1O &#8211; Permite modulaciones de 0.61 x 1.22m y\/o 0.61 x 0.61m y cambios en el dise\u00f1o. &#8211; Alternativa para colocaci\u00f3n visible y oculta.<br \/>\nElegantes paneles con el que lograr\u00e1s una admirable est\u00e9tica junto con un efectivo aislamiento ac\u00fastico.<br \/>\nPertenece a tipos de construcci\u00f3n:<br \/>\nResidencial, Institucional, Industrial, Comercial<\/p>\n","protected":false},"excerpt":{"rendered":"<p>Los sistemas de suspensi\u00f3n Armstrong est\u00e1n dise\u00f1ados para lograr el mejor efecto est\u00e9tico y de aislamiento ac\u00fastico en combinaci\u00f3n con la l\u00ednea de plafones Armstrong.<br \/>\nEl eficiente dise\u00f1o de los ensambles permiten la m\u00e1s r\u00e1pida y f\u00e1cil instalaci\u00f3n, adem\u00e1s de ser desmontable y reutilizable.<br \/>\nFlexibilidad de dise\u00f1o:<br \/>\nPermite modulaciones de 0.61 x 1.22m y\/o 0.61 x 0.61m y cambios en el dise\u00f1o.<br \/>\nAlternativa para colocaci\u00f3n visible y oculta.<br \/>\n<strong>USOS Y BENEFICIOS<\/strong><br \/>\nResistencia: Fabricado con doble l\u00e1mina en el alma.<br \/>\nEnsambles dise\u00f1ados que permiten una uni\u00f3n perfecta.<br \/>\nAcero galvanizado por inmersi\u00f3n en caliente.<br \/>\nInteriores, tales como:<br \/>\nCentros comerciales.<br \/>\nAulas.<br \/>\nAuditorios.<br \/>\nSalas de espera.<br \/>\nComedores.<br \/>\nBodegas.<br \/>\n<strong>GARANTIAS Y CERTIFICACIONES<\/strong><br \/>\nComportamiento estructural regulado por la ASTM.<br \/>\nClase A: no propaga flama ni genera humo.<\/p>\n","protected":false},"featured_media":1262,"comment_status":"open","ping_status":"closed","template":"","meta":{"_uag_custom_page_level_css":"","site-sidebar-layout":"default","site-content-layout":"","ast-site-content-layout":"default","site-content-style":"default","site-sidebar-style":"default","ast-global-header-display":"","ast-banner-title-visibility":"","ast-main-header-display":"","ast-hfb-above-header-display":"","ast-hfb-below-header-display":"","ast-hfb-mobile-header-display":"","site-post-title":"","ast-breadcrumbs-content":"","ast-featured-img":"","footer-sml-layout":"","ast-disable-related-posts":"","theme-transparent-header-meta":"default","adv-header-id-meta":"","stick-header-meta":"","header-above-stick-meta":"","header-main-stick-meta":"","header-below-stick-meta":"","astra-migrate-meta-layouts":"set","ast-page-background-enabled":"default","ast-page-background-meta":{"desktop":{"background-color":"","background-image":"","background-repeat":"repeat","background-position":"center center","background-size":"auto","background-attachment":"scroll","background-type":"","background-media":"","overlay-type":"","overlay-color":"","overlay-opacity":"","overlay-gradient":""},"tablet":{"background-color":"","background-image":"","background-repeat":"repeat","background-position":"center center","background-size":"auto","background-attachment":"scroll","background-type":"","background-media":"","overlay-type":"","overlay-color":"","overlay-opacity":"","overlay-gradient":""},"mobile":{"background-color":"","background-image":"","background-repeat":"repeat","background-position":"center center","background-size":"auto","background-attachment":"scroll","background-type":"","background-media":"","overlay-type":"","overlay-color":"","overlay-opacity":"","overlay-gradient":""}},"ast-content-background-meta":{"desktop":{"background-color":"var(--ast-global-color-5)","background-image":"","background-repeat":"repeat","background-position":"center center","background-size":"auto","background-attachment":"scroll","background-type":"","background-media":"","overlay-type":"","overlay-color":"","overlay-opacity":"","overlay-gradient":""},"tablet":{"background-color":"var(--ast-global-color-5)","background-image":"","background-repeat":"repeat","background-position":"center center","background-size":"auto","background-attachment":"scroll","background-type":"","background-media":"","overlay-type":"","overlay-color":"","overlay-opacity":"","overlay-gradient":""},"mobile":{"background-color":"var(--ast-global-color-5)","background-image":"","background-repeat":"repeat","background-position":"center center","background-size":"auto","background-attachment":"scroll","background-type":"","background-media":"","overlay-type":"","overlay-color":"","overlay-opacity":"","overlay-gradient":""}}},"product_brand":[],"product_cat":[29],"product_tag":[],"class_list":{"0":"post-619","1":"product","2":"type-product","3":"status-publish","4":"has-post-thumbnail","6":"product_cat-panel","7":"desktop-align-left","8":"tablet-align-left","9":"mobile-align-left","10":"ast-product-gallery-layout-horizontal-slider","11":"ast-product-gallery-with-no-image","12":"ast-magnify-disabled","13":"ast-product-tabs-layout-horizontal","15":"first","16":"instock","17":"shipping-taxable","18":"product-type-simple"},"yoast_head":"<!-- This site is optimized with the Yoast SEO plugin v27.4 - https:\/\/yoast.com\/product\/yoast-seo-wordpress\/ -->\n<title>SISTEMA DE SUSPENSION ARMSTRONG - OBS Soluciones<\/title>\n<meta name=\"robots\" content=\"index, follow, max-snippet:-1, max-image-preview:large, max-video-preview:-1\" \/>\n<link rel=\"canonical\" href=\"https:\/\/obssoluciones.com\/main\/producto\/sistema-de-suspension-armstrong\/\" \/>\n<meta property=\"og:locale\" content=\"es_MX\" \/>\n<meta property=\"og:type\" content=\"article\" \/>\n<meta property=\"og:title\" content=\"SISTEMA DE SUSPENSION ARMSTRONG - OBS Soluciones\" \/>\n<meta property=\"og:description\" content=\"Los sistemas de suspensi\u00f3n Armstrong est\u00e1n dise\u00f1ados para lograr el mejor efecto est\u00e9tico y de aislamiento ac\u00fastico en combinaci\u00f3n con la l\u00ednea de plafones Armstrong. El eficiente dise\u00f1o de los ensambles permiten la m\u00e1s r\u00e1pida y f\u00e1cil instalaci\u00f3n, adem\u00e1s de ser desmontable y reutilizable. Flexibilidad de dise\u00f1o: Permite modulaciones de 0.61 x 1.22m y\/o 0.61 x 0.61m y cambios en el dise\u00f1o. Alternativa para colocaci\u00f3n visible y oculta. USOS Y BENEFICIOS Resistencia: Fabricado con doble l\u00e1mina en el alma. Ensambles dise\u00f1ados que permiten una uni\u00f3n perfecta. Acero galvanizado por inmersi\u00f3n en caliente. Interiores, tales como: Centros comerciales. Aulas. Auditorios. Salas de espera. Comedores. Bodegas. GARANTIAS Y CERTIFICACIONES Comportamiento estructural regulado por la ASTM. Clase A: no propaga flama ni genera humo.\" \/>\n<meta property=\"og:url\" content=\"https:\/\/obssoluciones.com\/main\/producto\/sistema-de-suspension-armstrong\/\" \/>\n<meta property=\"og:site_name\" content=\"OBS Soluciones\" \/>\n<meta property=\"article:modified_time\" content=\"2024-05-29T19:39:34+00:00\" \/>\n<meta property=\"og:image\" content=\"https:\/\/obssoluciones.com\/main\/wp-content\/uploads\/2024\/05\/SISTEMA-DE-SUSPENSION-ARMSTRONG.png\" \/>\n\t<meta property=\"og:image:width\" content=\"600\" \/>\n\t<meta property=\"og:image:height\" content=\"600\" \/>\n\t<meta property=\"og:image:type\" content=\"image\/png\" \/>\n<meta name=\"twitter:card\" content=\"summary_large_image\" \/>\n<meta name=\"twitter:label1\" content=\"Tiempo de lectura\" \/>\n\t<meta name=\"twitter:data1\" content=\"1 minuto\" \/>\n<script type=\"application\/ld+json\" class=\"yoast-schema-graph\">{\"@context\":\"https:\\\/\\\/schema.org\",\"@graph\":[{\"@type\":\"WebPage\",\"@id\":\"https:\\\/\\\/obssoluciones.com\\\/main\\\/producto\\\/sistema-de-suspension-armstrong\\\/\",\"url\":\"https:\\\/\\\/obssoluciones.com\\\/main\\\/producto\\\/sistema-de-suspension-armstrong\\\/\",\"name\":\"SISTEMA DE SUSPENSION ARMSTRONG - OBS Soluciones\",\"isPartOf\":{\"@id\":\"https:\\\/\\\/obssoluciones.com\\\/main\\\/#website\"},\"primaryImageOfPage\":{\"@id\":\"https:\\\/\\\/obssoluciones.com\\\/main\\\/producto\\\/sistema-de-suspension-armstrong\\\/#primaryimage\"},\"image\":{\"@id\":\"https:\\\/\\\/obssoluciones.com\\\/main\\\/producto\\\/sistema-de-suspension-armstrong\\\/#primaryimage\"},\"thumbnailUrl\":\"https:\\\/\\\/obssoluciones.com\\\/main\\\/wp-content\\\/uploads\\\/2024\\\/05\\\/SISTEMA-DE-SUSPENSION-ARMSTRONG.png\",\"datePublished\":\"2024-05-21T17:35:41+00:00\",\"dateModified\":\"2024-05-29T19:39:34+00:00\",\"breadcrumb\":{\"@id\":\"https:\\\/\\\/obssoluciones.com\\\/main\\\/producto\\\/sistema-de-suspension-armstrong\\\/#breadcrumb\"},\"inLanguage\":\"es\",\"potentialAction\":[{\"@type\":\"ReadAction\",\"target\":[\"https:\\\/\\\/obssoluciones.com\\\/main\\\/producto\\\/sistema-de-suspension-armstrong\\\/\"]}]},{\"@type\":\"ImageObject\",\"inLanguage\":\"es\",\"@id\":\"https:\\\/\\\/obssoluciones.com\\\/main\\\/producto\\\/sistema-de-suspension-armstrong\\\/#primaryimage\",\"url\":\"https:\\\/\\\/obssoluciones.com\\\/main\\\/wp-content\\\/uploads\\\/2024\\\/05\\\/SISTEMA-DE-SUSPENSION-ARMSTRONG.png\",\"contentUrl\":\"https:\\\/\\\/obssoluciones.com\\\/main\\\/wp-content\\\/uploads\\\/2024\\\/05\\\/SISTEMA-DE-SUSPENSION-ARMSTRONG.png\",\"width\":600,\"height\":600},{\"@type\":\"BreadcrumbList\",\"@id\":\"https:\\\/\\\/obssoluciones.com\\\/main\\\/producto\\\/sistema-de-suspension-armstrong\\\/#breadcrumb\",\"itemListElement\":[{\"@type\":\"ListItem\",\"position\":1,\"name\":\"Inicio\",\"item\":\"https:\\\/\\\/obssoluciones.com\\\/main\\\/\"},{\"@type\":\"ListItem\",\"position\":2,\"name\":\"Productos\",\"item\":\"https:\\\/\\\/obssoluciones.com\\\/main\\\/productos\\\/\"},{\"@type\":\"ListItem\",\"position\":3,\"name\":\"SISTEMA DE SUSPENSION ARMSTRONG\"}]},{\"@type\":\"WebSite\",\"@id\":\"https:\\\/\\\/obssoluciones.com\\\/main\\\/#website\",\"url\":\"https:\\\/\\\/obssoluciones.com\\\/main\\\/\",\"name\":\"OBS Soluciones\",\"description\":\"\",\"publisher\":{\"@id\":\"https:\\\/\\\/obssoluciones.com\\\/main\\\/#organization\"},\"potentialAction\":[{\"@type\":\"SearchAction\",\"target\":{\"@type\":\"EntryPoint\",\"urlTemplate\":\"https:\\\/\\\/obssoluciones.com\\\/main\\\/?s={search_term_string}\"},\"query-input\":{\"@type\":\"PropertyValueSpecification\",\"valueRequired\":true,\"valueName\":\"search_term_string\"}}],\"inLanguage\":\"es\"},{\"@type\":\"Organization\",\"@id\":\"https:\\\/\\\/obssoluciones.com\\\/main\\\/#organization\",\"name\":\"OBS Soluciones\",\"url\":\"https:\\\/\\\/obssoluciones.com\\\/main\\\/\",\"logo\":{\"@type\":\"ImageObject\",\"inLanguage\":\"es\",\"@id\":\"https:\\\/\\\/obssoluciones.com\\\/main\\\/#\\\/schema\\\/logo\\\/image\\\/\",\"url\":\"https:\\\/\\\/obssoluciones.com\\\/main\\\/wp-content\\\/uploads\\\/2024\\\/05\\\/OBS-Soluciones_logo2_1.png\",\"contentUrl\":\"https:\\\/\\\/obssoluciones.com\\\/main\\\/wp-content\\\/uploads\\\/2024\\\/05\\\/OBS-Soluciones_logo2_1.png\",\"width\":256,\"height\":89,\"caption\":\"OBS Soluciones\"},\"image\":{\"@id\":\"https:\\\/\\\/obssoluciones.com\\\/main\\\/#\\\/schema\\\/logo\\\/image\\\/\"}}]}<\/script>\n<!-- \/ Yoast SEO plugin. -->","yoast_head_json":{"title":"SISTEMA DE SUSPENSION ARMSTRONG - OBS Soluciones","robots":{"index":"index","follow":"follow","max-snippet":"max-snippet:-1","max-image-preview":"max-image-preview:large","max-video-preview":"max-video-preview:-1"},"canonical":"https:\/\/obssoluciones.com\/main\/producto\/sistema-de-suspension-armstrong\/","og_locale":"es_MX","og_type":"article","og_title":"SISTEMA DE SUSPENSION ARMSTRONG - OBS Soluciones","og_description":"Los sistemas de suspensi\u00f3n Armstrong est\u00e1n dise\u00f1ados para lograr el mejor efecto est\u00e9tico y de aislamiento ac\u00fastico en combinaci\u00f3n con la l\u00ednea de plafones Armstrong. El eficiente dise\u00f1o de los ensambles permiten la m\u00e1s r\u00e1pida y f\u00e1cil instalaci\u00f3n, adem\u00e1s de ser desmontable y reutilizable. Flexibilidad de dise\u00f1o: Permite modulaciones de 0.61 x 1.22m y\/o 0.61 x 0.61m y cambios en el dise\u00f1o. Alternativa para colocaci\u00f3n visible y oculta. USOS Y BENEFICIOS Resistencia: Fabricado con doble l\u00e1mina en el alma. Ensambles dise\u00f1ados que permiten una uni\u00f3n perfecta. Acero galvanizado por inmersi\u00f3n en caliente. Interiores, tales como: Centros comerciales. Aulas. Auditorios. Salas de espera. Comedores. Bodegas. GARANTIAS Y CERTIFICACIONES Comportamiento estructural regulado por la ASTM. Clase A: no propaga flama ni genera humo.","og_url":"https:\/\/obssoluciones.com\/main\/producto\/sistema-de-suspension-armstrong\/","og_site_name":"OBS Soluciones","article_modified_time":"2024-05-29T19:39:34+00:00","og_image":[{"width":600,"height":600,"url":"https:\/\/obssoluciones.com\/main\/wp-content\/uploads\/2024\/05\/SISTEMA-DE-SUSPENSION-ARMSTRONG.png","type":"image\/png"}],"twitter_card":"summary_large_image","twitter_misc":{"Tiempo de lectura":"1 minuto"},"schema":{"@context":"https:\/\/schema.org","@graph":[{"@type":"WebPage","@id":"https:\/\/obssoluciones.com\/main\/producto\/sistema-de-suspension-armstrong\/","url":"https:\/\/obssoluciones.com\/main\/producto\/sistema-de-suspension-armstrong\/","name":"SISTEMA DE SUSPENSION ARMSTRONG - OBS Soluciones","isPartOf":{"@id":"https:\/\/obssoluciones.com\/main\/#website"},"primaryImageOfPage":{"@id":"https:\/\/obssoluciones.com\/main\/producto\/sistema-de-suspension-armstrong\/#primaryimage"},"image":{"@id":"https:\/\/obssoluciones.com\/main\/producto\/sistema-de-suspension-armstrong\/#primaryimage"},"thumbnailUrl":"https:\/\/obssoluciones.com\/main\/wp-content\/uploads\/2024\/05\/SISTEMA-DE-SUSPENSION-ARMSTRONG.png","datePublished":"2024-05-21T17:35:41+00:00","dateModified":"2024-05-29T19:39:34+00:00","breadcrumb":{"@id":"https:\/\/obssoluciones.com\/main\/producto\/sistema-de-suspension-armstrong\/#breadcrumb"},"inLanguage":"es","potentialAction":[{"@type":"ReadAction","target":["https:\/\/obssoluciones.com\/main\/producto\/sistema-de-suspension-armstrong\/"]}]},{"@type":"ImageObject","inLanguage":"es","@id":"https:\/\/obssoluciones.com\/main\/producto\/sistema-de-suspension-armstrong\/#primaryimage","url":"https:\/\/obssoluciones.com\/main\/wp-content\/uploads\/2024\/05\/SISTEMA-DE-SUSPENSION-ARMSTRONG.png","contentUrl":"https:\/\/obssoluciones.com\/main\/wp-content\/uploads\/2024\/05\/SISTEMA-DE-SUSPENSION-ARMSTRONG.png","width":600,"height":600},{"@type":"BreadcrumbList","@id":"https:\/\/obssoluciones.com\/main\/producto\/sistema-de-suspension-armstrong\/#breadcrumb","itemListElement":[{"@type":"ListItem","position":1,"name":"Inicio","item":"https:\/\/obssoluciones.com\/main\/"},{"@type":"ListItem","position":2,"name":"Productos","item":"https:\/\/obssoluciones.com\/main\/productos\/"},{"@type":"ListItem","position":3,"name":"SISTEMA DE SUSPENSION ARMSTRONG"}]},{"@type":"WebSite","@id":"https:\/\/obssoluciones.com\/main\/#website","url":"https:\/\/obssoluciones.com\/main\/","name":"OBS Soluciones","description":"","publisher":{"@id":"https:\/\/obssoluciones.com\/main\/#organization"},"potentialAction":[{"@type":"SearchAction","target":{"@type":"EntryPoint","urlTemplate":"https:\/\/obssoluciones.com\/main\/?s={search_term_string}"},"query-input":{"@type":"PropertyValueSpecification","valueRequired":true,"valueName":"search_term_string"}}],"inLanguage":"es"},{"@type":"Organization","@id":"https:\/\/obssoluciones.com\/main\/#organization","name":"OBS Soluciones","url":"https:\/\/obssoluciones.com\/main\/","logo":{"@type":"ImageObject","inLanguage":"es","@id":"https:\/\/obssoluciones.com\/main\/#\/schema\/logo\/image\/","url":"https:\/\/obssoluciones.com\/main\/wp-content\/uploads\/2024\/05\/OBS-Soluciones_logo2_1.png","contentUrl":"https:\/\/obssoluciones.com\/main\/wp-content\/uploads\/2024\/05\/OBS-Soluciones_logo2_1.png","width":256,"height":89,"caption":"OBS Soluciones"},"image":{"@id":"https:\/\/obssoluciones.com\/main\/#\/schema\/logo\/image\/"}}]}},"uagb_featured_image_src":{"full":["https:\/\/obssoluciones.com\/main\/wp-content\/uploads\/2024\/05\/SISTEMA-DE-SUSPENSION-ARMSTRONG.png",600,600,false],"thumbnail":["https:\/\/obssoluciones.com\/main\/wp-content\/uploads\/2024\/05\/SISTEMA-DE-SUSPENSION-ARMSTRONG-150x150.png",150,150,true],"medium":["https:\/\/obssoluciones.com\/main\/wp-content\/uploads\/2024\/05\/SISTEMA-DE-SUSPENSION-ARMSTRONG-300x300.png",300,300,true],"medium_large":["https:\/\/obssoluciones.com\/main\/wp-content\/uploads\/2024\/05\/SISTEMA-DE-SUSPENSION-ARMSTRONG.png",600,600,false],"large":["https:\/\/obssoluciones.com\/main\/wp-content\/uploads\/2024\/05\/SISTEMA-DE-SUSPENSION-ARMSTRONG.png",600,600,false],"1536x1536":["https:\/\/obssoluciones.com\/main\/wp-content\/uploads\/2024\/05\/SISTEMA-DE-SUSPENSION-ARMSTRONG.png",600,600,false],"2048x2048":["https:\/\/obssoluciones.com\/main\/wp-content\/uploads\/2024\/05\/SISTEMA-DE-SUSPENSION-ARMSTRONG.png",600,600,false],"woocommerce_thumbnail":["https:\/\/obssoluciones.com\/main\/wp-content\/uploads\/2024\/05\/SISTEMA-DE-SUSPENSION-ARMSTRONG-300x300.png",300,300,true],"woocommerce_single":["https:\/\/obssoluciones.com\/main\/wp-content\/uploads\/2024\/05\/SISTEMA-DE-SUSPENSION-ARMSTRONG.png",600,600,false],"woocommerce_gallery_thumbnail":["https:\/\/obssoluciones.com\/main\/wp-content\/uploads\/2024\/05\/SISTEMA-DE-SUSPENSION-ARMSTRONG-100x100.png",100,100,true]},"uagb_author_info":{"display_name":"admin","author_link":"https:\/\/obssoluciones.com\/main\/author\/"},"uagb_comment_info":0,"uagb_excerpt":"Los sistemas de suspensi\u00f3n Armstrong est\u00e1n dise\u00f1ados para lograr el mejor efecto est\u00e9tico y de aislamiento ac\u00fastico en combinaci\u00f3n con la l\u00ednea de plafones Armstrong. El eficiente dise\u00f1o de los ensambles permiten la m\u00e1s r\u00e1pida y f\u00e1cil instalaci\u00f3n, adem\u00e1s de ser desmontable y reutilizable. Flexibilidad de dise\u00f1o: Permite modulaciones de 0.61 x 1.22m y\/o 0.61&hellip;","_links":{"self":[{"href":"https:\/\/obssoluciones.com\/main\/wp-json\/wp\/v2\/product\/619","targetHints":{"allow":["GET"]}}],"collection":[{"href":"https:\/\/obssoluciones.com\/main\/wp-json\/wp\/v2\/product"}],"about":[{"href":"https:\/\/obssoluciones.com\/main\/wp-json\/wp\/v2\/types\/product"}],"replies":[{"embeddable":true,"href":"https:\/\/obssoluciones.com\/main\/wp-json\/wp\/v2\/comments?post=619"}],"wp:featuredmedia":[{"embeddable":true,"href":"https:\/\/obssoluciones.com\/main\/wp-json\/wp\/v2\/media\/1262"}],"wp:attachment":[{"href":"https:\/\/obssoluciones.com\/main\/wp-json\/wp\/v2\/media?parent=619"}],"wp:term":[{"taxonomy":"product_brand","embeddable":true,"href":"https:\/\/obssoluciones.com\/main\/wp-json\/wp\/v2\/product_brand?post=619"},{"taxonomy":"product_cat","embeddable":true,"href":"https:\/\/obssoluciones.com\/main\/wp-json\/wp\/v2\/product_cat?post=619"},{"taxonomy":"product_tag","embeddable":true,"href":"https:\/\/obssoluciones.com\/main\/wp-json\/wp\/v2\/product_tag?post=619"}],"curies":[{"name":"wp","href":"https:\/\/api.w.org\/{rel}","templated":true}]}}