{"id":3246,"date":"2025-08-02T13:56:56","date_gmt":"2025-08-02T19:56:56","guid":{"rendered":"https:\/\/obssoluciones.com\/main\/?post_type=product&#038;p=3246"},"modified":"2025-11-12T10:15:13","modified_gmt":"2025-11-12T16:15:13","slug":"pintura-emulsionada-mate-contratos-superior","status":"publish","type":"product","link":"https:\/\/obssoluciones.com\/main\/producto\/pintura-emulsionada-mate-contratos-superior\/","title":{"rendered":"Pintura Emulsionada Mate Contratos Superior"},"content":{"rendered":"<div class=\"col-12\">\n<p><strong class=\"text-title\">Descripci\u00f3n:<\/strong><br \/>\nPintura emulsionada de tipo econ\u00f3mica para uso en interiores y exteriores de excelente poder cubriente, que posee muy buena facilidad de aplicaci\u00f3n, nivelaci\u00f3n y brochabilidad, adem\u00e1s de presentar muy buena adherencia y de contener aditivos contra la formaci\u00f3n de hongos.<\/p>\n<\/div>\n<div class=\"col-12\">\n<p><strong class=\"text-title\">Usos:<\/strong><br \/>\nPara acabados econ\u00f3micos en casas, bodegas, bardas, etc. Para mejores resultados deber\u00e1 aplicarse sobre superficies selladas o fondeadas.<\/p>\n<div class=\"col-12 col-sm-4 p-top\">\n<p><strong class=\"text-title\">CARACTER\u00cdSTICAS:<\/strong><\/p>\n<ul>\n<li>Econ\u00f3mica<\/li>\n<li>Excelente poder cubriente<\/li>\n<li>Acabado mate<\/li>\n<li>Antibacterial<\/li>\n<\/ul>\n<\/div>\n<div class=\"col-12 col-sm-8 p-top\">\n<div class=\"row p-0\">\n<div class=\"col-6\">\n<p><strong class=\"text-title\">ENVASADO EN:<\/strong><\/p>\n<ul>\n<li>Gal\u00f3n de 4 litros<\/li>\n<li>Cubeta de 19 litros<\/li>\n<\/ul>\n<p><strong>RENDIMIENTO TEORICO A 2 MANOS<\/strong><br \/>\n6-9 m2\/L<br \/>\nPuede variar dependiendo del tipo de superficie, preparaci\u00f3n de la pintura y condiciones de aplicaci\u00f3n<\/p>\n<p><strong>ACABADO<\/strong><br \/>\nMate<\/p>\n<p><strong>COLOR<\/strong><br \/>\nBlanco<\/p>\n<p><span style=\"color: #00f0ff;\"><strong><a style=\"color: #00f0ff;\" href=\"http:\/\/redosel.com\/admin\/archivos\/multimedia\/productos\/1021_08_12_40.pdf\">FICHA T\u00c9CNICA<\/a><\/strong><\/span><\/p>\n<\/div>\n<\/div>\n<\/div>\n<\/div>\n","protected":false},"excerpt":{"rendered":"<article class=\"text-token-text-primary w-full focus:outline-none scroll-mt-[calc(var(--header-height)+min(200px,max(70px,20svh)))]\" dir=\"auto\" tabindex=\"-1\" data-testid=\"conversation-turn-14\" data-scroll-anchor=\"true\" data-turn=\"assistant\">\n<div class=\"text-base my-auto mx-auto pb-10 [--thread-content-margin:--spacing(4)] @[37rem]:[--thread-content-margin:--spacing(6)] @[72rem]:[--thread-content-margin:--spacing(16)] px-(--thread-content-margin)\">\n<div class=\"[--thread-content-max-width:32rem] @[34rem]:[--thread-content-max-width:40rem] @[64rem]:[--thread-content-max-width:48rem] mx-auto max-w-(--thread-content-max-width) flex-1 group\/turn-messages focus-visible:outline-hidden relative flex w-full min-w-0 flex-col agent-turn\" tabindex=\"-1\">\n<div class=\"flex max-w-full flex-col grow\">\n<div class=\"min-h-8 text-message relative flex w-full flex-col items-end gap-2 text-start break-words whitespace-normal [.text-message+&amp;]:mt-5\" dir=\"auto\" data-message-author-role=\"assistant\" data-message-id=\"0d7d76c3-5bc3-4c2a-8b2a-c50869557150\" data-message-model-slug=\"gpt-4o\">\n<div class=\"flex w-full flex-col gap-1 empty:hidden first:pt-[3px]\">\n<div class=\"markdown prose dark:prose-invert w-full break-words dark markdown-new-styling\">\n<p data-start=\"0\" data-end=\"119\" data-is-last-node=\"\" data-is-only-node=\"\">Pintura econ\u00f3mica emulsionada para interiores y exteriores, de buena cobertura, f\u00e1cil aplicaci\u00f3n y aditivos antihongos.<\/p>\n<\/div>\n<\/div>\n<\/div>\n<\/div>\n<\/div>\n<\/div>\n<\/article>\n<div class=\"pointer-events-none h-px w-px\" aria-hidden=\"true\" data-edge=\"true\"><\/div>\n","protected":false},"featured_media":3473,"comment_status":"open","ping_status":"closed","template":"","meta":{"_uag_custom_page_level_css":"","site-sidebar-layout":"default","site-content-layout":"","ast-site-content-layout":"default","site-content-style":"default","site-sidebar-style":"default","ast-global-header-display":"","ast-banner-title-visibility":"","ast-main-header-display":"","ast-hfb-above-header-display":"","ast-hfb-below-header-display":"","ast-hfb-mobile-header-display":"","site-post-title":"","ast-breadcrumbs-content":"","ast-featured-img":"","footer-sml-layout":"","ast-disable-related-posts":"","theme-transparent-header-meta":"default","adv-header-id-meta":"","stick-header-meta":"","header-above-stick-meta":"","header-main-stick-meta":"","header-below-stick-meta":"","astra-migrate-meta-layouts":"set","ast-page-background-enabled":"default","ast-page-background-meta":{"desktop":{"background-color":"","background-image":"","background-repeat":"repeat","background-position":"center center","background-size":"auto","background-attachment":"scroll","background-type":"","background-media":"","overlay-type":"","overlay-color":"","overlay-opacity":"","overlay-gradient":""},"tablet":{"background-color":"","background-image":"","background-repeat":"repeat","background-position":"center center","background-size":"auto","background-attachment":"scroll","background-type":"","background-media":"","overlay-type":"","overlay-color":"","overlay-opacity":"","overlay-gradient":""},"mobile":{"background-color":"","background-image":"","background-repeat":"repeat","background-position":"center center","background-size":"auto","background-attachment":"scroll","background-type":"","background-media":"","overlay-type":"","overlay-color":"","overlay-opacity":"","overlay-gradient":""}},"ast-content-background-meta":{"desktop":{"background-color":"var(--ast-global-color-5)","background-image":"","background-repeat":"repeat","background-position":"center center","background-size":"auto","background-attachment":"scroll","background-type":"","background-media":"","overlay-type":"","overlay-color":"","overlay-opacity":"","overlay-gradient":""},"tablet":{"background-color":"var(--ast-global-color-5)","background-image":"","background-repeat":"repeat","background-position":"center center","background-size":"auto","background-attachment":"scroll","background-type":"","background-media":"","overlay-type":"","overlay-color":"","overlay-opacity":"","overlay-gradient":""},"mobile":{"background-color":"var(--ast-global-color-5)","background-image":"","background-repeat":"repeat","background-position":"center center","background-size":"auto","background-attachment":"scroll","background-type":"","background-media":"","overlay-type":"","overlay-color":"","overlay-opacity":"","overlay-gradient":""}}},"product_brand":[],"product_cat":[61,62],"product_tag":[],"class_list":{"0":"post-3246","1":"product","2":"type-product","3":"status-publish","4":"has-post-thumbnail","6":"product_cat-osel","7":"product_cat-osel-pinturas","8":"desktop-align-left","9":"tablet-align-left","10":"mobile-align-left","11":"ast-product-gallery-layout-horizontal-slider","12":"ast-product-gallery-with-no-image","13":"ast-magnify-disabled","14":"ast-product-tabs-layout-horizontal","16":"first","17":"instock","18":"shipping-taxable","19":"product-type-simple"},"yoast_head":"<!-- This site is optimized with the Yoast SEO plugin v27.4 - https:\/\/yoast.com\/product\/yoast-seo-wordpress\/ -->\n<title>Pintura Emulsionada Mate Contratos Superior - OBS Soluciones<\/title>\n<meta name=\"description\" content=\"Pintura econ\u00f3mica emulsionada para interiores y exteriores, de buena cobertura, con acabad mate, f\u00e1cil aplicaci\u00f3n y aditivos antihongos.\" \/>\n<meta name=\"robots\" content=\"index, follow, max-snippet:-1, max-image-preview:large, max-video-preview:-1\" \/>\n<link rel=\"canonical\" href=\"https:\/\/obssoluciones.com\/main\/producto\/pintura-emulsionada-mate-contratos-superior\/\" \/>\n<meta property=\"og:locale\" content=\"es_MX\" \/>\n<meta property=\"og:type\" content=\"article\" \/>\n<meta property=\"og:title\" content=\"Pintura Emulsionada Mate Contratos Superior - OBS Soluciones\" \/>\n<meta property=\"og:description\" content=\"Pintura econ\u00f3mica emulsionada para interiores y exteriores, de buena cobertura, con acabad mate, f\u00e1cil aplicaci\u00f3n y aditivos antihongos.\" \/>\n<meta property=\"og:url\" content=\"https:\/\/obssoluciones.com\/main\/producto\/pintura-emulsionada-mate-contratos-superior\/\" \/>\n<meta property=\"og:site_name\" content=\"OBS Soluciones\" \/>\n<meta property=\"article:modified_time\" content=\"2025-11-12T16:15:13+00:00\" \/>\n<meta property=\"og:image\" content=\"https:\/\/obssoluciones.com\/main\/wp-content\/uploads\/2025\/08\/P-SUPERIOR-WEB-2.png\" \/>\n\t<meta property=\"og:image:width\" content=\"619\" \/>\n\t<meta property=\"og:image:height\" content=\"709\" \/>\n\t<meta property=\"og:image:type\" content=\"image\/png\" \/>\n<meta name=\"twitter:card\" content=\"summary_large_image\" \/>\n<meta name=\"twitter:label1\" content=\"Tiempo de lectura\" \/>\n\t<meta name=\"twitter:data1\" content=\"1 minuto\" \/>\n<script type=\"application\/ld+json\" class=\"yoast-schema-graph\">{\"@context\":\"https:\\\/\\\/schema.org\",\"@graph\":[{\"@type\":\"WebPage\",\"@id\":\"https:\\\/\\\/obssoluciones.com\\\/main\\\/producto\\\/pintura-emulsionada-mate-contratos-superior\\\/\",\"url\":\"https:\\\/\\\/obssoluciones.com\\\/main\\\/producto\\\/pintura-emulsionada-mate-contratos-superior\\\/\",\"name\":\"Pintura Emulsionada Mate Contratos Superior - OBS Soluciones\",\"isPartOf\":{\"@id\":\"https:\\\/\\\/obssoluciones.com\\\/main\\\/#website\"},\"primaryImageOfPage\":{\"@id\":\"https:\\\/\\\/obssoluciones.com\\\/main\\\/producto\\\/pintura-emulsionada-mate-contratos-superior\\\/#primaryimage\"},\"image\":{\"@id\":\"https:\\\/\\\/obssoluciones.com\\\/main\\\/producto\\\/pintura-emulsionada-mate-contratos-superior\\\/#primaryimage\"},\"thumbnailUrl\":\"https:\\\/\\\/obssoluciones.com\\\/main\\\/wp-content\\\/uploads\\\/2025\\\/08\\\/P-SUPERIOR-WEB-2.png\",\"datePublished\":\"2025-08-02T19:56:56+00:00\",\"dateModified\":\"2025-11-12T16:15:13+00:00\",\"description\":\"Pintura econ\u00f3mica emulsionada para interiores y exteriores, de buena cobertura, con acabad mate, f\u00e1cil aplicaci\u00f3n y aditivos antihongos.\",\"breadcrumb\":{\"@id\":\"https:\\\/\\\/obssoluciones.com\\\/main\\\/producto\\\/pintura-emulsionada-mate-contratos-superior\\\/#breadcrumb\"},\"inLanguage\":\"es\",\"potentialAction\":[{\"@type\":\"ReadAction\",\"target\":[\"https:\\\/\\\/obssoluciones.com\\\/main\\\/producto\\\/pintura-emulsionada-mate-contratos-superior\\\/\"]}]},{\"@type\":\"ImageObject\",\"inLanguage\":\"es\",\"@id\":\"https:\\\/\\\/obssoluciones.com\\\/main\\\/producto\\\/pintura-emulsionada-mate-contratos-superior\\\/#primaryimage\",\"url\":\"https:\\\/\\\/obssoluciones.com\\\/main\\\/wp-content\\\/uploads\\\/2025\\\/08\\\/P-SUPERIOR-WEB-2.png\",\"contentUrl\":\"https:\\\/\\\/obssoluciones.com\\\/main\\\/wp-content\\\/uploads\\\/2025\\\/08\\\/P-SUPERIOR-WEB-2.png\",\"width\":619,\"height\":709},{\"@type\":\"BreadcrumbList\",\"@id\":\"https:\\\/\\\/obssoluciones.com\\\/main\\\/producto\\\/pintura-emulsionada-mate-contratos-superior\\\/#breadcrumb\",\"itemListElement\":[{\"@type\":\"ListItem\",\"position\":1,\"name\":\"Inicio\",\"item\":\"https:\\\/\\\/obssoluciones.com\\\/main\\\/\"},{\"@type\":\"ListItem\",\"position\":2,\"name\":\"Productos\",\"item\":\"https:\\\/\\\/obssoluciones.com\\\/main\\\/productos\\\/\"},{\"@type\":\"ListItem\",\"position\":3,\"name\":\"Pintura Emulsionada Mate Contratos Superior\"}]},{\"@type\":\"WebSite\",\"@id\":\"https:\\\/\\\/obssoluciones.com\\\/main\\\/#website\",\"url\":\"https:\\\/\\\/obssoluciones.com\\\/main\\\/\",\"name\":\"OBS Soluciones\",\"description\":\"\",\"publisher\":{\"@id\":\"https:\\\/\\\/obssoluciones.com\\\/main\\\/#organization\"},\"potentialAction\":[{\"@type\":\"SearchAction\",\"target\":{\"@type\":\"EntryPoint\",\"urlTemplate\":\"https:\\\/\\\/obssoluciones.com\\\/main\\\/?s={search_term_string}\"},\"query-input\":{\"@type\":\"PropertyValueSpecification\",\"valueRequired\":true,\"valueName\":\"search_term_string\"}}],\"inLanguage\":\"es\"},{\"@type\":\"Organization\",\"@id\":\"https:\\\/\\\/obssoluciones.com\\\/main\\\/#organization\",\"name\":\"OBS Soluciones\",\"url\":\"https:\\\/\\\/obssoluciones.com\\\/main\\\/\",\"logo\":{\"@type\":\"ImageObject\",\"inLanguage\":\"es\",\"@id\":\"https:\\\/\\\/obssoluciones.com\\\/main\\\/#\\\/schema\\\/logo\\\/image\\\/\",\"url\":\"https:\\\/\\\/obssoluciones.com\\\/main\\\/wp-content\\\/uploads\\\/2024\\\/05\\\/OBS-Soluciones_logo2_1.png\",\"contentUrl\":\"https:\\\/\\\/obssoluciones.com\\\/main\\\/wp-content\\\/uploads\\\/2024\\\/05\\\/OBS-Soluciones_logo2_1.png\",\"width\":256,\"height\":89,\"caption\":\"OBS Soluciones\"},\"image\":{\"@id\":\"https:\\\/\\\/obssoluciones.com\\\/main\\\/#\\\/schema\\\/logo\\\/image\\\/\"}}]}<\/script>\n<!-- \/ Yoast SEO plugin. -->","yoast_head_json":{"title":"Pintura Emulsionada Mate Contratos Superior - OBS Soluciones","description":"Pintura econ\u00f3mica emulsionada para interiores y exteriores, de buena cobertura, con acabad mate, f\u00e1cil aplicaci\u00f3n y aditivos antihongos.","robots":{"index":"index","follow":"follow","max-snippet":"max-snippet:-1","max-image-preview":"max-image-preview:large","max-video-preview":"max-video-preview:-1"},"canonical":"https:\/\/obssoluciones.com\/main\/producto\/pintura-emulsionada-mate-contratos-superior\/","og_locale":"es_MX","og_type":"article","og_title":"Pintura Emulsionada Mate Contratos Superior - OBS Soluciones","og_description":"Pintura econ\u00f3mica emulsionada para interiores y exteriores, de buena cobertura, con acabad mate, f\u00e1cil aplicaci\u00f3n y aditivos antihongos.","og_url":"https:\/\/obssoluciones.com\/main\/producto\/pintura-emulsionada-mate-contratos-superior\/","og_site_name":"OBS Soluciones","article_modified_time":"2025-11-12T16:15:13+00:00","og_image":[{"width":619,"height":709,"url":"https:\/\/obssoluciones.com\/main\/wp-content\/uploads\/2025\/08\/P-SUPERIOR-WEB-2.png","type":"image\/png"}],"twitter_card":"summary_large_image","twitter_misc":{"Tiempo de lectura":"1 minuto"},"schema":{"@context":"https:\/\/schema.org","@graph":[{"@type":"WebPage","@id":"https:\/\/obssoluciones.com\/main\/producto\/pintura-emulsionada-mate-contratos-superior\/","url":"https:\/\/obssoluciones.com\/main\/producto\/pintura-emulsionada-mate-contratos-superior\/","name":"Pintura Emulsionada Mate Contratos Superior - OBS Soluciones","isPartOf":{"@id":"https:\/\/obssoluciones.com\/main\/#website"},"primaryImageOfPage":{"@id":"https:\/\/obssoluciones.com\/main\/producto\/pintura-emulsionada-mate-contratos-superior\/#primaryimage"},"image":{"@id":"https:\/\/obssoluciones.com\/main\/producto\/pintura-emulsionada-mate-contratos-superior\/#primaryimage"},"thumbnailUrl":"https:\/\/obssoluciones.com\/main\/wp-content\/uploads\/2025\/08\/P-SUPERIOR-WEB-2.png","datePublished":"2025-08-02T19:56:56+00:00","dateModified":"2025-11-12T16:15:13+00:00","description":"Pintura econ\u00f3mica emulsionada para interiores y exteriores, de buena cobertura, con acabad mate, f\u00e1cil aplicaci\u00f3n y aditivos antihongos.","breadcrumb":{"@id":"https:\/\/obssoluciones.com\/main\/producto\/pintura-emulsionada-mate-contratos-superior\/#breadcrumb"},"inLanguage":"es","potentialAction":[{"@type":"ReadAction","target":["https:\/\/obssoluciones.com\/main\/producto\/pintura-emulsionada-mate-contratos-superior\/"]}]},{"@type":"ImageObject","inLanguage":"es","@id":"https:\/\/obssoluciones.com\/main\/producto\/pintura-emulsionada-mate-contratos-superior\/#primaryimage","url":"https:\/\/obssoluciones.com\/main\/wp-content\/uploads\/2025\/08\/P-SUPERIOR-WEB-2.png","contentUrl":"https:\/\/obssoluciones.com\/main\/wp-content\/uploads\/2025\/08\/P-SUPERIOR-WEB-2.png","width":619,"height":709},{"@type":"BreadcrumbList","@id":"https:\/\/obssoluciones.com\/main\/producto\/pintura-emulsionada-mate-contratos-superior\/#breadcrumb","itemListElement":[{"@type":"ListItem","position":1,"name":"Inicio","item":"https:\/\/obssoluciones.com\/main\/"},{"@type":"ListItem","position":2,"name":"Productos","item":"https:\/\/obssoluciones.com\/main\/productos\/"},{"@type":"ListItem","position":3,"name":"Pintura Emulsionada Mate Contratos Superior"}]},{"@type":"WebSite","@id":"https:\/\/obssoluciones.com\/main\/#website","url":"https:\/\/obssoluciones.com\/main\/","name":"OBS Soluciones","description":"","publisher":{"@id":"https:\/\/obssoluciones.com\/main\/#organization"},"potentialAction":[{"@type":"SearchAction","target":{"@type":"EntryPoint","urlTemplate":"https:\/\/obssoluciones.com\/main\/?s={search_term_string}"},"query-input":{"@type":"PropertyValueSpecification","valueRequired":true,"valueName":"search_term_string"}}],"inLanguage":"es"},{"@type":"Organization","@id":"https:\/\/obssoluciones.com\/main\/#organization","name":"OBS Soluciones","url":"https:\/\/obssoluciones.com\/main\/","logo":{"@type":"ImageObject","inLanguage":"es","@id":"https:\/\/obssoluciones.com\/main\/#\/schema\/logo\/image\/","url":"https:\/\/obssoluciones.com\/main\/wp-content\/uploads\/2024\/05\/OBS-Soluciones_logo2_1.png","contentUrl":"https:\/\/obssoluciones.com\/main\/wp-content\/uploads\/2024\/05\/OBS-Soluciones_logo2_1.png","width":256,"height":89,"caption":"OBS Soluciones"},"image":{"@id":"https:\/\/obssoluciones.com\/main\/#\/schema\/logo\/image\/"}}]}},"uagb_featured_image_src":{"full":["https:\/\/obssoluciones.com\/main\/wp-content\/uploads\/2025\/08\/P-SUPERIOR-WEB-2.png",619,709,false],"thumbnail":["https:\/\/obssoluciones.com\/main\/wp-content\/uploads\/2025\/08\/P-SUPERIOR-WEB-2-150x150.png",150,150,true],"medium":["https:\/\/obssoluciones.com\/main\/wp-content\/uploads\/2025\/08\/P-SUPERIOR-WEB-2-262x300.png",262,300,true],"medium_large":["https:\/\/obssoluciones.com\/main\/wp-content\/uploads\/2025\/08\/P-SUPERIOR-WEB-2.png",619,709,false],"large":["https:\/\/obssoluciones.com\/main\/wp-content\/uploads\/2025\/08\/P-SUPERIOR-WEB-2.png",619,709,false],"1536x1536":["https:\/\/obssoluciones.com\/main\/wp-content\/uploads\/2025\/08\/P-SUPERIOR-WEB-2.png",619,709,false],"2048x2048":["https:\/\/obssoluciones.com\/main\/wp-content\/uploads\/2025\/08\/P-SUPERIOR-WEB-2.png",619,709,false],"woocommerce_thumbnail":["https:\/\/obssoluciones.com\/main\/wp-content\/uploads\/2025\/08\/P-SUPERIOR-WEB-2-300x300.png",300,300,true],"woocommerce_single":["https:\/\/obssoluciones.com\/main\/wp-content\/uploads\/2025\/08\/P-SUPERIOR-WEB-2-600x687.png",600,687,true],"woocommerce_gallery_thumbnail":["https:\/\/obssoluciones.com\/main\/wp-content\/uploads\/2025\/08\/P-SUPERIOR-WEB-2-100x100.png",100,100,true]},"uagb_author_info":{"display_name":"obs.ventas","author_link":"https:\/\/obssoluciones.com\/main\/author\/"},"uagb_comment_info":0,"uagb_excerpt":"Pintura econ\u00f3mica emulsionada para interiores y exteriores, de buena cobertura, f\u00e1cil aplicaci\u00f3n y aditivos antihongos.","_links":{"self":[{"href":"https:\/\/obssoluciones.com\/main\/wp-json\/wp\/v2\/product\/3246","targetHints":{"allow":["GET"]}}],"collection":[{"href":"https:\/\/obssoluciones.com\/main\/wp-json\/wp\/v2\/product"}],"about":[{"href":"https:\/\/obssoluciones.com\/main\/wp-json\/wp\/v2\/types\/product"}],"replies":[{"embeddable":true,"href":"https:\/\/obssoluciones.com\/main\/wp-json\/wp\/v2\/comments?post=3246"}],"wp:featuredmedia":[{"embeddable":true,"href":"https:\/\/obssoluciones.com\/main\/wp-json\/wp\/v2\/media\/3473"}],"wp:attachment":[{"href":"https:\/\/obssoluciones.com\/main\/wp-json\/wp\/v2\/media?parent=3246"}],"wp:term":[{"taxonomy":"product_brand","embeddable":true,"href":"https:\/\/obssoluciones.com\/main\/wp-json\/wp\/v2\/product_brand?post=3246"},{"taxonomy":"product_cat","embeddable":true,"href":"https:\/\/obssoluciones.com\/main\/wp-json\/wp\/v2\/product_cat?post=3246"},{"taxonomy":"product_tag","embeddable":true,"href":"https:\/\/obssoluciones.com\/main\/wp-json\/wp\/v2\/product_tag?post=3246"}],"curies":[{"name":"wp","href":"https:\/\/api.w.org\/{rel}","templated":true}]}}