{"id":3241,"date":"2025-08-02T13:57:05","date_gmt":"2025-08-02T19:57:05","guid":{"rendered":"https:\/\/obssoluciones.com\/main\/?post_type=product&#038;p=3241"},"modified":"2025-08-02T13:57:06","modified_gmt":"2025-08-02T19:57:06","slug":"pintura-emulsionada-mate-osel-oro-germicida","status":"publish","type":"product","link":"https:\/\/obssoluciones.com\/main\/producto\/pintura-emulsionada-mate-osel-oro-germicida\/","title":{"rendered":"Pintura Emulsionada Mate Osel Oro Germicida"},"content":{"rendered":"<div class=\"col-12\">\n<p><strong class=\"text-title\">Descripci\u00f3n:<\/strong><br \/>\nPintura acr\u00edlica antigermenes con complejo exclusivo nanotecnol\u00f3gico. Tiene un acabado mate, es un producto de excelente calidad y extraordinario poder cubriente, con una buena retenci\u00f3n de color. Posee excelente facilidad de aplicaci\u00f3n, nivelaci\u00f3n y brochabilidad, adem\u00e1s de buena adherencia y resistencia a la intemperie y manchas. Elimina levaduras, algas, bacterias como Escherichia coli y Staphylococcus aureus, y tambi\u00e9n hongos como Aspergillus brasiliensis. Se ofrece en una amplia gama de colores de acuerdo al sistema de \u201cGaler\u00eda Millennium\u201d. Tiene una durabilidad media estimada de 20 a\u00f1os..<\/p>\n<\/div>\n<div class=\"col-12\">\n<p><strong class=\"text-title\">Usos:<\/strong><br \/>\nPara usarse en exteriores e interiores sobre mamposter\u00eda en general (cemento, yeso, ladrillo, tablaroca, tablacemento, fibracemento, etc.) y madera entre otras superficies. Para mejores resultados deber\u00e1 aplicarse sobre superficies selladas de acuerdo a cada requerimiento. Es una muy buena alternativa para edificios, oficinas y construcciones que no se pintan frecuentemente.<\/p>\n<div class=\"col-12 col-sm-4 p-top\">\n<p><strong class=\"text-title\">CARACTER\u00cdSTICAS:<\/strong><\/p>\n<ul>\n<li>Extraordinario poder cubriente<\/li>\n<li>Excelente durabilidad<\/li>\n<li>Lavable<\/li>\n<li>Resistente al manchado<\/li>\n<li>Elimina una amplia gama de virus incluyendo el del SARS CoV2<\/li>\n<\/ul>\n<\/div>\n<div class=\"col-12 col-sm-8 p-top\">\n<div class=\"row p-0\">\n<div class=\"col-6\">\n<p><strong class=\"text-title\">ENVASADO EN:<\/strong><\/p>\n<ul>\n<li>Bote de 1 litro<\/li>\n<li>Gal\u00f3n de 4 litros<\/li>\n<li>Cubeta de 19 litros<\/li>\n<\/ul>\n<p><strong>RENDIMIENTO TE\u00d3RICO A 2 MANOS<\/strong><br \/>\n10 &#8211; 13 m\u00b2\/ L.\u00a0Puede variar dependiendo del tipo de superficie, preparaci\u00f3n de la pintura, color y condiciones de aplicaci\u00f3n.<\/p>\n<p><strong>ACABADO<\/strong><br \/>\nMate<\/p>\n<p><strong>SECADO<\/strong><br \/>\nAl tacto: 30 minutos aprox.<br \/>\nRecubrir: 1 hora<br \/>\nSecado total: 7 d\u00edas<\/p>\n<p><strong>COLOR<\/strong><br \/>\nBlanco 1821 Categor\u00eda AA Tipo I y m\u00e1s de 1400 tonos de la &#8220;Galer\u00eda Millennium&#8221;<\/p>\n<p><strong>BASES<\/strong><\/p>\n<p>1860 Base W Pastel Categor\u00eda AA Tipo II<br \/>\n1861 Base M Media Categor\u00eda AA Tipo III<br \/>\n1862 Base D Deep<br \/>\n1863 Base A Accent<br \/>\n1864 Base N Neutral<\/p>\n<p><span style=\"color: #00f0ff;\"><strong><a style=\"color: #00f0ff;\" href=\"https:\/\/redosel.com\/admin\/archivos\/multimedia\/productos\/1800.pdf\">FICHA T\u00c9CNICA<\/a><\/strong><\/span><\/p>\n<\/div>\n<\/div>\n<\/div>\n<\/div>\n","protected":false},"excerpt":{"rendered":"<article class=\"text-token-text-primary w-full focus:outline-none scroll-mt-[calc(var(--header-height)+min(200px,max(70px,20svh)))]\" dir=\"auto\" tabindex=\"-1\" data-testid=\"conversation-turn-8\" data-scroll-anchor=\"true\" data-turn=\"assistant\">\n<div class=\"text-base my-auto mx-auto pb-10 [--thread-content-margin:--spacing(4)] @[37rem]:[--thread-content-margin:--spacing(6)] @[72rem]:[--thread-content-margin:--spacing(16)] px-(--thread-content-margin)\">\n<div class=\"[--thread-content-max-width:32rem] @[34rem]:[--thread-content-max-width:40rem] @[64rem]:[--thread-content-max-width:48rem] mx-auto max-w-(--thread-content-max-width) flex-1 group\/turn-messages focus-visible:outline-hidden relative flex w-full min-w-0 flex-col agent-turn\" tabindex=\"-1\">\n<div class=\"flex max-w-full flex-col grow\">\n<div class=\"min-h-8 text-message relative flex w-full flex-col items-end gap-2 text-start break-words whitespace-normal [.text-message+&amp;]:mt-5\" dir=\"auto\" data-message-author-role=\"assistant\" data-message-id=\"dd7338d9-c0cd-4dde-8373-2bdec380f126\" data-message-model-slug=\"gpt-4o\">\n<div class=\"flex w-full flex-col gap-1 empty:hidden first:pt-[3px]\">\n<div class=\"markdown prose dark:prose-invert w-full break-words dark markdown-new-styling\">\n<p data-start=\"0\" data-end=\"118\" data-is-last-node=\"\" data-is-only-node=\"\">Pintura acr\u00edlica mate antig\u00e9rmenes con nanotecnolog\u00eda, de alta calidad, gran cobertura y durabilidad de hasta 20 a\u00f1os.<\/p>\n<\/div>\n<\/div>\n<\/div>\n<\/div>\n<div class=\"flex min-h-[46px] justify-start\">\n<div class=\"touch:-me-2 touch:-ms-3.5 -ms-2.5 -me-1 flex flex-wrap items-center gap-y-4 p-1 select-none touch:w-[calc(100%+--spacing(3.5))] -mt-1 w-[calc(100%+--spacing(2.5))] duration-[1.5s] focus-within:transition-none hover:transition-none pointer-events-none [mask-image:linear-gradient(to_right,black_33%,transparent_66%)] [mask-size:300%_100%] [mask-position:100%_0%] motion-safe:transition-[mask-position] group-hover\/turn-messages:pointer-events-auto group-hover\/turn-messages:[mask-position:0_0] group-focus-within\/turn-messages:pointer-events-auto group-focus-within\/turn-messages:[mask-position:0_0] has-data-[state=open]:pointer-events-auto has-data-[state=open]:[mask-position:0_0]\"><button class=\"text-token-text-secondary hover:bg-token-bg-secondary rounded-lg\" aria-label=\"Copiar\" aria-pressed=\"false\" data-testid=\"copy-turn-action-button\" data-state=\"closed\"><\/button><button class=\"text-token-text-secondary hover:bg-token-bg-secondary rounded-lg\" aria-label=\"Respuesta adecuada\" aria-pressed=\"false\" data-testid=\"good-response-turn-action-button\" data-state=\"closed\"><\/button><button class=\"text-token-text-secondary hover:bg-token-bg-secondary rounded-lg\" aria-label=\"Respuesta inadecuada\" aria-pressed=\"false\" data-testid=\"bad-response-turn-action-button\" data-state=\"closed\"><\/button><button class=\"text-token-text-secondary hover:bg-token-bg-secondary rounded-lg\" aria-label=\"Leer en voz alta\" aria-pressed=\"false\" data-testid=\"voice-play-turn-action-button\" data-state=\"closed\"><\/button><button class=\"text-token-text-secondary hover:bg-token-bg-secondary rounded-lg\" aria-label=\"Editar en el lienzo\" aria-pressed=\"false\" data-state=\"closed\"><\/button><button class=\"text-token-text-secondary hover:bg-token-bg-secondary rounded-lg\" aria-label=\"Compartir\" aria-pressed=\"false\" data-state=\"closed\"><\/button><\/p>\n<div class=\"flex items-center\"><\/div>\n<\/div>\n<\/div>\n<div class=\"mt-3 w-full empty:hidden\">\n<div class=\"text-center\"><\/div>\n<\/div>\n<div class=\"aria-live=polite absolute\">\n<div class=\"flex items-center justify-center\"><span class=\"flex items-center gap-1.5 select-none\"><span class=\"sr-only whitespace-nowrap! md:not-sr-only\">Preguntar a ChatGPT<\/span><\/span><\/div>\n<\/div>\n<\/div>\n<\/div>\n<\/article>\n<div class=\"pointer-events-none h-px w-px\" aria-hidden=\"true\" data-edge=\"true\"><\/div>\n","protected":false},"featured_media":3239,"comment_status":"open","ping_status":"closed","template":"","meta":{"_uag_custom_page_level_css":"","site-sidebar-layout":"default","site-content-layout":"","ast-site-content-layout":"default","site-content-style":"default","site-sidebar-style":"default","ast-global-header-display":"","ast-banner-title-visibility":"","ast-main-header-display":"","ast-hfb-above-header-display":"","ast-hfb-below-header-display":"","ast-hfb-mobile-header-display":"","site-post-title":"","ast-breadcrumbs-content":"","ast-featured-img":"","footer-sml-layout":"","ast-disable-related-posts":"","theme-transparent-header-meta":"default","adv-header-id-meta":"","stick-header-meta":"","header-above-stick-meta":"","header-main-stick-meta":"","header-below-stick-meta":"","astra-migrate-meta-layouts":"set","ast-page-background-enabled":"default","ast-page-background-meta":{"desktop":{"background-color":"","background-image":"","background-repeat":"repeat","background-position":"center center","background-size":"auto","background-attachment":"scroll","background-type":"","background-media":"","overlay-type":"","overlay-color":"","overlay-opacity":"","overlay-gradient":""},"tablet":{"background-color":"","background-image":"","background-repeat":"repeat","background-position":"center center","background-size":"auto","background-attachment":"scroll","background-type":"","background-media":"","overlay-type":"","overlay-color":"","overlay-opacity":"","overlay-gradient":""},"mobile":{"background-color":"","background-image":"","background-repeat":"repeat","background-position":"center center","background-size":"auto","background-attachment":"scroll","background-type":"","background-media":"","overlay-type":"","overlay-color":"","overlay-opacity":"","overlay-gradient":""}},"ast-content-background-meta":{"desktop":{"background-color":"var(--ast-global-color-5)","background-image":"","background-repeat":"repeat","background-position":"center center","background-size":"auto","background-attachment":"scroll","background-type":"","background-media":"","overlay-type":"","overlay-color":"","overlay-opacity":"","overlay-gradient":""},"tablet":{"background-color":"var(--ast-global-color-5)","background-image":"","background-repeat":"repeat","background-position":"center center","background-size":"auto","background-attachment":"scroll","background-type":"","background-media":"","overlay-type":"","overlay-color":"","overlay-opacity":"","overlay-gradient":""},"mobile":{"background-color":"var(--ast-global-color-5)","background-image":"","background-repeat":"repeat","background-position":"center center","background-size":"auto","background-attachment":"scroll","background-type":"","background-media":"","overlay-type":"","overlay-color":"","overlay-opacity":"","overlay-gradient":""}}},"product_brand":[],"product_cat":[61,62],"product_tag":[],"class_list":{"0":"post-3241","1":"product","2":"type-product","3":"status-publish","4":"has-post-thumbnail","6":"product_cat-osel","7":"product_cat-osel-pinturas","8":"desktop-align-left","9":"tablet-align-left","10":"mobile-align-left","11":"ast-product-gallery-layout-horizontal-slider","12":"ast-product-gallery-with-no-image","13":"ast-magnify-disabled","14":"ast-product-tabs-layout-horizontal","16":"first","17":"instock","18":"shipping-taxable","19":"product-type-simple"},"yoast_head":"<!-- This site is optimized with the Yoast SEO plugin v27.4 - https:\/\/yoast.com\/product\/yoast-seo-wordpress\/ -->\n<title>Pintura Emulsionada Mate Osel Oro Germicida - OBS Soluciones<\/title>\n<meta name=\"description\" content=\"Pintura acr\u00edlica mate antig\u00e9rmenes con nanotecnolog\u00eda, de alta calidad, con acabado mate, gran cobertura y durabilidad de hasta 20 a\u00f1os.\" \/>\n<meta name=\"robots\" content=\"index, follow, max-snippet:-1, max-image-preview:large, max-video-preview:-1\" \/>\n<link rel=\"canonical\" href=\"https:\/\/obssoluciones.com\/main\/producto\/pintura-emulsionada-mate-osel-oro-germicida\/\" \/>\n<meta property=\"og:locale\" content=\"es_MX\" \/>\n<meta property=\"og:type\" content=\"article\" \/>\n<meta property=\"og:title\" content=\"Pintura Emulsionada Mate Osel Oro Germicida - OBS Soluciones\" \/>\n<meta property=\"og:description\" content=\"Pintura acr\u00edlica mate antig\u00e9rmenes con nanotecnolog\u00eda, de alta calidad, con acabado mate, gran cobertura y durabilidad de hasta 20 a\u00f1os.\" \/>\n<meta property=\"og:url\" content=\"https:\/\/obssoluciones.com\/main\/producto\/pintura-emulsionada-mate-osel-oro-germicida\/\" \/>\n<meta property=\"og:site_name\" content=\"OBS Soluciones\" \/>\n<meta property=\"article:modified_time\" content=\"2025-08-02T19:57:06+00:00\" \/>\n<meta property=\"og:image\" content=\"https:\/\/obssoluciones.com\/main\/wp-content\/uploads\/2025\/08\/02-Pintura-Vinilica-Osel-Oro.png\" \/>\n\t<meta property=\"og:image:width\" content=\"1626\" \/>\n\t<meta property=\"og:image:height\" content=\"1501\" \/>\n\t<meta property=\"og:image:type\" content=\"image\/png\" \/>\n<meta name=\"twitter:card\" content=\"summary_large_image\" \/>\n<meta name=\"twitter:label1\" content=\"Tiempo de lectura\" \/>\n\t<meta name=\"twitter:data1\" content=\"2 minutos\" \/>\n<script type=\"application\/ld+json\" class=\"yoast-schema-graph\">{\"@context\":\"https:\\\/\\\/schema.org\",\"@graph\":[{\"@type\":\"WebPage\",\"@id\":\"https:\\\/\\\/obssoluciones.com\\\/main\\\/producto\\\/pintura-emulsionada-mate-osel-oro-germicida\\\/\",\"url\":\"https:\\\/\\\/obssoluciones.com\\\/main\\\/producto\\\/pintura-emulsionada-mate-osel-oro-germicida\\\/\",\"name\":\"Pintura Emulsionada Mate Osel Oro Germicida - OBS Soluciones\",\"isPartOf\":{\"@id\":\"https:\\\/\\\/obssoluciones.com\\\/main\\\/#website\"},\"primaryImageOfPage\":{\"@id\":\"https:\\\/\\\/obssoluciones.com\\\/main\\\/producto\\\/pintura-emulsionada-mate-osel-oro-germicida\\\/#primaryimage\"},\"image\":{\"@id\":\"https:\\\/\\\/obssoluciones.com\\\/main\\\/producto\\\/pintura-emulsionada-mate-osel-oro-germicida\\\/#primaryimage\"},\"thumbnailUrl\":\"https:\\\/\\\/obssoluciones.com\\\/main\\\/wp-content\\\/uploads\\\/2025\\\/08\\\/02-Pintura-Vinilica-Osel-Oro.png\",\"datePublished\":\"2025-08-02T19:57:05+00:00\",\"dateModified\":\"2025-08-02T19:57:06+00:00\",\"description\":\"Pintura acr\u00edlica mate antig\u00e9rmenes con nanotecnolog\u00eda, de alta calidad, con acabado mate, gran cobertura y durabilidad de hasta 20 a\u00f1os.\",\"breadcrumb\":{\"@id\":\"https:\\\/\\\/obssoluciones.com\\\/main\\\/producto\\\/pintura-emulsionada-mate-osel-oro-germicida\\\/#breadcrumb\"},\"inLanguage\":\"es\",\"potentialAction\":[{\"@type\":\"ReadAction\",\"target\":[\"https:\\\/\\\/obssoluciones.com\\\/main\\\/producto\\\/pintura-emulsionada-mate-osel-oro-germicida\\\/\"]}]},{\"@type\":\"ImageObject\",\"inLanguage\":\"es\",\"@id\":\"https:\\\/\\\/obssoluciones.com\\\/main\\\/producto\\\/pintura-emulsionada-mate-osel-oro-germicida\\\/#primaryimage\",\"url\":\"https:\\\/\\\/obssoluciones.com\\\/main\\\/wp-content\\\/uploads\\\/2025\\\/08\\\/02-Pintura-Vinilica-Osel-Oro.png\",\"contentUrl\":\"https:\\\/\\\/obssoluciones.com\\\/main\\\/wp-content\\\/uploads\\\/2025\\\/08\\\/02-Pintura-Vinilica-Osel-Oro.png\",\"width\":1626,\"height\":1501},{\"@type\":\"BreadcrumbList\",\"@id\":\"https:\\\/\\\/obssoluciones.com\\\/main\\\/producto\\\/pintura-emulsionada-mate-osel-oro-germicida\\\/#breadcrumb\",\"itemListElement\":[{\"@type\":\"ListItem\",\"position\":1,\"name\":\"Inicio\",\"item\":\"https:\\\/\\\/obssoluciones.com\\\/main\\\/\"},{\"@type\":\"ListItem\",\"position\":2,\"name\":\"Productos\",\"item\":\"https:\\\/\\\/obssoluciones.com\\\/main\\\/productos\\\/\"},{\"@type\":\"ListItem\",\"position\":3,\"name\":\"Pintura Emulsionada Mate Osel Oro Germicida\"}]},{\"@type\":\"WebSite\",\"@id\":\"https:\\\/\\\/obssoluciones.com\\\/main\\\/#website\",\"url\":\"https:\\\/\\\/obssoluciones.com\\\/main\\\/\",\"name\":\"OBS Soluciones\",\"description\":\"\",\"publisher\":{\"@id\":\"https:\\\/\\\/obssoluciones.com\\\/main\\\/#organization\"},\"potentialAction\":[{\"@type\":\"SearchAction\",\"target\":{\"@type\":\"EntryPoint\",\"urlTemplate\":\"https:\\\/\\\/obssoluciones.com\\\/main\\\/?s={search_term_string}\"},\"query-input\":{\"@type\":\"PropertyValueSpecification\",\"valueRequired\":true,\"valueName\":\"search_term_string\"}}],\"inLanguage\":\"es\"},{\"@type\":\"Organization\",\"@id\":\"https:\\\/\\\/obssoluciones.com\\\/main\\\/#organization\",\"name\":\"OBS Soluciones\",\"url\":\"https:\\\/\\\/obssoluciones.com\\\/main\\\/\",\"logo\":{\"@type\":\"ImageObject\",\"inLanguage\":\"es\",\"@id\":\"https:\\\/\\\/obssoluciones.com\\\/main\\\/#\\\/schema\\\/logo\\\/image\\\/\",\"url\":\"https:\\\/\\\/obssoluciones.com\\\/main\\\/wp-content\\\/uploads\\\/2024\\\/05\\\/OBS-Soluciones_logo2_1.png\",\"contentUrl\":\"https:\\\/\\\/obssoluciones.com\\\/main\\\/wp-content\\\/uploads\\\/2024\\\/05\\\/OBS-Soluciones_logo2_1.png\",\"width\":256,\"height\":89,\"caption\":\"OBS Soluciones\"},\"image\":{\"@id\":\"https:\\\/\\\/obssoluciones.com\\\/main\\\/#\\\/schema\\\/logo\\\/image\\\/\"}}]}<\/script>\n<!-- \/ Yoast SEO plugin. -->","yoast_head_json":{"title":"Pintura Emulsionada Mate Osel Oro Germicida - OBS Soluciones","description":"Pintura acr\u00edlica mate antig\u00e9rmenes con nanotecnolog\u00eda, de alta calidad, con acabado mate, gran cobertura y durabilidad de hasta 20 a\u00f1os.","robots":{"index":"index","follow":"follow","max-snippet":"max-snippet:-1","max-image-preview":"max-image-preview:large","max-video-preview":"max-video-preview:-1"},"canonical":"https:\/\/obssoluciones.com\/main\/producto\/pintura-emulsionada-mate-osel-oro-germicida\/","og_locale":"es_MX","og_type":"article","og_title":"Pintura Emulsionada Mate Osel Oro Germicida - OBS Soluciones","og_description":"Pintura acr\u00edlica mate antig\u00e9rmenes con nanotecnolog\u00eda, de alta calidad, con acabado mate, gran cobertura y durabilidad de hasta 20 a\u00f1os.","og_url":"https:\/\/obssoluciones.com\/main\/producto\/pintura-emulsionada-mate-osel-oro-germicida\/","og_site_name":"OBS Soluciones","article_modified_time":"2025-08-02T19:57:06+00:00","og_image":[{"width":1626,"height":1501,"url":"https:\/\/obssoluciones.com\/main\/wp-content\/uploads\/2025\/08\/02-Pintura-Vinilica-Osel-Oro.png","type":"image\/png"}],"twitter_card":"summary_large_image","twitter_misc":{"Tiempo de lectura":"2 minutos"},"schema":{"@context":"https:\/\/schema.org","@graph":[{"@type":"WebPage","@id":"https:\/\/obssoluciones.com\/main\/producto\/pintura-emulsionada-mate-osel-oro-germicida\/","url":"https:\/\/obssoluciones.com\/main\/producto\/pintura-emulsionada-mate-osel-oro-germicida\/","name":"Pintura Emulsionada Mate Osel Oro Germicida - OBS Soluciones","isPartOf":{"@id":"https:\/\/obssoluciones.com\/main\/#website"},"primaryImageOfPage":{"@id":"https:\/\/obssoluciones.com\/main\/producto\/pintura-emulsionada-mate-osel-oro-germicida\/#primaryimage"},"image":{"@id":"https:\/\/obssoluciones.com\/main\/producto\/pintura-emulsionada-mate-osel-oro-germicida\/#primaryimage"},"thumbnailUrl":"https:\/\/obssoluciones.com\/main\/wp-content\/uploads\/2025\/08\/02-Pintura-Vinilica-Osel-Oro.png","datePublished":"2025-08-02T19:57:05+00:00","dateModified":"2025-08-02T19:57:06+00:00","description":"Pintura acr\u00edlica mate antig\u00e9rmenes con nanotecnolog\u00eda, de alta calidad, con acabado mate, gran cobertura y durabilidad de hasta 20 a\u00f1os.","breadcrumb":{"@id":"https:\/\/obssoluciones.com\/main\/producto\/pintura-emulsionada-mate-osel-oro-germicida\/#breadcrumb"},"inLanguage":"es","potentialAction":[{"@type":"ReadAction","target":["https:\/\/obssoluciones.com\/main\/producto\/pintura-emulsionada-mate-osel-oro-germicida\/"]}]},{"@type":"ImageObject","inLanguage":"es","@id":"https:\/\/obssoluciones.com\/main\/producto\/pintura-emulsionada-mate-osel-oro-germicida\/#primaryimage","url":"https:\/\/obssoluciones.com\/main\/wp-content\/uploads\/2025\/08\/02-Pintura-Vinilica-Osel-Oro.png","contentUrl":"https:\/\/obssoluciones.com\/main\/wp-content\/uploads\/2025\/08\/02-Pintura-Vinilica-Osel-Oro.png","width":1626,"height":1501},{"@type":"BreadcrumbList","@id":"https:\/\/obssoluciones.com\/main\/producto\/pintura-emulsionada-mate-osel-oro-germicida\/#breadcrumb","itemListElement":[{"@type":"ListItem","position":1,"name":"Inicio","item":"https:\/\/obssoluciones.com\/main\/"},{"@type":"ListItem","position":2,"name":"Productos","item":"https:\/\/obssoluciones.com\/main\/productos\/"},{"@type":"ListItem","position":3,"name":"Pintura Emulsionada Mate Osel Oro Germicida"}]},{"@type":"WebSite","@id":"https:\/\/obssoluciones.com\/main\/#website","url":"https:\/\/obssoluciones.com\/main\/","name":"OBS Soluciones","description":"","publisher":{"@id":"https:\/\/obssoluciones.com\/main\/#organization"},"potentialAction":[{"@type":"SearchAction","target":{"@type":"EntryPoint","urlTemplate":"https:\/\/obssoluciones.com\/main\/?s={search_term_string}"},"query-input":{"@type":"PropertyValueSpecification","valueRequired":true,"valueName":"search_term_string"}}],"inLanguage":"es"},{"@type":"Organization","@id":"https:\/\/obssoluciones.com\/main\/#organization","name":"OBS Soluciones","url":"https:\/\/obssoluciones.com\/main\/","logo":{"@type":"ImageObject","inLanguage":"es","@id":"https:\/\/obssoluciones.com\/main\/#\/schema\/logo\/image\/","url":"https:\/\/obssoluciones.com\/main\/wp-content\/uploads\/2024\/05\/OBS-Soluciones_logo2_1.png","contentUrl":"https:\/\/obssoluciones.com\/main\/wp-content\/uploads\/2024\/05\/OBS-Soluciones_logo2_1.png","width":256,"height":89,"caption":"OBS Soluciones"},"image":{"@id":"https:\/\/obssoluciones.com\/main\/#\/schema\/logo\/image\/"}}]}},"uagb_featured_image_src":{"full":["https:\/\/obssoluciones.com\/main\/wp-content\/uploads\/2025\/08\/02-Pintura-Vinilica-Osel-Oro.png",1626,1501,false],"thumbnail":["https:\/\/obssoluciones.com\/main\/wp-content\/uploads\/2025\/08\/02-Pintura-Vinilica-Osel-Oro-150x150.png",150,150,true],"medium":["https:\/\/obssoluciones.com\/main\/wp-content\/uploads\/2025\/08\/02-Pintura-Vinilica-Osel-Oro-300x277.png",300,277,true],"medium_large":["https:\/\/obssoluciones.com\/main\/wp-content\/uploads\/2025\/08\/02-Pintura-Vinilica-Osel-Oro-768x709.png",768,709,true],"large":["https:\/\/obssoluciones.com\/main\/wp-content\/uploads\/2025\/08\/02-Pintura-Vinilica-Osel-Oro-1024x945.png",1024,945,true],"1536x1536":["https:\/\/obssoluciones.com\/main\/wp-content\/uploads\/2025\/08\/02-Pintura-Vinilica-Osel-Oro-1536x1418.png",1536,1418,true],"2048x2048":["https:\/\/obssoluciones.com\/main\/wp-content\/uploads\/2025\/08\/02-Pintura-Vinilica-Osel-Oro.png",1626,1501,false],"woocommerce_thumbnail":["https:\/\/obssoluciones.com\/main\/wp-content\/uploads\/2025\/08\/02-Pintura-Vinilica-Osel-Oro-300x300.png",300,300,true],"woocommerce_single":["https:\/\/obssoluciones.com\/main\/wp-content\/uploads\/2025\/08\/02-Pintura-Vinilica-Osel-Oro-600x554.png",600,554,true],"woocommerce_gallery_thumbnail":["https:\/\/obssoluciones.com\/main\/wp-content\/uploads\/2025\/08\/02-Pintura-Vinilica-Osel-Oro-100x100.png",100,100,true]},"uagb_author_info":{"display_name":"obs.ventas","author_link":"https:\/\/obssoluciones.com\/main\/author\/"},"uagb_comment_info":0,"uagb_excerpt":"Pintura acr\u00edlica mate antig\u00e9rmenes con nanotecnolog\u00eda, de alta calidad, gran cobertura y durabilidad de hasta 20 a\u00f1os. Preguntar a ChatGPT","_links":{"self":[{"href":"https:\/\/obssoluciones.com\/main\/wp-json\/wp\/v2\/product\/3241","targetHints":{"allow":["GET"]}}],"collection":[{"href":"https:\/\/obssoluciones.com\/main\/wp-json\/wp\/v2\/product"}],"about":[{"href":"https:\/\/obssoluciones.com\/main\/wp-json\/wp\/v2\/types\/product"}],"replies":[{"embeddable":true,"href":"https:\/\/obssoluciones.com\/main\/wp-json\/wp\/v2\/comments?post=3241"}],"wp:featuredmedia":[{"embeddable":true,"href":"https:\/\/obssoluciones.com\/main\/wp-json\/wp\/v2\/media\/3239"}],"wp:attachment":[{"href":"https:\/\/obssoluciones.com\/main\/wp-json\/wp\/v2\/media?parent=3241"}],"wp:term":[{"taxonomy":"product_brand","embeddable":true,"href":"https:\/\/obssoluciones.com\/main\/wp-json\/wp\/v2\/product_brand?post=3241"},{"taxonomy":"product_cat","embeddable":true,"href":"https:\/\/obssoluciones.com\/main\/wp-json\/wp\/v2\/product_cat?post=3241"},{"taxonomy":"product_tag","embeddable":true,"href":"https:\/\/obssoluciones.com\/main\/wp-json\/wp\/v2\/product_tag?post=3241"}],"curies":[{"name":"wp","href":"https:\/\/api.w.org\/{rel}","templated":true}]}}