{"id":2227,"date":"2024-10-10T12:52:56","date_gmt":"2024-10-10T18:52:56","guid":{"rendered":"https:\/\/obssoluciones.com\/main\/?post_type=product&#038;p=2227"},"modified":"2025-02-10T10:00:09","modified_gmt":"2025-02-10T16:00:09","slug":"sika-mur-injectocream-100","status":"publish","type":"product","link":"https:\/\/obssoluciones.com\/main\/producto\/sika-mur-injectocream-100\/","title":{"rendered":"Sika Mur InjectoCream-100"},"content":{"rendered":"<p><strong>DESCRIPCI\u00d3N<\/strong><\/p>\n<p>Barrera antihumedad (DPC) basada en silanos para tratamiento de humedades por capilaridad. Sustancia que se inyecta en una serie de perforaciones realizados sobre mortero o mamposter\u00eda mediante pistola, no es necesaria una bomba de inyecci\u00f3n.<\/p>\n<p><strong>USOS<\/strong><\/p>\n<p>Para el tratamiento de humedades por capilaridad sobre la mayor\u00eda de soportes en muros:<\/p>\n<ul>\n<li>Ladrillo.<\/li>\n<li>Muros con c\u00e1mara de aire.<\/li>\n<li>Paredes de piedra.<\/li>\n<\/ul>\n<p><strong>VENTAJAS<\/strong><\/p>\n<ul>\n<li>Monocomponente, listo para usar.<\/li>\n<li>R\u00e1pido de instalar (no hay \u201cdoble perforaci\u00f3n\u201d, no hay que esperar a que el l\u00edquido penetre por presi\u00f3n o gravedad).<\/li>\n<li>No es necesario un sellado herm\u00e9tico preliminar alrededor de los orificios de inyecci\u00f3n como sucede en los sistemas con presi\u00f3n.<\/li>\n<li>R\u00e1pido para inyectar.<\/li>\n<li>F\u00e1cil c\u00e1lculo del consumo.<\/li>\n<li>No requiere una bomba especial cara.<\/li>\n<li>El derrame y el desorden se eliminan en el sitio.<\/li>\n<li>Formula concentrada con un 80% de ingredientes activos (introduce una baja cantidad de sustancias inactivas en el muro- gran efectividad comparada con materiales menos concentrados).<\/li>\n<li>Baja peligrosidad, base agua-no inflamable, no c\u00e1ustico- no se inyecta a presi\u00f3n.<\/li>\n<li>Baja cantidad de residuos.<\/li>\n<li>Baja perdida de material.<\/li>\n<li>No hay riesgo de eflorescencias (como con los tratamientos de humedades por capilaridad con siliconatos).<\/li>\n<\/ul>\n<p><span style=\"color: #00f0ff;\"><strong><a style=\"color: #00f0ff;\" href=\"https:\/\/obssoluciones.com\/main\/wp-content\/uploads\/2024\/10\/SIKA-MUR-INYECTOCREAM-100.pdf\">FICHA T\u00c9CNICA<\/a><\/strong><\/span><\/p>\n","protected":false},"excerpt":{"rendered":"<p>Barrera antihumedad basada en silanos para tratamiento de humedades por capilaridad. Se inyecta en perforaciones realizados sobre mortero o mamposter\u00eda.<\/p>\n","protected":false},"featured_media":2669,"comment_status":"open","ping_status":"closed","template":"","meta":{"_uag_custom_page_level_css":"","site-sidebar-layout":"default","site-content-layout":"","ast-site-content-layout":"default","site-content-style":"default","site-sidebar-style":"default","ast-global-header-display":"","ast-banner-title-visibility":"","ast-main-header-display":"","ast-hfb-above-header-display":"","ast-hfb-below-header-display":"","ast-hfb-mobile-header-display":"","site-post-title":"","ast-breadcrumbs-content":"","ast-featured-img":"","footer-sml-layout":"","ast-disable-related-posts":"","theme-transparent-header-meta":"default","adv-header-id-meta":"","stick-header-meta":"","header-above-stick-meta":"","header-main-stick-meta":"","header-below-stick-meta":"","astra-migrate-meta-layouts":"set","ast-page-background-enabled":"default","ast-page-background-meta":{"desktop":{"background-color":"","background-image":"","background-repeat":"repeat","background-position":"center center","background-size":"auto","background-attachment":"scroll","background-type":"","background-media":"","overlay-type":"","overlay-color":"","overlay-opacity":"","overlay-gradient":""},"tablet":{"background-color":"","background-image":"","background-repeat":"repeat","background-position":"center center","background-size":"auto","background-attachment":"scroll","background-type":"","background-media":"","overlay-type":"","overlay-color":"","overlay-opacity":"","overlay-gradient":""},"mobile":{"background-color":"","background-image":"","background-repeat":"repeat","background-position":"center center","background-size":"auto","background-attachment":"scroll","background-type":"","background-media":"","overlay-type":"","overlay-color":"","overlay-opacity":"","overlay-gradient":""}},"ast-content-background-meta":{"desktop":{"background-color":"var(--ast-global-color-5)","background-image":"","background-repeat":"repeat","background-position":"center center","background-size":"auto","background-attachment":"scroll","background-type":"","background-media":"","overlay-type":"","overlay-color":"","overlay-opacity":"","overlay-gradient":""},"tablet":{"background-color":"var(--ast-global-color-5)","background-image":"","background-repeat":"repeat","background-position":"center center","background-size":"auto","background-attachment":"scroll","background-type":"","background-media":"","overlay-type":"","overlay-color":"","overlay-opacity":"","overlay-gradient":""},"mobile":{"background-color":"var(--ast-global-color-5)","background-image":"","background-repeat":"repeat","background-position":"center center","background-size":"auto","background-attachment":"scroll","background-type":"","background-media":"","overlay-type":"","overlay-color":"","overlay-opacity":"","overlay-gradient":""}}},"product_brand":[],"product_cat":[30,37],"product_tag":[],"class_list":{"0":"post-2227","1":"product","2":"type-product","3":"status-publish","4":"has-post-thumbnail","6":"product_cat-sika","7":"product_cat-impermeabilizantes","8":"desktop-align-left","9":"tablet-align-left","10":"mobile-align-left","11":"ast-product-gallery-layout-horizontal-slider","12":"ast-product-gallery-with-no-image","13":"ast-magnify-disabled","14":"ast-product-tabs-layout-horizontal","16":"first","17":"instock","18":"shipping-taxable","19":"product-type-simple"},"yoast_head":"<!-- This site is optimized with the Yoast SEO plugin v27.4 - https:\/\/yoast.com\/product\/yoast-seo-wordpress\/ -->\n<title>Sika Mur InjectoCream-100 - OBS Soluciones<\/title>\n<meta name=\"description\" content=\"Barrera antihumedad basada en silanos para tratamiento de humedades por capilaridad. Se inyecta en perforaciones realizados sobre mortero o mamposter\u00eda.\" \/>\n<meta name=\"robots\" content=\"index, follow, max-snippet:-1, max-image-preview:large, max-video-preview:-1\" \/>\n<link rel=\"canonical\" href=\"https:\/\/obssoluciones.com\/main\/producto\/sika-mur-injectocream-100\/\" \/>\n<meta property=\"og:locale\" content=\"es_MX\" \/>\n<meta property=\"og:type\" content=\"article\" \/>\n<meta property=\"og:title\" content=\"Sika Mur InjectoCream-100 - OBS Soluciones\" \/>\n<meta property=\"og:description\" content=\"Barrera antihumedad basada en silanos para tratamiento de humedades por capilaridad. Se inyecta en perforaciones realizados sobre mortero o mamposter\u00eda.\" \/>\n<meta property=\"og:url\" content=\"https:\/\/obssoluciones.com\/main\/producto\/sika-mur-injectocream-100\/\" \/>\n<meta property=\"og:site_name\" content=\"OBS Soluciones\" \/>\n<meta property=\"article:modified_time\" content=\"2025-02-10T16:00:09+00:00\" \/>\n<meta property=\"og:image\" content=\"https:\/\/obssoluciones.com\/main\/wp-content\/uploads\/2024\/10\/Sika-Muro-InjectoCream-100.png\" \/>\n\t<meta property=\"og:image:width\" content=\"1200\" \/>\n\t<meta property=\"og:image:height\" content=\"1200\" \/>\n\t<meta property=\"og:image:type\" content=\"image\/png\" \/>\n<meta name=\"twitter:card\" content=\"summary_large_image\" \/>\n<meta name=\"twitter:label1\" content=\"Tiempo de lectura\" \/>\n\t<meta name=\"twitter:data1\" content=\"2 minutos\" \/>\n<script type=\"application\/ld+json\" class=\"yoast-schema-graph\">{\"@context\":\"https:\\\/\\\/schema.org\",\"@graph\":[{\"@type\":\"WebPage\",\"@id\":\"https:\\\/\\\/obssoluciones.com\\\/main\\\/producto\\\/sika-mur-injectocream-100\\\/\",\"url\":\"https:\\\/\\\/obssoluciones.com\\\/main\\\/producto\\\/sika-mur-injectocream-100\\\/\",\"name\":\"Sika Mur InjectoCream-100 - OBS Soluciones\",\"isPartOf\":{\"@id\":\"https:\\\/\\\/obssoluciones.com\\\/main\\\/#website\"},\"primaryImageOfPage\":{\"@id\":\"https:\\\/\\\/obssoluciones.com\\\/main\\\/producto\\\/sika-mur-injectocream-100\\\/#primaryimage\"},\"image\":{\"@id\":\"https:\\\/\\\/obssoluciones.com\\\/main\\\/producto\\\/sika-mur-injectocream-100\\\/#primaryimage\"},\"thumbnailUrl\":\"https:\\\/\\\/obssoluciones.com\\\/main\\\/wp-content\\\/uploads\\\/2024\\\/10\\\/Sika-Muro-InjectoCream-100.png\",\"datePublished\":\"2024-10-10T18:52:56+00:00\",\"dateModified\":\"2025-02-10T16:00:09+00:00\",\"description\":\"Barrera antihumedad basada en silanos para tratamiento de humedades por capilaridad. Se inyecta en perforaciones realizados sobre mortero o mamposter\u00eda.\",\"breadcrumb\":{\"@id\":\"https:\\\/\\\/obssoluciones.com\\\/main\\\/producto\\\/sika-mur-injectocream-100\\\/#breadcrumb\"},\"inLanguage\":\"es\",\"potentialAction\":[{\"@type\":\"ReadAction\",\"target\":[\"https:\\\/\\\/obssoluciones.com\\\/main\\\/producto\\\/sika-mur-injectocream-100\\\/\"]}]},{\"@type\":\"ImageObject\",\"inLanguage\":\"es\",\"@id\":\"https:\\\/\\\/obssoluciones.com\\\/main\\\/producto\\\/sika-mur-injectocream-100\\\/#primaryimage\",\"url\":\"https:\\\/\\\/obssoluciones.com\\\/main\\\/wp-content\\\/uploads\\\/2024\\\/10\\\/Sika-Muro-InjectoCream-100.png\",\"contentUrl\":\"https:\\\/\\\/obssoluciones.com\\\/main\\\/wp-content\\\/uploads\\\/2024\\\/10\\\/Sika-Muro-InjectoCream-100.png\",\"width\":1200,\"height\":1200},{\"@type\":\"BreadcrumbList\",\"@id\":\"https:\\\/\\\/obssoluciones.com\\\/main\\\/producto\\\/sika-mur-injectocream-100\\\/#breadcrumb\",\"itemListElement\":[{\"@type\":\"ListItem\",\"position\":1,\"name\":\"Inicio\",\"item\":\"https:\\\/\\\/obssoluciones.com\\\/main\\\/\"},{\"@type\":\"ListItem\",\"position\":2,\"name\":\"Productos\",\"item\":\"https:\\\/\\\/obssoluciones.com\\\/main\\\/productos\\\/\"},{\"@type\":\"ListItem\",\"position\":3,\"name\":\"Sika Mur InjectoCream-100\"}]},{\"@type\":\"WebSite\",\"@id\":\"https:\\\/\\\/obssoluciones.com\\\/main\\\/#website\",\"url\":\"https:\\\/\\\/obssoluciones.com\\\/main\\\/\",\"name\":\"OBS Soluciones\",\"description\":\"\",\"publisher\":{\"@id\":\"https:\\\/\\\/obssoluciones.com\\\/main\\\/#organization\"},\"potentialAction\":[{\"@type\":\"SearchAction\",\"target\":{\"@type\":\"EntryPoint\",\"urlTemplate\":\"https:\\\/\\\/obssoluciones.com\\\/main\\\/?s={search_term_string}\"},\"query-input\":{\"@type\":\"PropertyValueSpecification\",\"valueRequired\":true,\"valueName\":\"search_term_string\"}}],\"inLanguage\":\"es\"},{\"@type\":\"Organization\",\"@id\":\"https:\\\/\\\/obssoluciones.com\\\/main\\\/#organization\",\"name\":\"OBS Soluciones\",\"url\":\"https:\\\/\\\/obssoluciones.com\\\/main\\\/\",\"logo\":{\"@type\":\"ImageObject\",\"inLanguage\":\"es\",\"@id\":\"https:\\\/\\\/obssoluciones.com\\\/main\\\/#\\\/schema\\\/logo\\\/image\\\/\",\"url\":\"https:\\\/\\\/obssoluciones.com\\\/main\\\/wp-content\\\/uploads\\\/2024\\\/05\\\/OBS-Soluciones_logo2_1.png\",\"contentUrl\":\"https:\\\/\\\/obssoluciones.com\\\/main\\\/wp-content\\\/uploads\\\/2024\\\/05\\\/OBS-Soluciones_logo2_1.png\",\"width\":256,\"height\":89,\"caption\":\"OBS Soluciones\"},\"image\":{\"@id\":\"https:\\\/\\\/obssoluciones.com\\\/main\\\/#\\\/schema\\\/logo\\\/image\\\/\"}}]}<\/script>\n<!-- \/ Yoast SEO plugin. -->","yoast_head_json":{"title":"Sika Mur InjectoCream-100 - OBS Soluciones","description":"Barrera antihumedad basada en silanos para tratamiento de humedades por capilaridad. Se inyecta en perforaciones realizados sobre mortero o mamposter\u00eda.","robots":{"index":"index","follow":"follow","max-snippet":"max-snippet:-1","max-image-preview":"max-image-preview:large","max-video-preview":"max-video-preview:-1"},"canonical":"https:\/\/obssoluciones.com\/main\/producto\/sika-mur-injectocream-100\/","og_locale":"es_MX","og_type":"article","og_title":"Sika Mur InjectoCream-100 - OBS Soluciones","og_description":"Barrera antihumedad basada en silanos para tratamiento de humedades por capilaridad. Se inyecta en perforaciones realizados sobre mortero o mamposter\u00eda.","og_url":"https:\/\/obssoluciones.com\/main\/producto\/sika-mur-injectocream-100\/","og_site_name":"OBS Soluciones","article_modified_time":"2025-02-10T16:00:09+00:00","og_image":[{"width":1200,"height":1200,"url":"https:\/\/obssoluciones.com\/main\/wp-content\/uploads\/2024\/10\/Sika-Muro-InjectoCream-100.png","type":"image\/png"}],"twitter_card":"summary_large_image","twitter_misc":{"Tiempo de lectura":"2 minutos"},"schema":{"@context":"https:\/\/schema.org","@graph":[{"@type":"WebPage","@id":"https:\/\/obssoluciones.com\/main\/producto\/sika-mur-injectocream-100\/","url":"https:\/\/obssoluciones.com\/main\/producto\/sika-mur-injectocream-100\/","name":"Sika Mur InjectoCream-100 - OBS Soluciones","isPartOf":{"@id":"https:\/\/obssoluciones.com\/main\/#website"},"primaryImageOfPage":{"@id":"https:\/\/obssoluciones.com\/main\/producto\/sika-mur-injectocream-100\/#primaryimage"},"image":{"@id":"https:\/\/obssoluciones.com\/main\/producto\/sika-mur-injectocream-100\/#primaryimage"},"thumbnailUrl":"https:\/\/obssoluciones.com\/main\/wp-content\/uploads\/2024\/10\/Sika-Muro-InjectoCream-100.png","datePublished":"2024-10-10T18:52:56+00:00","dateModified":"2025-02-10T16:00:09+00:00","description":"Barrera antihumedad basada en silanos para tratamiento de humedades por capilaridad. Se inyecta en perforaciones realizados sobre mortero o mamposter\u00eda.","breadcrumb":{"@id":"https:\/\/obssoluciones.com\/main\/producto\/sika-mur-injectocream-100\/#breadcrumb"},"inLanguage":"es","potentialAction":[{"@type":"ReadAction","target":["https:\/\/obssoluciones.com\/main\/producto\/sika-mur-injectocream-100\/"]}]},{"@type":"ImageObject","inLanguage":"es","@id":"https:\/\/obssoluciones.com\/main\/producto\/sika-mur-injectocream-100\/#primaryimage","url":"https:\/\/obssoluciones.com\/main\/wp-content\/uploads\/2024\/10\/Sika-Muro-InjectoCream-100.png","contentUrl":"https:\/\/obssoluciones.com\/main\/wp-content\/uploads\/2024\/10\/Sika-Muro-InjectoCream-100.png","width":1200,"height":1200},{"@type":"BreadcrumbList","@id":"https:\/\/obssoluciones.com\/main\/producto\/sika-mur-injectocream-100\/#breadcrumb","itemListElement":[{"@type":"ListItem","position":1,"name":"Inicio","item":"https:\/\/obssoluciones.com\/main\/"},{"@type":"ListItem","position":2,"name":"Productos","item":"https:\/\/obssoluciones.com\/main\/productos\/"},{"@type":"ListItem","position":3,"name":"Sika Mur InjectoCream-100"}]},{"@type":"WebSite","@id":"https:\/\/obssoluciones.com\/main\/#website","url":"https:\/\/obssoluciones.com\/main\/","name":"OBS Soluciones","description":"","publisher":{"@id":"https:\/\/obssoluciones.com\/main\/#organization"},"potentialAction":[{"@type":"SearchAction","target":{"@type":"EntryPoint","urlTemplate":"https:\/\/obssoluciones.com\/main\/?s={search_term_string}"},"query-input":{"@type":"PropertyValueSpecification","valueRequired":true,"valueName":"search_term_string"}}],"inLanguage":"es"},{"@type":"Organization","@id":"https:\/\/obssoluciones.com\/main\/#organization","name":"OBS Soluciones","url":"https:\/\/obssoluciones.com\/main\/","logo":{"@type":"ImageObject","inLanguage":"es","@id":"https:\/\/obssoluciones.com\/main\/#\/schema\/logo\/image\/","url":"https:\/\/obssoluciones.com\/main\/wp-content\/uploads\/2024\/05\/OBS-Soluciones_logo2_1.png","contentUrl":"https:\/\/obssoluciones.com\/main\/wp-content\/uploads\/2024\/05\/OBS-Soluciones_logo2_1.png","width":256,"height":89,"caption":"OBS Soluciones"},"image":{"@id":"https:\/\/obssoluciones.com\/main\/#\/schema\/logo\/image\/"}}]}},"uagb_featured_image_src":{"full":["https:\/\/obssoluciones.com\/main\/wp-content\/uploads\/2024\/10\/Sika-Muro-InjectoCream-100.png",1200,1200,false],"thumbnail":["https:\/\/obssoluciones.com\/main\/wp-content\/uploads\/2024\/10\/Sika-Muro-InjectoCream-100-150x150.png",150,150,true],"medium":["https:\/\/obssoluciones.com\/main\/wp-content\/uploads\/2024\/10\/Sika-Muro-InjectoCream-100-300x300.png",300,300,true],"medium_large":["https:\/\/obssoluciones.com\/main\/wp-content\/uploads\/2024\/10\/Sika-Muro-InjectoCream-100-768x768.png",768,768,true],"large":["https:\/\/obssoluciones.com\/main\/wp-content\/uploads\/2024\/10\/Sika-Muro-InjectoCream-100-1024x1024.png",1024,1024,true],"1536x1536":["https:\/\/obssoluciones.com\/main\/wp-content\/uploads\/2024\/10\/Sika-Muro-InjectoCream-100.png",1200,1200,false],"2048x2048":["https:\/\/obssoluciones.com\/main\/wp-content\/uploads\/2024\/10\/Sika-Muro-InjectoCream-100.png",1200,1200,false],"woocommerce_thumbnail":["https:\/\/obssoluciones.com\/main\/wp-content\/uploads\/2024\/10\/Sika-Muro-InjectoCream-100-300x300.png",300,300,true],"woocommerce_single":["https:\/\/obssoluciones.com\/main\/wp-content\/uploads\/2024\/10\/Sika-Muro-InjectoCream-100-600x600.png",600,600,true],"woocommerce_gallery_thumbnail":["https:\/\/obssoluciones.com\/main\/wp-content\/uploads\/2024\/10\/Sika-Muro-InjectoCream-100-100x100.png",100,100,true]},"uagb_author_info":{"display_name":"Mercado Tecnia 2","author_link":"https:\/\/obssoluciones.com\/main\/author\/"},"uagb_comment_info":0,"uagb_excerpt":"Barrera antihumedad basada en silanos para tratamiento de humedades por capilaridad. Se inyecta en perforaciones realizados sobre mortero o mamposter\u00eda.","_links":{"self":[{"href":"https:\/\/obssoluciones.com\/main\/wp-json\/wp\/v2\/product\/2227","targetHints":{"allow":["GET"]}}],"collection":[{"href":"https:\/\/obssoluciones.com\/main\/wp-json\/wp\/v2\/product"}],"about":[{"href":"https:\/\/obssoluciones.com\/main\/wp-json\/wp\/v2\/types\/product"}],"replies":[{"embeddable":true,"href":"https:\/\/obssoluciones.com\/main\/wp-json\/wp\/v2\/comments?post=2227"}],"wp:featuredmedia":[{"embeddable":true,"href":"https:\/\/obssoluciones.com\/main\/wp-json\/wp\/v2\/media\/2669"}],"wp:attachment":[{"href":"https:\/\/obssoluciones.com\/main\/wp-json\/wp\/v2\/media?parent=2227"}],"wp:term":[{"taxonomy":"product_brand","embeddable":true,"href":"https:\/\/obssoluciones.com\/main\/wp-json\/wp\/v2\/product_brand?post=2227"},{"taxonomy":"product_cat","embeddable":true,"href":"https:\/\/obssoluciones.com\/main\/wp-json\/wp\/v2\/product_cat?post=2227"},{"taxonomy":"product_tag","embeddable":true,"href":"https:\/\/obssoluciones.com\/main\/wp-json\/wp\/v2\/product_tag?post=2227"}],"curies":[{"name":"wp","href":"https:\/\/api.w.org\/{rel}","templated":true}]}}