{"id":2214,"date":"2024-10-10T12:23:49","date_gmt":"2024-10-10T18:23:49","guid":{"rendered":"https:\/\/obssoluciones.com\/main\/?post_type=product&#038;p=2214"},"modified":"2025-02-10T10:41:55","modified_gmt":"2025-02-10T16:41:55","slug":"sikaguard-70","status":"publish","type":"product","link":"https:\/\/obssoluciones.com\/main\/producto\/sikaguard-70\/","title":{"rendered":"Sikaguard 70"},"content":{"rendered":"<p><strong>DESCRIPCI\u00d3N<\/strong><\/p>\n<p>Impermeabilizaci\u00f3n incolora basada en resina de silicona transportada en solvente, ofrece protecci\u00f3n impermeable contra la penetraci\u00f3n del agua de lluvia en fachadas o estructuras porosas expuestas a la intemperie, sin cambiar el aspecto original de las superficies.<\/p>\n<p><strong>USOS<\/strong><\/p>\n<p>Se utiliza como repelente al agua en:<\/p>\n<ul>\n<li>Fachadas exteriores y paredes de bases minerales tales como ladrillos, teja, yesos, piedras, protecci\u00f3n de concreto, elementos prefabricados, fibrocemento, etc.<\/li>\n<li>Restauraci\u00f3n de monumentos hist\u00f3ricos con fachadas de piedra caliza y\u00a0otros materiales\u00a0p\u00e9treos.<\/li>\n<li>Como tratamiento de preservaci\u00f3n y cer\u00e1micos anti musgo sin esmalte.<\/li>\n<li>Capa de sacrificio para protecci\u00f3n en\u00a0losas\u00a0de piso de concreto.<\/li>\n<\/ul>\n<p><strong>VENTAJAS<\/strong><\/p>\n<ul>\n<li>Monocomponente.<\/li>\n<li>Listo para usar (no se diluye en obra).<\/li>\n<li>F\u00e1cil de aplicar.<\/li>\n<li>Previene la absorci\u00f3n de agua evitando la absorci\u00f3n por\u00a0capilaridad del agua de lluvia en las paredes de materiales absorbentes y poco absorbentes.<\/li>\n<li>No forma una pel\u00edcula, rechaza el agua debido a la tensi\u00f3n superficial.<\/li>\n<li>Permite que las paredes respiren y as\u00ed reduce la humedad interior por condensaci\u00f3n.<\/li>\n<li>No altera el aspecto est\u00e9tico del material sobre el que se aplica.<\/li>\n<li>Protege las superficies de la suciedad, evitando la adhesi\u00f3n de polvo y holl\u00edn, y la formaci\u00f3n de moho.<\/li>\n<li>Reduce y ayuda a\u00a0eliminar la formaci\u00f3n de eflorescencias.<\/li>\n<li>Reduce los costos de mantenimiento y prolonga la vida \u00fatil de los materiales.<\/li>\n<li>Protege a\u00a0las pinturas de la formaci\u00f3n\u00a0de limo.<\/li>\n<li>Reduce la formaci\u00f3n de microfisuras capilares.<\/li>\n<\/ul>\n<p><span style=\"color: #00f0ff;\"><a style=\"color: #00f0ff;\" href=\"https:\/\/obssoluciones.com\/main\/wp-content\/uploads\/2024\/10\/SIKAGUARD-70.pdf\"><strong>FICHA T\u00c9CNICA<\/strong><\/a><\/span><\/p>\n<p>&nbsp;<\/p>\n<p>&nbsp;<\/p>\n","protected":false},"excerpt":{"rendered":"<p>Impermeabilizaci\u00f3n incolora basada en resina de silicona transportada en solvente, ofrece protecci\u00f3n impermeable contra la penetraci\u00f3n del agua de lluvia en fachadas o estructuras porosas expuestas a la intemperie, sin cambiar el aspecto original de las superficies.<\/p>\n","protected":false},"featured_media":2675,"comment_status":"open","ping_status":"closed","template":"","meta":{"_uag_custom_page_level_css":"","site-sidebar-layout":"default","site-content-layout":"","ast-site-content-layout":"default","site-content-style":"default","site-sidebar-style":"default","ast-global-header-display":"","ast-banner-title-visibility":"","ast-main-header-display":"","ast-hfb-above-header-display":"","ast-hfb-below-header-display":"","ast-hfb-mobile-header-display":"","site-post-title":"","ast-breadcrumbs-content":"","ast-featured-img":"","footer-sml-layout":"","ast-disable-related-posts":"","theme-transparent-header-meta":"default","adv-header-id-meta":"","stick-header-meta":"","header-above-stick-meta":"","header-main-stick-meta":"","header-below-stick-meta":"","astra-migrate-meta-layouts":"set","ast-page-background-enabled":"default","ast-page-background-meta":{"desktop":{"background-color":"","background-image":"","background-repeat":"repeat","background-position":"center center","background-size":"auto","background-attachment":"scroll","background-type":"","background-media":"","overlay-type":"","overlay-color":"","overlay-opacity":"","overlay-gradient":""},"tablet":{"background-color":"","background-image":"","background-repeat":"repeat","background-position":"center center","background-size":"auto","background-attachment":"scroll","background-type":"","background-media":"","overlay-type":"","overlay-color":"","overlay-opacity":"","overlay-gradient":""},"mobile":{"background-color":"","background-image":"","background-repeat":"repeat","background-position":"center center","background-size":"auto","background-attachment":"scroll","background-type":"","background-media":"","overlay-type":"","overlay-color":"","overlay-opacity":"","overlay-gradient":""}},"ast-content-background-meta":{"desktop":{"background-color":"var(--ast-global-color-5)","background-image":"","background-repeat":"repeat","background-position":"center center","background-size":"auto","background-attachment":"scroll","background-type":"","background-media":"","overlay-type":"","overlay-color":"","overlay-opacity":"","overlay-gradient":""},"tablet":{"background-color":"var(--ast-global-color-5)","background-image":"","background-repeat":"repeat","background-position":"center center","background-size":"auto","background-attachment":"scroll","background-type":"","background-media":"","overlay-type":"","overlay-color":"","overlay-opacity":"","overlay-gradient":""},"mobile":{"background-color":"var(--ast-global-color-5)","background-image":"","background-repeat":"repeat","background-position":"center center","background-size":"auto","background-attachment":"scroll","background-type":"","background-media":"","overlay-type":"","overlay-color":"","overlay-opacity":"","overlay-gradient":""}}},"product_brand":[],"product_cat":[30,37],"product_tag":[],"class_list":{"0":"post-2214","1":"product","2":"type-product","3":"status-publish","4":"has-post-thumbnail","6":"product_cat-sika","7":"product_cat-impermeabilizantes","8":"desktop-align-left","9":"tablet-align-left","10":"mobile-align-left","11":"ast-product-gallery-layout-horizontal-slider","12":"ast-product-gallery-with-no-image","13":"ast-magnify-disabled","14":"ast-product-tabs-layout-horizontal","16":"first","17":"instock","18":"shipping-taxable","19":"product-type-simple"},"yoast_head":"<!-- This site is optimized with the Yoast SEO plugin v27.5 - https:\/\/yoast.com\/product\/yoast-seo-wordpress\/ -->\n<title>Sikaguard 70 - OBS Soluciones<\/title>\n<meta name=\"description\" content=\"Impermeabilizaci\u00f3n incolora basada en resina de silicona transportada en solvente, ofrece protecci\u00f3n impermeable contra la penetraci\u00f3n del agua.\" \/>\n<meta name=\"robots\" content=\"index, follow, max-snippet:-1, max-image-preview:large, max-video-preview:-1\" \/>\n<link rel=\"canonical\" href=\"https:\/\/obssoluciones.com\/main\/producto\/sikaguard-70\/\" \/>\n<meta property=\"og:locale\" content=\"es_MX\" \/>\n<meta property=\"og:type\" content=\"article\" \/>\n<meta property=\"og:title\" content=\"Sikaguard 70 - OBS Soluciones\" \/>\n<meta property=\"og:description\" content=\"Impermeabilizaci\u00f3n incolora basada en resina de silicona transportada en solvente, ofrece protecci\u00f3n impermeable contra la penetraci\u00f3n del agua.\" \/>\n<meta property=\"og:url\" content=\"https:\/\/obssoluciones.com\/main\/producto\/sikaguard-70\/\" \/>\n<meta property=\"og:site_name\" content=\"OBS Soluciones\" \/>\n<meta property=\"article:modified_time\" content=\"2025-02-10T16:41:55+00:00\" \/>\n<meta property=\"og:image\" content=\"https:\/\/obssoluciones.com\/main\/wp-content\/uploads\/2024\/10\/Sikaguard-70.png\" \/>\n\t<meta property=\"og:image:width\" content=\"1200\" \/>\n\t<meta property=\"og:image:height\" content=\"1200\" \/>\n\t<meta property=\"og:image:type\" content=\"image\/png\" \/>\n<meta name=\"twitter:card\" content=\"summary_large_image\" \/>\n<meta name=\"twitter:label1\" content=\"Tiempo de lectura\" \/>\n\t<meta name=\"twitter:data1\" content=\"2 minutos\" \/>\n<script type=\"application\/ld+json\" class=\"yoast-schema-graph\">{\"@context\":\"https:\\\/\\\/schema.org\",\"@graph\":[{\"@type\":\"WebPage\",\"@id\":\"https:\\\/\\\/obssoluciones.com\\\/main\\\/producto\\\/sikaguard-70\\\/\",\"url\":\"https:\\\/\\\/obssoluciones.com\\\/main\\\/producto\\\/sikaguard-70\\\/\",\"name\":\"Sikaguard 70 - OBS Soluciones\",\"isPartOf\":{\"@id\":\"https:\\\/\\\/obssoluciones.com\\\/main\\\/#website\"},\"primaryImageOfPage\":{\"@id\":\"https:\\\/\\\/obssoluciones.com\\\/main\\\/producto\\\/sikaguard-70\\\/#primaryimage\"},\"image\":{\"@id\":\"https:\\\/\\\/obssoluciones.com\\\/main\\\/producto\\\/sikaguard-70\\\/#primaryimage\"},\"thumbnailUrl\":\"https:\\\/\\\/obssoluciones.com\\\/main\\\/wp-content\\\/uploads\\\/2024\\\/10\\\/Sikaguard-70.png\",\"datePublished\":\"2024-10-10T18:23:49+00:00\",\"dateModified\":\"2025-02-10T16:41:55+00:00\",\"description\":\"Impermeabilizaci\u00f3n incolora basada en resina de silicona transportada en solvente, ofrece protecci\u00f3n impermeable contra la penetraci\u00f3n del agua.\",\"breadcrumb\":{\"@id\":\"https:\\\/\\\/obssoluciones.com\\\/main\\\/producto\\\/sikaguard-70\\\/#breadcrumb\"},\"inLanguage\":\"es\",\"potentialAction\":[{\"@type\":\"ReadAction\",\"target\":[\"https:\\\/\\\/obssoluciones.com\\\/main\\\/producto\\\/sikaguard-70\\\/\"]}]},{\"@type\":\"ImageObject\",\"inLanguage\":\"es\",\"@id\":\"https:\\\/\\\/obssoluciones.com\\\/main\\\/producto\\\/sikaguard-70\\\/#primaryimage\",\"url\":\"https:\\\/\\\/obssoluciones.com\\\/main\\\/wp-content\\\/uploads\\\/2024\\\/10\\\/Sikaguard-70.png\",\"contentUrl\":\"https:\\\/\\\/obssoluciones.com\\\/main\\\/wp-content\\\/uploads\\\/2024\\\/10\\\/Sikaguard-70.png\",\"width\":1200,\"height\":1200},{\"@type\":\"BreadcrumbList\",\"@id\":\"https:\\\/\\\/obssoluciones.com\\\/main\\\/producto\\\/sikaguard-70\\\/#breadcrumb\",\"itemListElement\":[{\"@type\":\"ListItem\",\"position\":1,\"name\":\"Inicio\",\"item\":\"https:\\\/\\\/obssoluciones.com\\\/main\\\/\"},{\"@type\":\"ListItem\",\"position\":2,\"name\":\"Productos\",\"item\":\"https:\\\/\\\/obssoluciones.com\\\/main\\\/productos\\\/\"},{\"@type\":\"ListItem\",\"position\":3,\"name\":\"Sikaguard 70\"}]},{\"@type\":\"WebSite\",\"@id\":\"https:\\\/\\\/obssoluciones.com\\\/main\\\/#website\",\"url\":\"https:\\\/\\\/obssoluciones.com\\\/main\\\/\",\"name\":\"OBS Soluciones\",\"description\":\"\",\"publisher\":{\"@id\":\"https:\\\/\\\/obssoluciones.com\\\/main\\\/#organization\"},\"potentialAction\":[{\"@type\":\"SearchAction\",\"target\":{\"@type\":\"EntryPoint\",\"urlTemplate\":\"https:\\\/\\\/obssoluciones.com\\\/main\\\/?s={search_term_string}\"},\"query-input\":{\"@type\":\"PropertyValueSpecification\",\"valueRequired\":true,\"valueName\":\"search_term_string\"}}],\"inLanguage\":\"es\"},{\"@type\":\"Organization\",\"@id\":\"https:\\\/\\\/obssoluciones.com\\\/main\\\/#organization\",\"name\":\"OBS Soluciones\",\"url\":\"https:\\\/\\\/obssoluciones.com\\\/main\\\/\",\"logo\":{\"@type\":\"ImageObject\",\"inLanguage\":\"es\",\"@id\":\"https:\\\/\\\/obssoluciones.com\\\/main\\\/#\\\/schema\\\/logo\\\/image\\\/\",\"url\":\"https:\\\/\\\/obssoluciones.com\\\/main\\\/wp-content\\\/uploads\\\/2024\\\/05\\\/OBS-Soluciones_logo2_1.png\",\"contentUrl\":\"https:\\\/\\\/obssoluciones.com\\\/main\\\/wp-content\\\/uploads\\\/2024\\\/05\\\/OBS-Soluciones_logo2_1.png\",\"width\":256,\"height\":89,\"caption\":\"OBS Soluciones\"},\"image\":{\"@id\":\"https:\\\/\\\/obssoluciones.com\\\/main\\\/#\\\/schema\\\/logo\\\/image\\\/\"}}]}<\/script>\n<!-- \/ Yoast SEO plugin. -->","yoast_head_json":{"title":"Sikaguard 70 - OBS Soluciones","description":"Impermeabilizaci\u00f3n incolora basada en resina de silicona transportada en solvente, ofrece protecci\u00f3n impermeable contra la penetraci\u00f3n del agua.","robots":{"index":"index","follow":"follow","max-snippet":"max-snippet:-1","max-image-preview":"max-image-preview:large","max-video-preview":"max-video-preview:-1"},"canonical":"https:\/\/obssoluciones.com\/main\/producto\/sikaguard-70\/","og_locale":"es_MX","og_type":"article","og_title":"Sikaguard 70 - OBS Soluciones","og_description":"Impermeabilizaci\u00f3n incolora basada en resina de silicona transportada en solvente, ofrece protecci\u00f3n impermeable contra la penetraci\u00f3n del agua.","og_url":"https:\/\/obssoluciones.com\/main\/producto\/sikaguard-70\/","og_site_name":"OBS Soluciones","article_modified_time":"2025-02-10T16:41:55+00:00","og_image":[{"width":1200,"height":1200,"url":"https:\/\/obssoluciones.com\/main\/wp-content\/uploads\/2024\/10\/Sikaguard-70.png","type":"image\/png"}],"twitter_card":"summary_large_image","twitter_misc":{"Tiempo de lectura":"2 minutos"},"schema":{"@context":"https:\/\/schema.org","@graph":[{"@type":"WebPage","@id":"https:\/\/obssoluciones.com\/main\/producto\/sikaguard-70\/","url":"https:\/\/obssoluciones.com\/main\/producto\/sikaguard-70\/","name":"Sikaguard 70 - OBS Soluciones","isPartOf":{"@id":"https:\/\/obssoluciones.com\/main\/#website"},"primaryImageOfPage":{"@id":"https:\/\/obssoluciones.com\/main\/producto\/sikaguard-70\/#primaryimage"},"image":{"@id":"https:\/\/obssoluciones.com\/main\/producto\/sikaguard-70\/#primaryimage"},"thumbnailUrl":"https:\/\/obssoluciones.com\/main\/wp-content\/uploads\/2024\/10\/Sikaguard-70.png","datePublished":"2024-10-10T18:23:49+00:00","dateModified":"2025-02-10T16:41:55+00:00","description":"Impermeabilizaci\u00f3n incolora basada en resina de silicona transportada en solvente, ofrece protecci\u00f3n impermeable contra la penetraci\u00f3n del agua.","breadcrumb":{"@id":"https:\/\/obssoluciones.com\/main\/producto\/sikaguard-70\/#breadcrumb"},"inLanguage":"es","potentialAction":[{"@type":"ReadAction","target":["https:\/\/obssoluciones.com\/main\/producto\/sikaguard-70\/"]}]},{"@type":"ImageObject","inLanguage":"es","@id":"https:\/\/obssoluciones.com\/main\/producto\/sikaguard-70\/#primaryimage","url":"https:\/\/obssoluciones.com\/main\/wp-content\/uploads\/2024\/10\/Sikaguard-70.png","contentUrl":"https:\/\/obssoluciones.com\/main\/wp-content\/uploads\/2024\/10\/Sikaguard-70.png","width":1200,"height":1200},{"@type":"BreadcrumbList","@id":"https:\/\/obssoluciones.com\/main\/producto\/sikaguard-70\/#breadcrumb","itemListElement":[{"@type":"ListItem","position":1,"name":"Inicio","item":"https:\/\/obssoluciones.com\/main\/"},{"@type":"ListItem","position":2,"name":"Productos","item":"https:\/\/obssoluciones.com\/main\/productos\/"},{"@type":"ListItem","position":3,"name":"Sikaguard 70"}]},{"@type":"WebSite","@id":"https:\/\/obssoluciones.com\/main\/#website","url":"https:\/\/obssoluciones.com\/main\/","name":"OBS Soluciones","description":"","publisher":{"@id":"https:\/\/obssoluciones.com\/main\/#organization"},"potentialAction":[{"@type":"SearchAction","target":{"@type":"EntryPoint","urlTemplate":"https:\/\/obssoluciones.com\/main\/?s={search_term_string}"},"query-input":{"@type":"PropertyValueSpecification","valueRequired":true,"valueName":"search_term_string"}}],"inLanguage":"es"},{"@type":"Organization","@id":"https:\/\/obssoluciones.com\/main\/#organization","name":"OBS Soluciones","url":"https:\/\/obssoluciones.com\/main\/","logo":{"@type":"ImageObject","inLanguage":"es","@id":"https:\/\/obssoluciones.com\/main\/#\/schema\/logo\/image\/","url":"https:\/\/obssoluciones.com\/main\/wp-content\/uploads\/2024\/05\/OBS-Soluciones_logo2_1.png","contentUrl":"https:\/\/obssoluciones.com\/main\/wp-content\/uploads\/2024\/05\/OBS-Soluciones_logo2_1.png","width":256,"height":89,"caption":"OBS Soluciones"},"image":{"@id":"https:\/\/obssoluciones.com\/main\/#\/schema\/logo\/image\/"}}]}},"uagb_featured_image_src":{"full":["https:\/\/obssoluciones.com\/main\/wp-content\/uploads\/2024\/10\/Sikaguard-70.png",1200,1200,false],"thumbnail":["https:\/\/obssoluciones.com\/main\/wp-content\/uploads\/2024\/10\/Sikaguard-70-150x150.png",150,150,true],"medium":["https:\/\/obssoluciones.com\/main\/wp-content\/uploads\/2024\/10\/Sikaguard-70-300x300.png",300,300,true],"medium_large":["https:\/\/obssoluciones.com\/main\/wp-content\/uploads\/2024\/10\/Sikaguard-70-768x768.png",768,768,true],"large":["https:\/\/obssoluciones.com\/main\/wp-content\/uploads\/2024\/10\/Sikaguard-70-1024x1024.png",1024,1024,true],"1536x1536":["https:\/\/obssoluciones.com\/main\/wp-content\/uploads\/2024\/10\/Sikaguard-70.png",1200,1200,false],"2048x2048":["https:\/\/obssoluciones.com\/main\/wp-content\/uploads\/2024\/10\/Sikaguard-70.png",1200,1200,false],"woocommerce_thumbnail":["https:\/\/obssoluciones.com\/main\/wp-content\/uploads\/2024\/10\/Sikaguard-70-300x300.png",300,300,true],"woocommerce_single":["https:\/\/obssoluciones.com\/main\/wp-content\/uploads\/2024\/10\/Sikaguard-70-600x600.png",600,600,true],"woocommerce_gallery_thumbnail":["https:\/\/obssoluciones.com\/main\/wp-content\/uploads\/2024\/10\/Sikaguard-70-100x100.png",100,100,true]},"uagb_author_info":{"display_name":"Mercado Tecnia 2","author_link":"https:\/\/obssoluciones.com\/main\/author\/"},"uagb_comment_info":0,"uagb_excerpt":"Impermeabilizaci\u00f3n incolora basada en resina de silicona transportada en solvente, ofrece protecci\u00f3n impermeable contra la penetraci\u00f3n del agua de lluvia en fachadas o estructuras porosas expuestas a la intemperie, sin cambiar el aspecto original de las superficies.","_links":{"self":[{"href":"https:\/\/obssoluciones.com\/main\/wp-json\/wp\/v2\/product\/2214","targetHints":{"allow":["GET"]}}],"collection":[{"href":"https:\/\/obssoluciones.com\/main\/wp-json\/wp\/v2\/product"}],"about":[{"href":"https:\/\/obssoluciones.com\/main\/wp-json\/wp\/v2\/types\/product"}],"replies":[{"embeddable":true,"href":"https:\/\/obssoluciones.com\/main\/wp-json\/wp\/v2\/comments?post=2214"}],"wp:featuredmedia":[{"embeddable":true,"href":"https:\/\/obssoluciones.com\/main\/wp-json\/wp\/v2\/media\/2675"}],"wp:attachment":[{"href":"https:\/\/obssoluciones.com\/main\/wp-json\/wp\/v2\/media?parent=2214"}],"wp:term":[{"taxonomy":"product_brand","embeddable":true,"href":"https:\/\/obssoluciones.com\/main\/wp-json\/wp\/v2\/product_brand?post=2214"},{"taxonomy":"product_cat","embeddable":true,"href":"https:\/\/obssoluciones.com\/main\/wp-json\/wp\/v2\/product_cat?post=2214"},{"taxonomy":"product_tag","embeddable":true,"href":"https:\/\/obssoluciones.com\/main\/wp-json\/wp\/v2\/product_tag?post=2214"}],"curies":[{"name":"wp","href":"https:\/\/api.w.org\/{rel}","templated":true}]}}