{"id":1113,"date":"2024-05-28T19:04:12","date_gmt":"2024-05-29T01:04:12","guid":{"rendered":"http:\/\/138.128.188.138\/~obssoluciones\/?page_id=1113"},"modified":"2024-06-21T12:59:07","modified_gmt":"2024-06-21T18:59:07","slug":"patzcuaro","status":"publish","type":"page","link":"https:\/\/obssoluciones.com\/main\/patzcuaro\/","title":{"rendered":"P\u00e1tzcuaro"},"content":{"rendered":"\t\t<div data-elementor-type=\"wp-page\" data-elementor-id=\"1113\" class=\"elementor elementor-1113\" data-elementor-post-type=\"page\">\n\t\t\t\t<div class=\"elementor-element elementor-element-d90f905 e-flex e-con-boxed e-con e-parent\" data-id=\"d90f905\" data-element_type=\"container\" data-e-type=\"container\" data-settings=\"{&quot;background_background&quot;:&quot;classic&quot;}\">\n\t\t\t\t\t<div class=\"e-con-inner\">\n\t\t\t\t\t<\/div>\n\t\t\t\t<\/div>\n\t\t<div class=\"elementor-element elementor-element-2dcc391 e-flex e-con-boxed e-con e-parent\" data-id=\"2dcc391\" data-element_type=\"container\" data-e-type=\"container\">\n\t\t\t\t\t<div class=\"e-con-inner\">\n\t\t<div class=\"elementor-element elementor-element-e4b48f4 e-flex e-con-boxed e-con e-child\" data-id=\"e4b48f4\" data-element_type=\"container\" data-e-type=\"container\">\n\t\t\t\t\t<div class=\"e-con-inner\">\n\t\t\t\t<div class=\"elementor-element elementor-element-1e4ab3a elementor-widget elementor-widget-image\" data-id=\"1e4ab3a\" data-element_type=\"widget\" data-e-type=\"widget\" data-widget_type=\"image.default\">\n\t\t\t\t<div class=\"elementor-widget-container\">\n\t\t\t\t\t\t\t\t\t\t\t\t\t\t\t<img fetchpriority=\"high\" decoding=\"async\" width=\"1200\" height=\"1200\" src=\"https:\/\/obssoluciones.com\/main\/wp-content\/uploads\/2024\/05\/OBS-Soluciones_location_patzcuaro.jpg\" class=\"attachment-full size-full wp-image-1179\" alt=\"\" srcset=\"https:\/\/obssoluciones.com\/main\/wp-content\/uploads\/2024\/05\/OBS-Soluciones_location_patzcuaro.jpg 1200w, https:\/\/obssoluciones.com\/main\/wp-content\/uploads\/2024\/05\/OBS-Soluciones_location_patzcuaro-300x300.jpg 300w, https:\/\/obssoluciones.com\/main\/wp-content\/uploads\/2024\/05\/OBS-Soluciones_location_patzcuaro-1024x1024.jpg 1024w, https:\/\/obssoluciones.com\/main\/wp-content\/uploads\/2024\/05\/OBS-Soluciones_location_patzcuaro-150x150.jpg 150w, https:\/\/obssoluciones.com\/main\/wp-content\/uploads\/2024\/05\/OBS-Soluciones_location_patzcuaro-768x768.jpg 768w, https:\/\/obssoluciones.com\/main\/wp-content\/uploads\/2024\/05\/OBS-Soluciones_location_patzcuaro-600x600.jpg 600w, https:\/\/obssoluciones.com\/main\/wp-content\/uploads\/2024\/05\/OBS-Soluciones_location_patzcuaro-100x100.jpg 100w\" sizes=\"(max-width: 1200px) 100vw, 1200px\" \/>\t\t\t\t\t\t\t\t\t\t\t\t\t\t\t<\/div>\n\t\t\t\t<\/div>\n\t\t\t\t\t<\/div>\n\t\t\t\t<\/div>\n\t\t<div class=\"elementor-element elementor-element-48de1f6 e-con-full e-flex e-con e-child\" data-id=\"48de1f6\" data-element_type=\"container\" data-e-type=\"container\">\n\t\t\t\t<div class=\"elementor-element elementor-element-e4cb5f6 elementor-invisible elementor-widget elementor-widget-heading\" data-id=\"e4cb5f6\" data-element_type=\"widget\" data-e-type=\"widget\" data-settings=\"{&quot;_animation&quot;:&quot;fadeInLeft&quot;}\" data-widget_type=\"heading.default\">\n\t\t\t\t<div class=\"elementor-widget-container\">\n\t\t\t\t\t<h2 class=\"elementor-heading-title elementor-size-default\">OBS P\u00e1tzcuaro<\/h2>\t\t\t\t<\/div>\n\t\t\t\t<\/div>\n\t\t\t\t<div class=\"elementor-element elementor-element-2d2af70 elementor-align-start animated-slow elementor-icon-list--layout-traditional elementor-list-item-link-full_width elementor-invisible elementor-widget elementor-widget-icon-list\" data-id=\"2d2af70\" data-element_type=\"widget\" data-e-type=\"widget\" data-settings=\"{&quot;_animation&quot;:&quot;fadeIn&quot;}\" data-widget_type=\"icon-list.default\">\n\t\t\t\t<div class=\"elementor-widget-container\">\n\t\t\t\t\t\t\t<ul class=\"elementor-icon-list-items\">\n\t\t\t\t\t\t\t<li class=\"elementor-icon-list-item\">\n\t\t\t\t\t\t\t\t\t\t\t<a href=\"https:\/\/maps.app.goo.gl\/yLVgAZhd53Uk59ji9\" target=\"_blank\">\n\n\t\t\t\t\t\t\t\t\t\t\t\t<span class=\"elementor-icon-list-icon\">\n\t\t\t\t\t\t\t<svg aria-hidden=\"true\" class=\"e-font-icon-svg e-fas-map-marker-alt\" viewBox=\"0 0 384 512\" xmlns=\"http:\/\/www.w3.org\/2000\/svg\"><path d=\"M172.268 501.67C26.97 291.031 0 269.413 0 192 0 85.961 85.961 0 192 0s192 85.961 192 192c0 77.413-26.97 99.031-172.268 309.67-9.535 13.774-29.93 13.773-39.464 0zM192 272c44.183 0 80-35.817 80-80s-35.817-80-80-80-80 35.817-80 80 35.817 80 80 80z\"><\/path><\/svg>\t\t\t\t\t\t<\/span>\n\t\t\t\t\t\t\t\t\t\t<span class=\"elementor-icon-list-text\">Lib. Ignacio Zaragoza 178, Centro, 61608 P\u00e1tzcuaro, Mich.\t<\/span>\n\t\t\t\t\t\t\t\t\t\t\t<\/a>\n\t\t\t\t\t\t\t\t\t<\/li>\n\t\t\t\t\t\t\t\t<li class=\"elementor-icon-list-item\">\n\t\t\t\t\t\t\t\t\t\t\t<a href=\"mailto:patzcuaro@obssoluciones.com\" target=\"_blank\">\n\n\t\t\t\t\t\t\t\t\t\t\t\t<span class=\"elementor-icon-list-icon\">\n\t\t\t\t\t\t\t<svg aria-hidden=\"true\" class=\"e-font-icon-svg e-fas-envelope\" viewBox=\"0 0 512 512\" xmlns=\"http:\/\/www.w3.org\/2000\/svg\"><path d=\"M502.3 190.8c3.9-3.1 9.7-.2 9.7 4.7V400c0 26.5-21.5 48-48 48H48c-26.5 0-48-21.5-48-48V195.6c0-5 5.7-7.8 9.7-4.7 22.4 17.4 52.1 39.5 154.1 113.6 21.1 15.4 56.7 47.8 92.2 47.6 35.7.3 72-32.8 92.3-47.6 102-74.1 131.6-96.3 154-113.7zM256 320c23.2.4 56.6-29.2 73.4-41.4 132.7-96.3 142.8-104.7 173.4-128.7 5.8-4.5 9.2-11.5 9.2-18.9v-19c0-26.5-21.5-48-48-48H48C21.5 64 0 85.5 0 112v19c0 7.4 3.4 14.3 9.2 18.9 30.6 23.9 40.7 32.4 173.4 128.7 16.8 12.2 50.2 41.8 73.4 41.4z\"><\/path><\/svg>\t\t\t\t\t\t<\/span>\n\t\t\t\t\t\t\t\t\t\t<span class=\"elementor-icon-list-text\">patzcuaro@obssoluciones.com<\/span>\n\t\t\t\t\t\t\t\t\t\t\t<\/a>\n\t\t\t\t\t\t\t\t\t<\/li>\n\t\t\t\t\t\t\t\t<li class=\"elementor-icon-list-item\">\n\t\t\t\t\t\t\t\t\t\t\t<a href=\"tel:524345968310\">\n\n\t\t\t\t\t\t\t\t\t\t\t\t<span class=\"elementor-icon-list-icon\">\n\t\t\t\t\t\t\t<svg aria-hidden=\"true\" class=\"e-font-icon-svg e-fas-phone-alt\" viewBox=\"0 0 512 512\" xmlns=\"http:\/\/www.w3.org\/2000\/svg\"><path d=\"M497.39 361.8l-112-48a24 24 0 0 0-28 6.9l-49.6 60.6A370.66 370.66 0 0 1 130.6 204.11l60.6-49.6a23.94 23.94 0 0 0 6.9-28l-48-112A24.16 24.16 0 0 0 122.6.61l-104 24A24 24 0 0 0 0 48c0 256.5 207.9 464 464 464a24 24 0 0 0 23.4-18.6l24-104a24.29 24.29 0 0 0-14.01-27.6z\"><\/path><\/svg>\t\t\t\t\t\t<\/span>\n\t\t\t\t\t\t\t\t\t\t<span class=\"elementor-icon-list-text\">434 596 8310<\/span>\n\t\t\t\t\t\t\t\t\t\t\t<\/a>\n\t\t\t\t\t\t\t\t\t<\/li>\n\t\t\t\t\t\t\t\t<li class=\"elementor-icon-list-item\">\n\t\t\t\t\t\t\t\t\t\t\t<a href=\"https:\/\/api.whatsapp.com\/send\/?phone=%2B524341370048&#038;text&#038;type=phone_number&#038;app_absent=0\" target=\"_blank\">\n\n\t\t\t\t\t\t\t\t\t\t\t\t<span class=\"elementor-icon-list-icon\">\n\t\t\t\t\t\t\t<svg aria-hidden=\"true\" class=\"e-font-icon-svg e-fab-whatsapp\" viewBox=\"0 0 448 512\" xmlns=\"http:\/\/www.w3.org\/2000\/svg\"><path d=\"M380.9 97.1C339 55.1 283.2 32 223.9 32c-122.4 0-222 99.6-222 222 0 39.1 10.2 77.3 29.6 111L0 480l117.7-30.9c32.4 17.7 68.9 27 106.1 27h.1c122.3 0 224.1-99.6 224.1-222 0-59.3-25.2-115-67.1-157zm-157 341.6c-33.2 0-65.7-8.9-94-25.7l-6.7-4-69.8 18.3L72 359.2l-4.4-7c-18.5-29.4-28.2-63.3-28.2-98.2 0-101.7 82.8-184.5 184.6-184.5 49.3 0 95.6 19.2 130.4 54.1 34.8 34.9 56.2 81.2 56.1 130.5 0 101.8-84.9 184.6-186.6 184.6zm101.2-138.2c-5.5-2.8-32.8-16.2-37.9-18-5.1-1.9-8.8-2.8-12.5 2.8-3.7 5.6-14.3 18-17.6 21.8-3.2 3.7-6.5 4.2-12 1.4-32.6-16.3-54-29.1-75.5-66-5.7-9.8 5.7-9.1 16.3-30.3 1.8-3.7.9-6.9-.5-9.7-1.4-2.8-12.5-30.1-17.1-41.2-4.5-10.8-9.1-9.3-12.5-9.5-3.2-.2-6.9-.2-10.6-.2-3.7 0-9.7 1.4-14.8 6.9-5.1 5.6-19.4 19-19.4 46.3 0 27.3 19.9 53.7 22.6 57.4 2.8 3.7 39.1 59.7 94.8 83.8 35.2 15.2 49 16.5 66.6 13.9 10.7-1.6 32.8-13.4 37.4-26.4 4.6-13 4.6-24.1 3.2-26.4-1.3-2.5-5-3.9-10.5-6.6z\"><\/path><\/svg>\t\t\t\t\t\t<\/span>\n\t\t\t\t\t\t\t\t\t\t<span class=\"elementor-icon-list-text\">434 137 0048<\/span>\n\t\t\t\t\t\t\t\t\t\t\t<\/a>\n\t\t\t\t\t\t\t\t\t<\/li>\n\t\t\t\t\t\t<\/ul>\n\t\t\t\t\t\t<\/div>\n\t\t\t\t<\/div>\n\t\t\t\t<\/div>\n\t\t\t\t\t<\/div>\n\t\t\t\t<\/div>\n\t\t<div class=\"elementor-element elementor-element-7323fb5 e-flex e-con-boxed e-con e-parent\" data-id=\"7323fb5\" data-element_type=\"container\" data-e-type=\"container\">\n\t\t\t\t\t<div class=\"e-con-inner\">\n\t\t\t\t<div class=\"elementor-element elementor-element-7378b7f elementor-invisible elementor-widget elementor-widget-image\" data-id=\"7378b7f\" data-element_type=\"widget\" data-e-type=\"widget\" data-settings=\"{&quot;_animation&quot;:&quot;zoomIn&quot;}\" data-widget_type=\"image.default\">\n\t\t\t\t<div class=\"elementor-widget-container\">\n\t\t\t\t\t\t\t\t\t\t\t\t\t\t\t\t<a href=\"https:\/\/obssoluciones.com\/main\/sucursales\/\">\n\t\t\t\t\t\t\t<img decoding=\"async\" src=\"https:\/\/obssoluciones.com\/main\/wp-content\/uploads\/2024\/05\/OBS-Soluciones_divider_3.svg\" class=\"attachment-full size-full wp-image-875\" alt=\"\" \/>\t\t\t\t\t\t\t\t<\/a>\n\t\t\t\t\t\t\t\t\t\t\t\t\t\t\t<\/div>\n\t\t\t\t<\/div>\n\t\t\t\t\t<\/div>\n\t\t\t\t<\/div>\n\t\t\t\t<\/div>\n\t\t","protected":false},"excerpt":{"rendered":"<p>OBS P\u00e1tzcuaro Lib. Ignacio Zaragoza 178, Centro, 61608 P\u00e1tzcuaro, Mich. patzcuaro@obssoluciones.com 434 596 8310 434 137 0048<\/p>\n","protected":false},"author":1,"featured_media":0,"parent":0,"menu_order":0,"comment_status":"closed","ping_status":"closed","template":"","meta":{"_uag_custom_page_level_css":"","site-sidebar-layout":"no-sidebar","site-content-layout":"page-builder","ast-site-content-layout":"full-width-container","site-content-style":"default","site-sidebar-style":"default","ast-global-header-display":"","ast-banner-title-visibility":"","ast-main-header-display":"","ast-hfb-above-header-display":"","ast-hfb-below-header-display":"","ast-hfb-mobile-header-display":"","site-post-title":"disabled","ast-breadcrumbs-content":"","ast-featured-img":"disabled","footer-sml-layout":"","ast-disable-related-posts":"","theme-transparent-header-meta":"default","adv-header-id-meta":"","stick-header-meta":"","header-above-stick-meta":"","header-main-stick-meta":"","header-below-stick-meta":"","astra-migrate-meta-layouts":"set","ast-page-background-enabled":"default","ast-page-background-meta":{"desktop":{"background-color":"","background-image":"","background-repeat":"repeat","background-position":"center center","background-size":"auto","background-attachment":"scroll","background-type":"","background-media":"","overlay-type":"","overlay-color":"","overlay-opacity":"","overlay-gradient":""},"tablet":{"background-color":"","background-image":"","background-repeat":"repeat","background-position":"center center","background-size":"auto","background-attachment":"scroll","background-type":"","background-media":"","overlay-type":"","overlay-color":"","overlay-opacity":"","overlay-gradient":""},"mobile":{"background-color":"","background-image":"","background-repeat":"repeat","background-position":"center center","background-size":"auto","background-attachment":"scroll","background-type":"","background-media":"","overlay-type":"","overlay-color":"","overlay-opacity":"","overlay-gradient":""}},"ast-content-background-meta":{"desktop":{"background-color":"var(--ast-global-color-5)","background-image":"","background-repeat":"repeat","background-position":"center center","background-size":"auto","background-attachment":"scroll","background-type":"","background-media":"","overlay-type":"","overlay-color":"","overlay-opacity":"","overlay-gradient":""},"tablet":{"background-color":"var(--ast-global-color-5)","background-image":"","background-repeat":"repeat","background-position":"center center","background-size":"auto","background-attachment":"scroll","background-type":"","background-media":"","overlay-type":"","overlay-color":"","overlay-opacity":"","overlay-gradient":""},"mobile":{"background-color":"var(--ast-global-color-5)","background-image":"","background-repeat":"repeat","background-position":"center center","background-size":"auto","background-attachment":"scroll","background-type":"","background-media":"","overlay-type":"","overlay-color":"","overlay-opacity":"","overlay-gradient":""}},"footnotes":""},"class_list":["post-1113","page","type-page","status-publish","hentry"],"yoast_head":"<!-- This site is optimized with the Yoast SEO plugin v27.4 - https:\/\/yoast.com\/product\/yoast-seo-wordpress\/ -->\n<title>P\u00e1tzcuaro - OBS Soluciones<\/title>\n<meta name=\"robots\" content=\"index, follow, max-snippet:-1, max-image-preview:large, max-video-preview:-1\" \/>\n<link rel=\"canonical\" href=\"https:\/\/obssoluciones.com\/main\/patzcuaro\/\" \/>\n<meta property=\"og:locale\" content=\"es_MX\" \/>\n<meta property=\"og:type\" content=\"article\" \/>\n<meta property=\"og:title\" content=\"P\u00e1tzcuaro - OBS Soluciones\" \/>\n<meta property=\"og:description\" content=\"OBS P\u00e1tzcuaro Lib. Ignacio Zaragoza 178, Centro, 61608 P\u00e1tzcuaro, Mich. patzcuaro@obssoluciones.com 434 596 8310 434 137 0048\" \/>\n<meta property=\"og:url\" content=\"https:\/\/obssoluciones.com\/main\/patzcuaro\/\" \/>\n<meta property=\"og:site_name\" content=\"OBS Soluciones\" \/>\n<meta property=\"article:modified_time\" content=\"2024-06-21T18:59:07+00:00\" \/>\n<meta property=\"og:image\" content=\"https:\/\/obssoluciones.com\/main\/wp-content\/uploads\/2024\/05\/OBS-Soluciones_location_patzcuaro.jpg\" \/>\n<meta name=\"twitter:card\" content=\"summary_large_image\" \/>\n<meta name=\"twitter:label1\" content=\"Tiempo de lectura\" \/>\n\t<meta name=\"twitter:data1\" content=\"1 minuto\" \/>\n<script type=\"application\/ld+json\" class=\"yoast-schema-graph\">{\"@context\":\"https:\\\/\\\/schema.org\",\"@graph\":[{\"@type\":\"WebPage\",\"@id\":\"https:\\\/\\\/obssoluciones.com\\\/main\\\/patzcuaro\\\/\",\"url\":\"https:\\\/\\\/obssoluciones.com\\\/main\\\/patzcuaro\\\/\",\"name\":\"P\u00e1tzcuaro - OBS Soluciones\",\"isPartOf\":{\"@id\":\"https:\\\/\\\/obssoluciones.com\\\/main\\\/#website\"},\"primaryImageOfPage\":{\"@id\":\"https:\\\/\\\/obssoluciones.com\\\/main\\\/patzcuaro\\\/#primaryimage\"},\"image\":{\"@id\":\"https:\\\/\\\/obssoluciones.com\\\/main\\\/patzcuaro\\\/#primaryimage\"},\"thumbnailUrl\":\"https:\\\/\\\/obssoluciones.com\\\/main\\\/wp-content\\\/uploads\\\/2024\\\/05\\\/OBS-Soluciones_location_patzcuaro.jpg\",\"datePublished\":\"2024-05-29T01:04:12+00:00\",\"dateModified\":\"2024-06-21T18:59:07+00:00\",\"breadcrumb\":{\"@id\":\"https:\\\/\\\/obssoluciones.com\\\/main\\\/patzcuaro\\\/#breadcrumb\"},\"inLanguage\":\"es\",\"potentialAction\":[{\"@type\":\"ReadAction\",\"target\":[\"https:\\\/\\\/obssoluciones.com\\\/main\\\/patzcuaro\\\/\"]}]},{\"@type\":\"ImageObject\",\"inLanguage\":\"es\",\"@id\":\"https:\\\/\\\/obssoluciones.com\\\/main\\\/patzcuaro\\\/#primaryimage\",\"url\":\"https:\\\/\\\/obssoluciones.com\\\/main\\\/wp-content\\\/uploads\\\/2024\\\/05\\\/OBS-Soluciones_location_patzcuaro.jpg\",\"contentUrl\":\"https:\\\/\\\/obssoluciones.com\\\/main\\\/wp-content\\\/uploads\\\/2024\\\/05\\\/OBS-Soluciones_location_patzcuaro.jpg\",\"width\":1200,\"height\":1200},{\"@type\":\"BreadcrumbList\",\"@id\":\"https:\\\/\\\/obssoluciones.com\\\/main\\\/patzcuaro\\\/#breadcrumb\",\"itemListElement\":[{\"@type\":\"ListItem\",\"position\":1,\"name\":\"Inicio\",\"item\":\"https:\\\/\\\/obssoluciones.com\\\/main\\\/\"},{\"@type\":\"ListItem\",\"position\":2,\"name\":\"P\u00e1tzcuaro\"}]},{\"@type\":\"WebSite\",\"@id\":\"https:\\\/\\\/obssoluciones.com\\\/main\\\/#website\",\"url\":\"https:\\\/\\\/obssoluciones.com\\\/main\\\/\",\"name\":\"OBS Soluciones\",\"description\":\"\",\"publisher\":{\"@id\":\"https:\\\/\\\/obssoluciones.com\\\/main\\\/#organization\"},\"potentialAction\":[{\"@type\":\"SearchAction\",\"target\":{\"@type\":\"EntryPoint\",\"urlTemplate\":\"https:\\\/\\\/obssoluciones.com\\\/main\\\/?s={search_term_string}\"},\"query-input\":{\"@type\":\"PropertyValueSpecification\",\"valueRequired\":true,\"valueName\":\"search_term_string\"}}],\"inLanguage\":\"es\"},{\"@type\":\"Organization\",\"@id\":\"https:\\\/\\\/obssoluciones.com\\\/main\\\/#organization\",\"name\":\"OBS Soluciones\",\"url\":\"https:\\\/\\\/obssoluciones.com\\\/main\\\/\",\"logo\":{\"@type\":\"ImageObject\",\"inLanguage\":\"es\",\"@id\":\"https:\\\/\\\/obssoluciones.com\\\/main\\\/#\\\/schema\\\/logo\\\/image\\\/\",\"url\":\"https:\\\/\\\/obssoluciones.com\\\/main\\\/wp-content\\\/uploads\\\/2024\\\/05\\\/OBS-Soluciones_logo2_1.png\",\"contentUrl\":\"https:\\\/\\\/obssoluciones.com\\\/main\\\/wp-content\\\/uploads\\\/2024\\\/05\\\/OBS-Soluciones_logo2_1.png\",\"width\":256,\"height\":89,\"caption\":\"OBS Soluciones\"},\"image\":{\"@id\":\"https:\\\/\\\/obssoluciones.com\\\/main\\\/#\\\/schema\\\/logo\\\/image\\\/\"}}]}<\/script>\n<!-- \/ Yoast SEO plugin. -->","yoast_head_json":{"title":"P\u00e1tzcuaro - OBS Soluciones","robots":{"index":"index","follow":"follow","max-snippet":"max-snippet:-1","max-image-preview":"max-image-preview:large","max-video-preview":"max-video-preview:-1"},"canonical":"https:\/\/obssoluciones.com\/main\/patzcuaro\/","og_locale":"es_MX","og_type":"article","og_title":"P\u00e1tzcuaro - OBS Soluciones","og_description":"OBS P\u00e1tzcuaro Lib. Ignacio Zaragoza 178, Centro, 61608 P\u00e1tzcuaro, Mich. patzcuaro@obssoluciones.com 434 596 8310 434 137 0048","og_url":"https:\/\/obssoluciones.com\/main\/patzcuaro\/","og_site_name":"OBS Soluciones","article_modified_time":"2024-06-21T18:59:07+00:00","og_image":[{"url":"https:\/\/obssoluciones.com\/main\/wp-content\/uploads\/2024\/05\/OBS-Soluciones_location_patzcuaro.jpg","type":"","width":"","height":""}],"twitter_card":"summary_large_image","twitter_misc":{"Tiempo de lectura":"1 minuto"},"schema":{"@context":"https:\/\/schema.org","@graph":[{"@type":"WebPage","@id":"https:\/\/obssoluciones.com\/main\/patzcuaro\/","url":"https:\/\/obssoluciones.com\/main\/patzcuaro\/","name":"P\u00e1tzcuaro - OBS Soluciones","isPartOf":{"@id":"https:\/\/obssoluciones.com\/main\/#website"},"primaryImageOfPage":{"@id":"https:\/\/obssoluciones.com\/main\/patzcuaro\/#primaryimage"},"image":{"@id":"https:\/\/obssoluciones.com\/main\/patzcuaro\/#primaryimage"},"thumbnailUrl":"https:\/\/obssoluciones.com\/main\/wp-content\/uploads\/2024\/05\/OBS-Soluciones_location_patzcuaro.jpg","datePublished":"2024-05-29T01:04:12+00:00","dateModified":"2024-06-21T18:59:07+00:00","breadcrumb":{"@id":"https:\/\/obssoluciones.com\/main\/patzcuaro\/#breadcrumb"},"inLanguage":"es","potentialAction":[{"@type":"ReadAction","target":["https:\/\/obssoluciones.com\/main\/patzcuaro\/"]}]},{"@type":"ImageObject","inLanguage":"es","@id":"https:\/\/obssoluciones.com\/main\/patzcuaro\/#primaryimage","url":"https:\/\/obssoluciones.com\/main\/wp-content\/uploads\/2024\/05\/OBS-Soluciones_location_patzcuaro.jpg","contentUrl":"https:\/\/obssoluciones.com\/main\/wp-content\/uploads\/2024\/05\/OBS-Soluciones_location_patzcuaro.jpg","width":1200,"height":1200},{"@type":"BreadcrumbList","@id":"https:\/\/obssoluciones.com\/main\/patzcuaro\/#breadcrumb","itemListElement":[{"@type":"ListItem","position":1,"name":"Inicio","item":"https:\/\/obssoluciones.com\/main\/"},{"@type":"ListItem","position":2,"name":"P\u00e1tzcuaro"}]},{"@type":"WebSite","@id":"https:\/\/obssoluciones.com\/main\/#website","url":"https:\/\/obssoluciones.com\/main\/","name":"OBS Soluciones","description":"","publisher":{"@id":"https:\/\/obssoluciones.com\/main\/#organization"},"potentialAction":[{"@type":"SearchAction","target":{"@type":"EntryPoint","urlTemplate":"https:\/\/obssoluciones.com\/main\/?s={search_term_string}"},"query-input":{"@type":"PropertyValueSpecification","valueRequired":true,"valueName":"search_term_string"}}],"inLanguage":"es"},{"@type":"Organization","@id":"https:\/\/obssoluciones.com\/main\/#organization","name":"OBS Soluciones","url":"https:\/\/obssoluciones.com\/main\/","logo":{"@type":"ImageObject","inLanguage":"es","@id":"https:\/\/obssoluciones.com\/main\/#\/schema\/logo\/image\/","url":"https:\/\/obssoluciones.com\/main\/wp-content\/uploads\/2024\/05\/OBS-Soluciones_logo2_1.png","contentUrl":"https:\/\/obssoluciones.com\/main\/wp-content\/uploads\/2024\/05\/OBS-Soluciones_logo2_1.png","width":256,"height":89,"caption":"OBS Soluciones"},"image":{"@id":"https:\/\/obssoluciones.com\/main\/#\/schema\/logo\/image\/"}}]}},"uagb_featured_image_src":{"full":false,"thumbnail":false,"medium":false,"medium_large":false,"large":false,"1536x1536":false,"2048x2048":false,"woocommerce_thumbnail":false,"woocommerce_single":false,"woocommerce_gallery_thumbnail":false},"uagb_author_info":{"display_name":"admin","author_link":"https:\/\/obssoluciones.com\/main\/author\/4ajjxqxz\/"},"uagb_comment_info":0,"uagb_excerpt":"OBS P\u00e1tzcuaro Lib. Ignacio Zaragoza 178, Centro, 61608 P\u00e1tzcuaro, Mich. patzcuaro@obssoluciones.com 434 596 8310 434 137 0048","_links":{"self":[{"href":"https:\/\/obssoluciones.com\/main\/wp-json\/wp\/v2\/pages\/1113","targetHints":{"allow":["GET"]}}],"collection":[{"href":"https:\/\/obssoluciones.com\/main\/wp-json\/wp\/v2\/pages"}],"about":[{"href":"https:\/\/obssoluciones.com\/main\/wp-json\/wp\/v2\/types\/page"}],"author":[{"embeddable":true,"href":"https:\/\/obssoluciones.com\/main\/wp-json\/wp\/v2\/users\/1"}],"replies":[{"embeddable":true,"href":"https:\/\/obssoluciones.com\/main\/wp-json\/wp\/v2\/comments?post=1113"}],"version-history":[{"count":10,"href":"https:\/\/obssoluciones.com\/main\/wp-json\/wp\/v2\/pages\/1113\/revisions"}],"predecessor-version":[{"id":1488,"href":"https:\/\/obssoluciones.com\/main\/wp-json\/wp\/v2\/pages\/1113\/revisions\/1488"}],"wp:attachment":[{"href":"https:\/\/obssoluciones.com\/main\/wp-json\/wp\/v2\/media?parent=1113"}],"curies":[{"name":"wp","href":"https:\/\/api.w.org\/{rel}","templated":true}]}}